{"id":73858,"date":"2025-07-29T09:45:18","date_gmt":"2025-07-29T09:45:18","guid":{"rendered":"https:\/\/fv6qoy3ls0.wpdns.site\/product\/sirui-kit-venus-t2-9-1-6x-35mm75mm150mm-sony-e\/"},"modified":"2026-01-30T09:50:08","modified_gmt":"2026-01-30T09:50:08","slug":"sirui-kit-venus-t2-9-1-6x-35mm75mm150mm-sony-e","status":"publish","type":"product","link":"https:\/\/hi-techwonder.com\/es\/producto\/sirui-kit-venus-t2-9-1-6x-35mm75mm150mm-sony-e\/","title":{"rendered":"SIRUI Kit Venus T2.9 1.6x 35mm+75mm+150mm &#8211; Sony E"},"content":{"rendered":"<h3>SIRUI Kit Venus T2.9 1.6x 35mm+75mm+150mm &#8211; Sony E<\/h3>\n<ul>\n<li>Lentes T2.9 de 35, 75 y 150 mm<\/li>\n<li>Para sensores de fotograma completo<\/li>\n<li>Relaci\u00f3n anam\u00f3rfica de 1,6x<\/li>\n<li>Incluye estuche r\u00edgido<\/li>\n<\/ul>\n<p>Consigue un tr\u00edo de anam\u00f3rficos de gran angular a teleobjetivo para tu c\u00e1mara Sony E con el kit de objetivos anam\u00f3rficos de fotograma completo Venus T2.9 1.6x de Sirui. Este kit incluye los objetivos de distancia focal fija de 35, 75 y 150 mm 1,6x para c\u00e1maras con sensor de fotograma completo. Tambi\u00e9n incluye un estuche r\u00edgido.  &nbsp;<\/p>\n<h4>El kit incluye:<\/h4>\n<ul>\n<li><a href=\"https:\/\/hi-techwonder.com\/sirui-35mm-t2_9-full-frame-anamorfica-1_6x---sony-e\">SIRUI 35mm T2.9 Fotograma completo anam\u00f3rfico 1.6x &#8211; Sony E<\/a><\/li>\n<li><a href=\"https:\/\/hi-techwonder.com\/sirui-75mm-t2_9-full-frame-anamorfica-1_6x---sony-e\">SIRUI 75mm T2.9 Fotograma completo anam\u00f3rfico 1.6x &#8211; Sony E<\/a><\/li>\n<li><a href=\"https:\/\/hi-techwonder.com\/sirui-150mm-t2_9-full-frame-anamorfica-1_6x---sony-e\">SIRUI 150mm T2.9 Fotograma completo anam\u00f3rfico 1.6x &#8211; Sony E<\/a><\/li>\n<li>Estuche r\u00edgido<\/li>\n<\/ul>\n<p><img loading=\"lazy\" decoding=\"async\" src=\"https:\/\/store.sirui.com\/cdn\/shop\/products\/35_50_100.png?v=1695711801&amp;width=1214\" alt=\"\" width=\"600\" height=\"357\"><\/p>\n","protected":false},"excerpt":{"rendered":"<p>SIRUI Kit Venus T2.9 1.6x 35mm+75mm+150mm &#8211; Sony E Lentes T2.9 de 35, 75 y 150 mm Para sensores de<\/p>\n","protected":false},"featured_media":53592,"comment_status":"closed","ping_status":"closed","template":"","meta":{"_acf_changed":false},"product_brand":[2597],"product_cat":[1042],"product_tag":[],"class_list":{"0":"post-73858","1":"product","2":"type-product","3":"status-publish","4":"has-post-thumbnail","6":"product_brand-sirui-es","7":"product_cat-cine","8":"pa_abertura-maxima-t2-9-es","10":"first","11":"onbackorder","12":"taxable","13":"shipping-taxable","14":"purchasable","15":"product-type-simple"},"bundled_by":[],"bundle_stock_status":"onbackorder","bundle_stock_quantity":null,"bundle_virtual":false,"bundle_layout":"","bundle_add_to_cart_form_location":"","bundle_editable_in_cart":false,"bundle_sold_individually_context":"","bundle_item_grouping":"","bundle_min_size":"","bundle_max_size":"","bundle_price":[],"bundled_items":[],"bundle_sell_ids":[],"acf":[],"_links":{"self":[{"href":"https:\/\/hi-techwonder.com\/es\/wp-json\/wp\/v2\/product\/73858","targetHints":{"allow":["GET"]}}],"collection":[{"href":"https:\/\/hi-techwonder.com\/es\/wp-json\/wp\/v2\/product"}],"about":[{"href":"https:\/\/hi-techwonder.com\/es\/wp-json\/wp\/v2\/types\/product"}],"replies":[{"embeddable":true,"href":"https:\/\/hi-techwonder.com\/es\/wp-json\/wp\/v2\/comments?post=73858"}],"wp:featuredmedia":[{"embeddable":true,"href":"https:\/\/hi-techwonder.com\/es\/wp-json\/wp\/v2\/media\/53592"}],"wp:attachment":[{"href":"https:\/\/hi-techwonder.com\/es\/wp-json\/wp\/v2\/media?parent=73858"}],"wp:term":[{"taxonomy":"product_brand","embeddable":true,"href":"https:\/\/hi-techwonder.com\/es\/wp-json\/wp\/v2\/product_brand?post=73858"},{"taxonomy":"product_cat","embeddable":true,"href":"https:\/\/hi-techwonder.com\/es\/wp-json\/wp\/v2\/product_cat?post=73858"},{"taxonomy":"product_tag","embeddable":true,"href":"https:\/\/hi-techwonder.com\/es\/wp-json\/wp\/v2\/product_tag?post=73858"}],"curies":[{"name":"wp","href":"https:\/\/api.w.org\/{rel}","templated":true}]}}