{"id":73862,"date":"2025-07-29T10:28:05","date_gmt":"2025-07-29T10:28:05","guid":{"rendered":"https:\/\/fv6qoy3ls0.wpdns.site\/product\/ventosa-sirui-ma-sc-brazo-magico-soporte-para-smartphone\/"},"modified":"2026-01-31T01:34:03","modified_gmt":"2026-01-31T01:34:03","slug":"sirui-ventosa-sirui-ma-sc-brazo-magico-soporte-para-smartphone","status":"publish","type":"product","link":"https:\/\/hi-techwonder.com\/es\/producto\/sirui-ventosa-sirui-ma-sc-brazo-magico-soporte-para-smartphone\/","title":{"rendered":"Ventosa SIRUI MA-SC + Brazo m\u00e1gico + Soporte para smartphone"},"content":{"rendered":"<p><strong>SIRUI &#8211; MA-SC Alien Series &#8211; Kit de montaje con ventosa<\/strong><\/p>\n<p><strong>Funciones:<\/strong><\/p>\n<ul>\n<li>Se adapta a dispositivos de 5.842 cm a 9.398 cm \/ 2.3\u00bb a 3.\u00bb de ancho<\/li>\n<li>Soporta hasta 1,501 kg \/ 3.31 lbs<\/li>\n<li>Incluye soporte de ventosa<\/li>\n<li>Incluye abrazadera para smartphone<\/li>\n<li>Incluye brazo m\u00e1gico articulado<\/li>\n<li>7 x 1\/4&#8243;-20 agujeros<\/li>\n<li>1 x tornillo de 1\/4&#8243;-20<\/li>\n<li>Suiza con sede en Accra<\/li>\n<li>Rotaci\u00f3n de 360\u00b0<\/li>\n<li>Almohadillas de goma antideslizantes<\/li>\n<\/ul>\n<p><strong>Contenido del paquete:<\/strong><\/p>\n<ul>\n<li>Ventosa<\/li>\n<li>Brazo M\u00e1gico Articulado<\/li>\n<li>Soporte para smartphone<\/li>\n<\/ul>\n<p><img loading=\"lazy\" decoding=\"async\" src=\"https:\/\/cdn.shopifycdn.net\/s\/files\/1\/0449\/9344\/6037\/files\/ma-sc_01.jpg?v=1689751176\" width=\"400\" height=\"400\" alt=\"\">&nbsp;&nbsp;<img loading=\"lazy\" decoding=\"async\" src=\"https:\/\/cdn.shopifycdn.net\/s\/files\/1\/0449\/9344\/6037\/files\/ma-sc_02.jpg?v=1689751176\" width=\"400\" height=\"400\" alt=\"\"> &nbsp;<\/p>\n<p style=\"text-align: justify\">El kit de montaje de ventosas de la serie Alien de Sirui incluye un soporte de ventosa, una abrazadera para tel\u00e9fono inteligente y un brazo m\u00e1gico articulado. Construido con caucho de nitrilo resistente a la temperatura, el soporte de ventosa se adhiere a la mayor\u00eda de las superficies planas utilizando una bomba de aire de vac\u00edo y puede soportar hasta 1.501 kg. Tambi\u00e9n cuenta con cuatro orificios roscados de 1\/4&#8243;-20 para sujetar accesorios, como una luz o un micr\u00f3fono. La abrazadera para tel\u00e9fonos inteligentes se adapta a dispositivos de 5.842 cm a 9.398 cm de ancho y cuenta con una base Arca-Swiss que se puede unir a un tr\u00edpode, adem\u00e1s de tres orificios roscados adicionales de 1\/4 \u00ab-20, que tambi\u00e9n se pueden usar ?? para colocar accesorios. Estos cables de 1\/4&#8243;-20 tambi\u00e9n se pueden usar ?? para fijar la abrazadera del smartphone al tornillo roscado de 1\/4\u00bb-20 del brazo articulado Tambi\u00e9n cuenta con una rotaci\u00f3n de 360\u00b0.<\/p>\n<p style=\"text-align: center\">Inflaci\u00f3n&nbsp; &nbsp; &nbsp; &nbsp; &nbsp; &nbsp; &nbsp; &nbsp; &nbsp; &nbsp; &nbsp; &nbsp;<br \/>\n\/&nbsp; &nbsp; &nbsp; &nbsp; &nbsp; &nbsp; &nbsp; &nbsp; &nbsp; &nbsp; &nbsp; &nbsp;Deflaci\u00f3n<\/p>\n<p><img loading=\"lazy\" decoding=\"async\" style=\"display: block;margin-left: auto;margin-right: auto\" src=\"https:\/\/cdn.shopifycdn.net\/s\/files\/1\/0449\/9344\/6037\/files\/ma-sc_07.jpg?v=1689751265\" width=\"985\" height=\"316\" alt=\"\"><\/p>\n<p style=\"text-align: justify\"><strong>Fuerte fuerza de succi\u00f3n<\/strong><\/p>\n<ul>\n<li style=\"text-align: justify\">Exprima el aire empujando la v\u00e1lvula de inflado para aumentar su fuerza de succi\u00f3n sin arruinar la superficie en la que se encuentra. La ventosa es resistente a la abrasi\u00f3n y su construcci\u00f3n de caucho de nitrilo puede soportar temperaturas que oscilan entre -20 \u00b0C y 100 \u00b0C. <\/li>\n<\/ul>\n<p style=\"text-align: justify\"><strong>Inflaci\u00f3n<\/strong><\/p>\n<p style=\"text-align: justify\">Presione la ventosa firmemente sobre una superficie lisa. Empuje continuamente la v\u00e1lvula de llenado hasta que la l\u00ednea blanca entre en la bomba. Para liberar la ventosa de la superficie sobre la que est\u00e1 montada, presione los bloques de desinflado a ambos lados del soporte.  <\/p>\n<p style=\"text-align: center\"><strong>Importante<\/strong><\/p>\n<ul>\n<li style=\"text-align: justify\">Aseg\u00farese de que la superficie sea plana, limpia y estable, y que el soporte de la ventosa est\u00e9 intacto y limpio<\/li>\n<li style=\"text-align: justify\">Aseg\u00farese de que la l\u00ednea blanca llegue hasta el fondo de la bomba<\/li>\n<li style=\"text-align: justify\">Cuando lo use en situaciones est\u00e1ticas, verifique si la l\u00ednea blanca todav\u00eda est\u00e1 en la bomba cada 4 horas<\/li>\n<li style=\"text-align: justify\">Al disparar mientras conduce, especialmente cuando est\u00e1 montado en el exterior de su autom\u00f3vil, Sirui recomienda una carga m\u00e1xima de 0,498 kg., as\u00ed como el uso de una cuerda de seguridad. Adem\u00e1s, verifique si la l\u00ednea blanca todav\u00eda est\u00e1 en la bomba cada 2 horas<\/li>\n<\/ul>\n<p style=\"text-align: justify\"><strong>Ajuste flexible de 360\u00b0<\/strong><\/p>\n<ul>\n<li style=\"text-align: justify\">Dos cabezales de bola est\u00e1n dise\u00f1ados para ajustes de \u00e1ngulo flexibles y se pueden bloquear con un bot\u00f3n.<\/li>\n<\/ul>\n<p style=\"text-align: justify\"><strong>M\u00faltiples puntos de montaje<\/strong><\/p>\n<ul>\n<li style=\"text-align: justify\">Hay cuatro orificios roscados de 1\/4&#8243;-20 en el soporte de la ventosa y un tornillo de 1\/4&#8243;-20 en la parte superior del brazo m\u00e1gico con bisagras, por lo que se pueden conectar m\u00faltiples accesorios.<\/li>\n<\/ul>\n<p style=\"text-align: justify\"><strong>Incluye abrazadera para smartphone<\/strong><\/p>\n<ul>\n<li style=\"text-align: justify\">La abrazadera para smartphone incluida se puede girar cuando sea necesario aliviarla o apretarla. Es compatible con tel\u00e9fonos inteligentes con un ancho de 5.842 cm a 9.398 cm. Para usar con tr\u00edpodes.  <\/li>\n<\/ul>\n<p style=\"text-align: justify\"><strong>Uso multiescena<\/strong><\/p>\n<ul>\n<li style=\"text-align: justify\">Monte su tel\u00e9fono inteligente en su autom\u00f3vil, superficie de vidrio, mesa y la mayor\u00eda de las otras superficies planas.<\/li>\n<\/ul>\n<p style=\"text-align: justify\"><strong>Caracter\u00edsticas t\u00e9cnicas:<\/strong><\/p>\n<div class=\"group_fDXOr6EpR9\" style=\"margin-bottom: 2.1875rem;font-family: OpenSans, 'Segoe UI', Helvetica, Roboto, Arial, sans-serif;font-size: 16px;background-color: #ffffff\">\n<div class=\"name_fDXOr6EpR9 firstGroupInItem_fDXOr6EpR9\" style=\"border-bottom: 0.125rem solid #cccccc;color: #3f9a59;font-size: 2rem;line-height: 2rem;padding: 0px 0px 0.875rem\" data-selenium=\"specsItemGroupName\"><strong>General<\/strong><\/div>\n<table class=\"table_fDXOr6EpR9\" style=\"width: 936.656px\" data-selenium=\"specsItemGroupTable\">\n<tbody>\n<tr class=\"pair_fDXOr6EpR9\" style=\"border-bottom: 0.0625rem solid #e5e5e5\" data-selenium=\"specsItemGroupTableRow\">\n<td class=\"label_fDXOr6EpR9 \" style=\"border-top: none;padding: 1.25rem 0px;width: 355.922px;color: #666666;font-size: 1.125rem;line-height: 1.375rem;vertical-align: baseline\" data-selenium=\"specsItemGroupTableColumnLabel\">Compatibilidad<\/td>\n<td class=\"value_fDXOr6EpR9 \" style=\"color: #666666;font-size: 1.125rem;line-height: 1.375rem;vertical-align: baseline;padding: 1.25rem 0px 1.25rem 2.5rem\" data-selenium=\"specsItemGroupTableColumnValue\"><span style=\"vertical-align: inherit\"><span style=\"vertical-align: inherit\">Universal<\/span><\/span><\/td>\n<\/tr>\n<\/tbody>\n<\/table>\n<\/div>\n<div class=\"group_fDXOr6EpR9\" style=\"margin-bottom: 2.1875rem;font-family: OpenSans, 'Segoe UI', Helvetica, Roboto, Arial, sans-serif;font-size: 16px;background-color: #ffffff\">\n<div class=\"name_fDXOr6EpR9\" style=\"border-bottom: 0.125rem solid #cccccc;color: #3f9a59;font-size: 2rem;line-height: 2rem;padding: 1rem 0px 0.875rem\" data-selenium=\"specsItemGroupName\"><strong>Medioambiental<\/strong><\/div>\n<table class=\"table_fDXOr6EpR9\" style=\"width: 936.656px\" data-selenium=\"specsItemGroupTable\">\n<tbody>\n<tr class=\"pair_fDXOr6EpR9\" style=\"border-bottom: 0.0625rem solid #e5e5e5\" data-selenium=\"specsItemGroupTableRow\">\n<td class=\"label_fDXOr6EpR9 \" style=\"border-top: none;padding: 1.25rem 0px;width: 355.922px;color: #666666;font-size: 1.125rem;line-height: 1.375rem;vertical-align: baseline\" data-selenium=\"specsItemGroupTableColumnLabel\">Temperatura de funcionamiento<\/td>\n<td class=\"value_fDXOr6EpR9 \" style=\"color: #666666;font-size: 1.125rem;line-height: 1.375rem;vertical-align: baseline;padding: 1.25rem 0px 1.25rem 2.5rem\" data-selenium=\"specsItemGroupTableColumnValue\">De -20 a 100 \u00b0C<\/td>\n<\/tr>\n<\/tbody>\n<\/table>\n<\/div>\n<div class=\"group_fDXOr6EpR9\" style=\"margin-bottom: 2.1875rem;font-family: OpenSans, 'Segoe UI', Helvetica, Roboto, Arial, sans-serif;font-size: 16px;background-color: #ffffff\">\n<div class=\"name_fDXOr6EpR9\" style=\"border-bottom: 0.125rem solid #cccccc;color: #3f9a59;font-size: 2rem;line-height: 2rem;padding: 1rem 0px 0.875rem\" data-selenium=\"specsItemGroupName\"><strong>F\u00edsico<\/strong><\/div>\n<table class=\"table_fDXOr6EpR9\" style=\"width: 936.656px\" data-selenium=\"specsItemGroupTable\">\n<tbody>\n<tr class=\"pair_fDXOr6EpR9\" style=\"border-bottom: 0.0625rem solid #e5e5e5\" data-selenium=\"specsItemGroupTableRow\">\n<td class=\"label_fDXOr6EpR9 \" style=\"border-top: none;padding: 1.25rem 0px;width: 355.922px;color: #666666;font-size: 1.125rem;line-height: 1.375rem;vertical-align: baseline\" data-selenium=\"specsItemGroupTableColumnLabel\">Montura<\/td>\n<td class=\"value_fDXOr6EpR9 \" style=\"color: #666666;font-size: 1.125rem;line-height: 1.375rem;vertical-align: baseline;padding: 1.25rem 0px 1.25rem 2.5rem\" data-selenium=\"specsItemGroupTableColumnValue\"><span style=\"vertical-align: inherit\"><span style=\"vertical-align: inherit\">7 x 1\/4&#8243;-20 orificios roscados<\/span><br \/><span style=\"vertical-align: inherit\">1 x tornillos de 1\/4&#8243;-20<\/span><br \/><span style=\"vertical-align: inherit\">1 x Base Arca-Swiss<\/span><\/span><\/td>\n<\/tr>\n<tr class=\"pair_fDXOr6EpR9\" style=\"border-bottom: 0.0625rem solid #e5e5e5\" data-selenium=\"specsItemGroupTableRow\">\n<td class=\"label_fDXOr6EpR9\" style=\"border-top: none;padding: 1.25rem 0px;width: 355.922px;color: #666666;font-size: 1.125rem;line-height: 1.375rem;vertical-align: baseline\" data-selenium=\"specsItemGroupTableColumnLabel\">Capacidad de carga<\/td>\n<td class=\"value_fDXOr6EpR9\" style=\"color: #666666;font-size: 1.125rem;line-height: 1.375rem;vertical-align: baseline;padding: 1.25rem 0px 1.25rem 2.5rem\" data-selenium=\"specsItemGroupTableColumnValue\">1,5 kg<\/td>\n<\/tr>\n<tr class=\"pair_fDXOr6EpR9\" style=\"border-bottom: 0.0625rem solid #e5e5e5\" data-selenium=\"specsItemGroupTableRow\">\n<td class=\"label_fDXOr6EpR9\" style=\"border-top: none;padding: 1.25rem 0px;width: 355.922px;color: #666666;font-size: 1.125rem;line-height: 1.375rem;vertical-align: baseline\" data-selenium=\"specsItemGroupTableColumnLabel\">Color<\/td>\n<td class=\"value_fDXOr6EpR9\" style=\"color: #666666;font-size: 1.125rem;line-height: 1.375rem;vertical-align: baseline;padding: 1.25rem 0px 1.25rem 2.5rem\" data-selenium=\"specsItemGroupTableColumnValue\">Negro<\/td>\n<\/tr>\n<tr class=\"pair_fDXOr6EpR9\" style=\"border-bottom: 0.0625rem solid #e5e5e5\" data-selenium=\"specsItemGroupTableRow\">\n<td class=\"label_fDXOr6EpR9\" style=\"border-top: none;padding: 1.25rem 0px;width: 355.922px;color: #666666;font-size: 1.125rem;line-height: 1.375rem;vertical-align: baseline\" data-selenium=\"specsItemGroupTableColumnLabel\">Material<\/td>\n<p> de construcci\u00f3n<\/p>\n<td class=\"value_fDXOr6EpR9\" style=\"color: #666666;font-size: 1.125rem;line-height: 1.375rem;vertical-align: baseline;padding: 1.25rem 0px 1.25rem 2.5rem\" data-selenium=\"specsItemGroupTableColumnValue\">Aleaci\u00f3n de aluminio, pl\u00e1stico, silicona<\/td>\n<\/tr>\n<tr class=\"pair_fDXOr6EpR9\" style=\"border-bottom: 0.0625rem solid #e5e5e5\" data-selenium=\"specsItemGroupTableRow\">\n<td class=\"label_fDXOr6EpR9\" style=\"border-top: none;padding: 1.25rem 0px;width: 355.922px;color: #666666;font-size: 1.125rem;line-height: 1.375rem;vertical-align: baseline\" data-selenium=\"specsItemGroupTableColumnLabel\">Dimensiones<\/td>\n<td class=\"value_fDXOr6EpR9\" style=\"color: #666666;font-size: 1.125rem;line-height: 1.375rem;vertical-align: baseline;padding: 1.25rem 0px 1.25rem 2.5rem\" data-selenium=\"specsItemGroupTableColumnValue\">129,5 x 91,4 x 91,4 mm<\/td>\n<\/tr>\n<tr class=\"pair_fDXOr6EpR9\" style=\"border-bottom: 0.0625rem solid #e5e5e5\" data-selenium=\"specsItemGroupTableRow\">\n<td class=\"label_fDXOr6EpR9\" style=\"border-top: none;padding: 1.25rem 0px;width: 355.922px;color: #666666;font-size: 1.125rem;line-height: 1.375rem;vertical-align: baseline\" data-selenium=\"specsItemGroupTableColumnLabel\">Peso<\/td>\n<td class=\"value_fDXOr6EpR9\" style=\"color: #666666;font-size: 1.125rem;line-height: 1.375rem;vertical-align: baseline;padding: 1.25rem 0px 1.25rem 2.5rem\" data-selenium=\"specsItemGroupTableColumnValue\">318 gramos<\/td>\n<\/tr>\n<\/tbody>\n<\/table>\n<\/div>\n","protected":false},"excerpt":{"rendered":"<p>SIRUI &#8211; MA-SC Alien Series &#8211; Kit de montaje con ventosa Funciones: Se adapta a dispositivos de 5.842 cm a<\/p>\n","protected":false},"featured_media":63767,"comment_status":"closed","ping_status":"open","template":"","meta":{"_acf_changed":false},"product_brand":[2597],"product_cat":[1084],"product_tag":[],"class_list":{"0":"post-73862","1":"product","2":"type-product","3":"status-publish","4":"has-post-thumbnail","6":"product_brand-sirui-es","7":"product_cat-ventosas-es","9":"first","10":"pre-order","11":"taxable","12":"shipping-taxable","13":"purchasable","14":"product-type-simple"},"bundled_by":[],"bundle_stock_status":"pre-order","bundle_stock_quantity":0,"bundle_virtual":false,"bundle_layout":"","bundle_add_to_cart_form_location":"","bundle_editable_in_cart":false,"bundle_sold_individually_context":"","bundle_item_grouping":"","bundle_min_size":"","bundle_max_size":"","bundle_price":[],"bundled_items":[],"bundle_sell_ids":[],"acf":[],"_links":{"self":[{"href":"https:\/\/hi-techwonder.com\/es\/wp-json\/wp\/v2\/product\/73862","targetHints":{"allow":["GET"]}}],"collection":[{"href":"https:\/\/hi-techwonder.com\/es\/wp-json\/wp\/v2\/product"}],"about":[{"href":"https:\/\/hi-techwonder.com\/es\/wp-json\/wp\/v2\/types\/product"}],"replies":[{"embeddable":true,"href":"https:\/\/hi-techwonder.com\/es\/wp-json\/wp\/v2\/comments?post=73862"}],"wp:featuredmedia":[{"embeddable":true,"href":"https:\/\/hi-techwonder.com\/es\/wp-json\/wp\/v2\/media\/63767"}],"wp:attachment":[{"href":"https:\/\/hi-techwonder.com\/es\/wp-json\/wp\/v2\/media?parent=73862"}],"wp:term":[{"taxonomy":"product_brand","embeddable":true,"href":"https:\/\/hi-techwonder.com\/es\/wp-json\/wp\/v2\/product_brand?post=73862"},{"taxonomy":"product_cat","embeddable":true,"href":"https:\/\/hi-techwonder.com\/es\/wp-json\/wp\/v2\/product_cat?post=73862"},{"taxonomy":"product_tag","embeddable":true,"href":"https:\/\/hi-techwonder.com\/es\/wp-json\/wp\/v2\/product_tag?post=73862"}],"curies":[{"name":"wp","href":"https:\/\/api.w.org\/{rel}","templated":true}]}}