{"id":73867,"date":"2025-07-29T09:45:32","date_gmt":"2025-07-29T09:45:32","guid":{"rendered":"https:\/\/fv6qoy3ls0.wpdns.site\/product\/sirui-kit-venus-5-lentes-t2-9-1-6x-adapt-sony-e\/"},"modified":"2026-01-30T09:48:18","modified_gmt":"2026-01-30T09:48:18","slug":"sirui-kit-venus-5-lentes-t2-9-1-6x-adapt-sony-e","status":"publish","type":"product","link":"https:\/\/hi-techwonder.com\/es\/producto\/sirui-kit-venus-5-lentes-t2-9-1-6x-adapt-sony-e\/","title":{"rendered":"SIRUI Kit Venus 5 Lentes T2.9 1.6x + Adapt &#8211; Sony E"},"content":{"rendered":"<h3>SIRUI Kit Venus 5 Lentes T2.9 1.6x + Adapt &#8211; Sony E<\/h3>\n<ul>\n<li>Lentes T2.9 de 35, 50, 75, 100 y 150 mm<\/li>\n<li>Adaptador anam\u00f3rfico de 1,25x<\/li>\n<li>2x Squeeze con lentes de 1.6x + adaptador<\/li>\n<li>Incluye 1 x estuche r\u00edgido<\/li>\n<\/ul>\n<p>Consigue una gama realmente impresionante de looks anam\u00f3rficos para tu c\u00e1mara Sony E utilizando el kit de objetivos anam\u00f3rficos de fotograma completo Venus T2.9 1.6x de Sirui con adaptador de 1.25x. Este kit incluye 1,6x primes de 35, 50, 75, 100 y 150 mm que se pueden adaptar a una relaci\u00f3n anam\u00f3rfica de 2x utilizando el adaptador de 1,25x incluido. Este kit tambi\u00e9n incluye un estuche r\u00edgido.  <\/p>\n<p><img loading=\"lazy\" decoding=\"async\" src=\"https:\/\/store.sirui.com\/cdn\/shop\/products\/venus.png?v=1695711801&amp;width=1214\" alt=\"\" width=\"600\" height=\"357\"><\/p>\n<h4>El kit incluye<\/h4>\n<ul>\n<li><a href=\"https:\/\/hi-techwonder.com\/sirui-35mm-t2_9-full-frame-anamorfica-1_6x---sony-e\">SIRUI 35mm T2.9 Fotograma completo anam\u00f3rfico 1.6x &#8211; Sony E<\/a><\/li>\n<li><a href=\"https:\/\/hi-techwonder.com\/sirui-50mm-t2_9-full-frame-anamorfica-1_6x-sony-e\">SIRUI 50mm T2.9 Fotograma completo anam\u00f3rfico 1.6x Sony E<\/a><\/li>\n<li><a href=\"https:\/\/hi-techwonder.com\/sirui-75mm-t2_9-full-frame-anamorfica-1_6x---sony-e\">SIRUI 75mm T2.9 Fotograma completo anam\u00f3rfico 1.6x &#8211; Sony E<\/a><\/li>\n<li><a href=\"https:\/\/hi-techwonder.com\/sirui-100mm-t2_9-full-frame-anamorfica-1_6x---sony-e\">SIRUI 100mm T2.9 Fotograma completo anam\u00f3rfico 1.6x &#8211; Sony E<\/a><\/li>\n<li><a href=\"https:\/\/hi-techwonder.com\/sirui-150mm-t2_9-full-frame-anamorfica-1_6x---sony-e\">SIRUI 150mm T2.9 Fotograma completo anam\u00f3rfico 1.6x &#8211; Sony E<\/a><\/li>\n<li><a href=\"https:\/\/hi-techwonder.com\/sirui-adaptador-anamorfico-1_25x\">Adaptador anam\u00f3rfico SIRUI 1.25x<\/a><\/li>\n<li>Estuche r\u00edgido<\/li>\n<\/ul>\n","protected":false},"excerpt":{"rendered":"<p>SIRUI Kit Venus 5 Lentes T2.9 1.6x + Adapt &#8211; Sony E Lentes T2.9 de 35, 50, 75, 100 y<\/p>\n","protected":false},"featured_media":53649,"comment_status":"closed","ping_status":"closed","template":"","meta":{"_acf_changed":false},"product_brand":[2597],"product_cat":[1042],"product_tag":[],"class_list":{"0":"post-73867","1":"product","2":"type-product","3":"status-publish","4":"has-post-thumbnail","6":"product_brand-sirui-es","7":"product_cat-cine","8":"pa_abertura-maxima-t2-9-es","10":"first","11":"onbackorder","12":"taxable","13":"shipping-taxable","14":"purchasable","15":"product-type-simple"},"bundled_by":[],"bundle_stock_status":"onbackorder","bundle_stock_quantity":null,"bundle_virtual":false,"bundle_layout":"","bundle_add_to_cart_form_location":"","bundle_editable_in_cart":false,"bundle_sold_individually_context":"","bundle_item_grouping":"","bundle_min_size":"","bundle_max_size":"","bundle_price":[],"bundled_items":[],"bundle_sell_ids":[],"acf":[],"_links":{"self":[{"href":"https:\/\/hi-techwonder.com\/es\/wp-json\/wp\/v2\/product\/73867","targetHints":{"allow":["GET"]}}],"collection":[{"href":"https:\/\/hi-techwonder.com\/es\/wp-json\/wp\/v2\/product"}],"about":[{"href":"https:\/\/hi-techwonder.com\/es\/wp-json\/wp\/v2\/types\/product"}],"replies":[{"embeddable":true,"href":"https:\/\/hi-techwonder.com\/es\/wp-json\/wp\/v2\/comments?post=73867"}],"wp:featuredmedia":[{"embeddable":true,"href":"https:\/\/hi-techwonder.com\/es\/wp-json\/wp\/v2\/media\/53649"}],"wp:attachment":[{"href":"https:\/\/hi-techwonder.com\/es\/wp-json\/wp\/v2\/media?parent=73867"}],"wp:term":[{"taxonomy":"product_brand","embeddable":true,"href":"https:\/\/hi-techwonder.com\/es\/wp-json\/wp\/v2\/product_brand?post=73867"},{"taxonomy":"product_cat","embeddable":true,"href":"https:\/\/hi-techwonder.com\/es\/wp-json\/wp\/v2\/product_cat?post=73867"},{"taxonomy":"product_tag","embeddable":true,"href":"https:\/\/hi-techwonder.com\/es\/wp-json\/wp\/v2\/product_tag?post=73867"}],"curies":[{"name":"wp","href":"https:\/\/api.w.org\/{rel}","templated":true}]}}