{"id":73872,"date":"2025-07-28T23:42:21","date_gmt":"2025-07-28T23:42:21","guid":{"rendered":"https:\/\/fv6qoy3ls0.wpdns.site\/product\/tripode-de-estudio-sirui-dk28-carbon\/"},"modified":"2026-02-11T16:22:27","modified_gmt":"2026-02-11T16:22:27","slug":"sirui-tripode-de-estudio-sirui-dk28-carbon","status":"publish","type":"product","link":"https:\/\/hi-techwonder.com\/es\/producto\/sirui-tripode-de-estudio-sirui-dk28-carbon\/","title":{"rendered":"Tr\u00edpode de estudio SIRUI DK28 Carbon"},"content":{"rendered":"<h2><b>Tr\u00edpode de estudio Sirui DK-28<\/b><\/h2>\n<ul style=\"margin-top:0cm\" type=\"disc\">\n<li class=\"MsoNormal\"><b>Estructura robusta:<\/b><br \/> Los tubos de patas anchas y el espaciador central ancho hacen que el DK-28<br \/>\n sea fuerte y estable, capaz de soportar equipos grandes y pesados de<br \/>\n diferentes tipos.<\/li>\n<li class=\"MsoNormal\"><b>Amortiguaci\u00f3n de aire:<\/b><br \/> Este sistema evita el problema com\u00fan de retroceso en los resortes de amortiguaci\u00f3n al<br \/>\n mantener un descenso suave para proteger tanto el equipo como los dedos<br \/>\n del usuario.<\/li>\n<li class=\"MsoNormal\"><b>Altura ajustable:<\/b><br \/> Puede elevarse hasta una altura m\u00e1xima de <b>280 cm<\/b> o retraerse hasta<br \/>\n una altura m\u00ednima de <b>86 cm<\/b>, lo que facilita la iluminaci\u00f3n en posiciones elevadas<br \/>\n .<\/li>\n<li class=\"MsoNormal\"><b>Sistema de bloqueo de seguridad:<\/b><br \/> Permite un despliegue m\u00e1s r\u00e1pido del soporte en comparaci\u00f3n con el sistema<br \/>\n tradicional de bloqueo giratorio.<\/li>\n<li class=\"MsoNormal\"><b>Compatibilidad:<\/b><br \/> Adecuado para luces LED, reflectores de alta potencia y luces de video.<\/li>\n<li class=\"MsoNormal\"><b>Caracter\u00edsticas<br \/>\n adicionales:<\/b><\/li>\n<ul style=\"margin-top:0cm\" type=\"circle\">\n<li class=\"MsoNormal\">Grifo de 16 mm y tornillo<br \/>\n de 1\/4&#8243; en la parte superior para fijar accesorios.<\/li>\n<li class=\"MsoNormal\">Columna central giratoria para un f\u00e1cil ajuste<br \/>\n del \u00e1ngulo del haz de luz.<\/li>\n<li class=\"MsoNormal\">Pies de goma para mayor agarre<br \/>\n y protecci\u00f3n de soporte.<\/li>\n<\/ul>\n<\/ul>\n<p><\/p>\n<h4><b>Caracter\u00edsticas principales:<\/b><\/h4>\n<ul style=\"margin-top:0cm\" type=\"disc\">\n<li class=\"MsoNormal\">Altura<br \/>\n m\u00e1xima de trabajo: 2,8 metros<\/li>\n<li class=\"MsoNormal\">Altura<br \/>\n m\u00ednima de trabajo: 0,9 metros<\/li>\n<li class=\"MsoNormal\">Capacidad<br \/>\n de carga: 10kg<\/li>\n<li class=\"MsoNormal\">Longitud<br \/>\n cerrada: 0,9 metros<\/li>\n<li class=\"MsoNormal\">Material<br \/>\n : Carbono<\/li>\n<li class=\"MsoNormal\">Peso<br \/>\n 1.2Kg<\/li>\n<\/ul>\n<p class=\"MsoNormal\">&nbsp;<\/p>\n<p><b>Contenido de la caja:<\/b> <br \/>1x Tr\u00edpode de estudio de carbono SIRUI DK28 86-280cm<\/p>\n<p><\/p>\n<p><\/p>\n","protected":false},"excerpt":{"rendered":"<p>Tr\u00edpode de estudio Sirui DK-28 Estructura robusta: Los tubos de patas anchas y el espaciador central ancho hacen que el<\/p>\n","protected":false},"featured_media":26485,"comment_status":"closed","ping_status":"open","template":"","meta":{"_acf_changed":false},"product_brand":[2597],"product_cat":[971],"product_tag":[],"class_list":{"0":"post-73872","1":"product","2":"type-product","3":"status-publish","4":"has-post-thumbnail","6":"product_brand-sirui-es","7":"product_cat-pies-foco","9":"first","10":"instock","11":"taxable","12":"shipping-taxable","13":"purchasable","14":"product-type-simple"},"bundled_by":[],"bundle_stock_status":"instock","bundle_stock_quantity":1,"bundle_virtual":false,"bundle_layout":"","bundle_add_to_cart_form_location":"","bundle_editable_in_cart":false,"bundle_sold_individually_context":"","bundle_item_grouping":"","bundle_min_size":"","bundle_max_size":"","bundle_price":[],"bundled_items":[],"bundle_sell_ids":[],"acf":[],"_links":{"self":[{"href":"https:\/\/hi-techwonder.com\/es\/wp-json\/wp\/v2\/product\/73872","targetHints":{"allow":["GET"]}}],"collection":[{"href":"https:\/\/hi-techwonder.com\/es\/wp-json\/wp\/v2\/product"}],"about":[{"href":"https:\/\/hi-techwonder.com\/es\/wp-json\/wp\/v2\/types\/product"}],"replies":[{"embeddable":true,"href":"https:\/\/hi-techwonder.com\/es\/wp-json\/wp\/v2\/comments?post=73872"}],"wp:featuredmedia":[{"embeddable":true,"href":"https:\/\/hi-techwonder.com\/es\/wp-json\/wp\/v2\/media\/26485"}],"wp:attachment":[{"href":"https:\/\/hi-techwonder.com\/es\/wp-json\/wp\/v2\/media?parent=73872"}],"wp:term":[{"taxonomy":"product_brand","embeddable":true,"href":"https:\/\/hi-techwonder.com\/es\/wp-json\/wp\/v2\/product_brand?post=73872"},{"taxonomy":"product_cat","embeddable":true,"href":"https:\/\/hi-techwonder.com\/es\/wp-json\/wp\/v2\/product_cat?post=73872"},{"taxonomy":"product_tag","embeddable":true,"href":"https:\/\/hi-techwonder.com\/es\/wp-json\/wp\/v2\/product_tag?post=73872"}],"curies":[{"name":"wp","href":"https:\/\/api.w.org\/{rel}","templated":true}]}}