{"id":73884,"date":"2025-07-29T09:45:47","date_gmt":"2025-07-29T09:45:47","guid":{"rendered":"https:\/\/fv6qoy3ls0.wpdns.site\/product\/sirui-venus-100mm-t2-9-ff-1-6x-adapt-1-25x-sony-e\/"},"modified":"2026-01-30T09:47:11","modified_gmt":"2026-01-30T09:47:11","slug":"sirui-venus-100mm-t2-9-ff-1-6x-adapt-1-25x-sony-e","status":"publish","type":"product","link":"https:\/\/hi-techwonder.com\/es\/producto\/sirui-venus-100mm-t2-9-ff-1-6x-adapt-1-25x-sony-e\/","title":{"rendered":"SIRUI Venus 100mm T2.9 FF 1.6x + Adapt 1.25x &#8211; Sony E"},"content":{"rendered":"<h3>SIRUI Venus 100mm T2.9 FF 1.6x + Adapt 1.25x &#8211; Sony E<\/h3>\n<ul>\n<li>Objetivo anam\u00f3rfico 100mm T2.9 1.6x FF<\/li>\n<li>Adaptador anam\u00f3rfico 1,25x, 2x en total<\/li>\n<li>Para sensores de fotograma completo<\/li>\n<li>Bokeh ovalado, efectos de rayas azules<\/li>\n<\/ul>\n<p>El kit de lentes anam\u00f3rficos de fotograma completo con montura E de Sony de 100 mm T2.9 y 1.6x de Sirui combina la lente anam\u00f3rfica de 100 mm m\u00e1s larga con un adaptador anam\u00f3rfico de 2x. Puede usar el adaptador 2x con la lente 1.6x para producir un efecto anam\u00f3rfico 2x, o montar el adaptador en una lente esf\u00e9rica para lograr un efecto anam\u00f3rfico 1.25x. <\/p>\n<p>M\u00e1s informaci\u00f3n sobre el objetivo y el adaptador:<\/p>\n<ul>\n<li><a href=\"https:\/\/hi-techwonder.com\/sirui-100mm-t2_9-full-frame-anamorfica-1_6x---sony-e\">SIRUI 100mm T2.9 Fotograma completo anam\u00f3rfico 1.6x &#8211; Sony E<\/a><\/li>\n<li><a href=\"https:\/\/hi-techwonder.com\/sirui-adaptador-anamorfico-1_25x\">Adaptador anam\u00f3rfico SIRUI 1.25x<\/a><\/li>\n<\/ul>\n","protected":false},"excerpt":{"rendered":"<p>SIRUI Venus 100mm T2.9 FF 1.6x + Adapt 1.25x &#8211; Sony E Objetivo anam\u00f3rfico 100mm T2.9 1.6x FF Adaptador anam\u00f3rfico<\/p>\n","protected":false},"featured_media":53753,"comment_status":"closed","ping_status":"closed","template":"","meta":{"_acf_changed":false},"product_brand":[2597],"product_cat":[1042],"product_tag":[],"class_list":{"0":"post-73884","1":"product","2":"type-product","3":"status-publish","4":"has-post-thumbnail","6":"product_brand-sirui-es","7":"product_cat-cine","8":"pa_abertura-maxima-t2-9-es","10":"first","11":"onbackorder","12":"taxable","13":"shipping-taxable","14":"purchasable","15":"product-type-simple"},"bundled_by":[],"bundle_stock_status":"onbackorder","bundle_stock_quantity":null,"bundle_virtual":false,"bundle_layout":"","bundle_add_to_cart_form_location":"","bundle_editable_in_cart":false,"bundle_sold_individually_context":"","bundle_item_grouping":"","bundle_min_size":"","bundle_max_size":"","bundle_price":[],"bundled_items":[],"bundle_sell_ids":[],"acf":[],"_links":{"self":[{"href":"https:\/\/hi-techwonder.com\/es\/wp-json\/wp\/v2\/product\/73884","targetHints":{"allow":["GET"]}}],"collection":[{"href":"https:\/\/hi-techwonder.com\/es\/wp-json\/wp\/v2\/product"}],"about":[{"href":"https:\/\/hi-techwonder.com\/es\/wp-json\/wp\/v2\/types\/product"}],"replies":[{"embeddable":true,"href":"https:\/\/hi-techwonder.com\/es\/wp-json\/wp\/v2\/comments?post=73884"}],"wp:featuredmedia":[{"embeddable":true,"href":"https:\/\/hi-techwonder.com\/es\/wp-json\/wp\/v2\/media\/53753"}],"wp:attachment":[{"href":"https:\/\/hi-techwonder.com\/es\/wp-json\/wp\/v2\/media?parent=73884"}],"wp:term":[{"taxonomy":"product_brand","embeddable":true,"href":"https:\/\/hi-techwonder.com\/es\/wp-json\/wp\/v2\/product_brand?post=73884"},{"taxonomy":"product_cat","embeddable":true,"href":"https:\/\/hi-techwonder.com\/es\/wp-json\/wp\/v2\/product_cat?post=73884"},{"taxonomy":"product_tag","embeddable":true,"href":"https:\/\/hi-techwonder.com\/es\/wp-json\/wp\/v2\/product_tag?post=73884"}],"curies":[{"name":"wp","href":"https:\/\/api.w.org\/{rel}","templated":true}]}}