{"id":73887,"date":"2025-07-29T10:24:19","date_gmt":"2025-07-29T10:24:19","guid":{"rendered":"https:\/\/fv6qoy3ls0.wpdns.site\/product\/cabezal-de-video-fluido-sirui-va-5x\/"},"modified":"2026-01-31T01:37:09","modified_gmt":"2026-01-31T01:37:09","slug":"sirui-cabezal-de-video-fluido-sirui-va-5x","status":"publish","type":"product","link":"https:\/\/hi-techwonder.com\/es\/producto\/sirui-cabezal-de-video-fluido-sirui-va-5x\/","title":{"rendered":"Cabezal de video fluido SIRUI VA-5X"},"content":{"rendered":"<p><b>Cabezal de video fluido SIRUI VA-5X<\/b><\/p>\n<p><\/p>\n<p><strong>Funciones<\/strong><\/p>\n<ul>\n<li>Cabezal de video fluido compacto<\/li>\n<li>Admite c\u00e1maras de hasta 3 kg (6,6 lb)<\/li>\n<li>Placa de liberaci\u00f3n r\u00e1pida compatible con Arca-Swiss con pasador de seguridad<\/li>\n<li>Sistema de fluidez para movimientos suaves de inclinaci\u00f3n y panor\u00e1mica<\/li>\n<li>Bloqueos independientes para movimientos de inclinaci\u00f3n y panor\u00e1mica<\/li>\n<li>Pu\u00f1o de barrido extra\u00edble, ajustable a ambos lados de la cabeza<\/li>\n<li>Dos burbujas de nivel incorporadas para una alineaci\u00f3n precisa<\/li>\n<li>Construcci\u00f3n robusta de aleaci\u00f3n de aluminio<\/li>\n<\/ul>\n<p><\/p>\n<p><strong>Contenido del paquete<\/strong><\/p>\n<ul>\n<li>Cabezal de video fluido Sirui VA-5X con placa de carga lateral<\/li>\n<li>Zapata de liberaci\u00f3n r\u00e1pida compatible con Arca-Swiss<\/li>\n<li>Empu\u00f1adura panor\u00e1mica<\/li>\n<li>Bolsa de almacenamiento<\/li>\n<\/ul>\n<p><\/p>\n<p><strong>Descripci\u00f3n<\/strong>\n<\/p>\n<ul>\n<li style=\"text-align: justify\">El cabezal de v\u00eddeo fluido <strong>SIRUI VA-5X<\/strong> est\u00e1 dise\u00f1ado para proporcionar movimientos suaves y precisos para DSLR y videoc\u00e1maras compactas de hasta 3 kg. Su placa de carga lateral permite un montaje r\u00e1pido y seguro con una sola mano, mientras que el pasador de seguridad integrado garantiza que la c\u00e1mara permanezca segura durante el uso. El cabezal ofrece una rotaci\u00f3n de 360\u00b0 y una inclinaci\u00f3n de -60\u00b0 a 90\u00b0, lo que le permite capturar una amplia variedad de \u00e1ngulos. Con una construcci\u00f3n de aluminio duradera, el VA-5X es ideal tanto para estudios como para grabaciones al aire libre.   <\/li>\n<\/ul>\n<p style=\"text-align: center\"><img decoding=\"async\" src=\"https:\/\/cdn.shopify.com\/s\/files\/1\/0449\/9344\/6037\/files\/VA-5X_08.jpg?v=1709080537\" style=\"width: 25%\" alt=\"\">&nbsp; &nbsp; &nbsp; &nbsp; &nbsp; &nbsp; &nbsp; &nbsp; &nbsp;<img decoding=\"async\" src=\"https:\/\/cdn.shopify.com\/s\/files\/1\/0449\/9344\/6037\/files\/VA-5X_06.jpg?v=1709080538\" style=\"width: 214.342px;height: 219.462px\" alt=\"\">&nbsp;&nbsp;<\/p>\n<p><strong><br \/><\/strong><\/p>\n<p><strong>Especificaciones t\u00e9cnicas<\/strong><\/p>\n<ul>\n<li><strong>Capacidad de carga:<\/strong> 3 kg (6,6 lb)<\/li>\n<li><strong>Placa de liberaci\u00f3n r\u00e1pida:<\/strong> Tipo Arca-Swiss con ajuste deslizante<\/li>\n<li><strong>Rosca de montaje:<\/strong> 1x 1\/4&#8243;-20 macho con pasador de localizaci\u00f3n, 1x 3\/8&#8243;-16 macho con pasador de localizaci\u00f3n<\/li>\n<li><strong>Movimiento de inclinaci\u00f3n:<\/strong> +90\u00b0 a -60\u00b0<\/li>\n<li><strong>Movimiento panor\u00e1mico:<\/strong> 360\u00b0<\/li>\n<li><strong>Peso:<\/strong> 600 g (1,3 libras)<\/li>\n<li><strong>Material:<\/strong> Aleaci\u00f3n de aluminio<\/li>\n<li><strong>Altura de la cabeza:<\/strong> 120 mm<\/li>\n<li><strong>Di\u00e1metro de la base:<\/strong> 83 mm<\/li>\n<\/ul>\n<p><strong>Embalaje<\/strong><\/p>\n<ul>\n<li>Peso del paquete: 825 g<\/li>\n<li>Dimensiones del paquete (largo x ancho x alto): 29,2 x 12,7 x 10,2 cm<\/li>\n<\/ul>\n<p>Informaci\u00f3n <strong>adicional<\/strong><br \/>\nNota: Im\u00e1genes ilustrativas. Equipo ilustrativo no incluido. Consulte el contenido y las especificaciones del paquete para obtener m\u00e1s detalles.  <\/p>\n","protected":false},"excerpt":{"rendered":"<p>Cabezal de video fluido SIRUI VA-5X Funciones Cabezal de video fluido compacto Admite c\u00e1maras de hasta 3 kg (6,6 lb)<\/p>\n","protected":false},"featured_media":62819,"comment_status":"closed","ping_status":"open","template":"","meta":{"_acf_changed":false},"product_brand":[2597],"product_cat":[1079],"product_tag":[],"class_list":{"0":"post-73887","1":"product","2":"type-product","3":"status-publish","4":"has-post-thumbnail","6":"product_brand-sirui-es","7":"product_cat-video-rotulas","9":"first","10":"instock","11":"taxable","12":"shipping-taxable","13":"purchasable","14":"product-type-simple"},"bundled_by":[],"bundle_stock_status":"instock","bundle_stock_quantity":1,"bundle_virtual":false,"bundle_layout":"","bundle_add_to_cart_form_location":"","bundle_editable_in_cart":false,"bundle_sold_individually_context":"","bundle_item_grouping":"","bundle_min_size":"","bundle_max_size":"","bundle_price":[],"bundled_items":[],"bundle_sell_ids":[],"acf":[],"_links":{"self":[{"href":"https:\/\/hi-techwonder.com\/es\/wp-json\/wp\/v2\/product\/73887","targetHints":{"allow":["GET"]}}],"collection":[{"href":"https:\/\/hi-techwonder.com\/es\/wp-json\/wp\/v2\/product"}],"about":[{"href":"https:\/\/hi-techwonder.com\/es\/wp-json\/wp\/v2\/types\/product"}],"replies":[{"embeddable":true,"href":"https:\/\/hi-techwonder.com\/es\/wp-json\/wp\/v2\/comments?post=73887"}],"wp:featuredmedia":[{"embeddable":true,"href":"https:\/\/hi-techwonder.com\/es\/wp-json\/wp\/v2\/media\/62819"}],"wp:attachment":[{"href":"https:\/\/hi-techwonder.com\/es\/wp-json\/wp\/v2\/media?parent=73887"}],"wp:term":[{"taxonomy":"product_brand","embeddable":true,"href":"https:\/\/hi-techwonder.com\/es\/wp-json\/wp\/v2\/product_brand?post=73887"},{"taxonomy":"product_cat","embeddable":true,"href":"https:\/\/hi-techwonder.com\/es\/wp-json\/wp\/v2\/product_cat?post=73887"},{"taxonomy":"product_tag","embeddable":true,"href":"https:\/\/hi-techwonder.com\/es\/wp-json\/wp\/v2\/product_tag?post=73887"}],"curies":[{"name":"wp","href":"https:\/\/api.w.org\/{rel}","templated":true}]}}