{"id":73889,"date":"2025-07-29T10:38:29","date_gmt":"2025-07-29T10:38:29","guid":{"rendered":"https:\/\/fv6qoy3ls0.wpdns.site\/product\/tripode-sirui-svs75-rapid-system-cabezal-fluido-svh15\/"},"modified":"2026-03-17T15:01:58","modified_gmt":"2026-03-17T15:01:58","slug":"sirui-tripode-sirui-svs75-rapid-system-cabezal-fluido-svh15","status":"publish","type":"product","link":"https:\/\/hi-techwonder.com\/es\/producto\/sirui-tripode-sirui-svs75-rapid-system-cabezal-fluido-svh15\/","title":{"rendered":"Tr\u00edpode SIRUI SVS75 Rapid System + Cabezal fluido SVH15"},"content":{"rendered":"<h3 data-start=\"0\" data-end=\"93\"><strong data-start=\"4\" data-end=\"93\">Tr\u00edpode de un solo paso SIRUI SVS75 Rapid System con cabezal fluido SVH15<\/strong><\/h3>\n<hr data-start=\"95\" data-end=\"98\">\n<h3 data-start=\"100\" data-end=\"123\"><strong data-start=\"104\" data-end=\"123\">Funciones<\/strong><\/h3>\n<ul data-start=\"125\" data-end=\"2304\">\n<li data-start=\"125\" data-end=\"377\">\n<p data-start=\"127\" data-end=\"377\"><strong data-start=\"127\" data-end=\"176\">Dise\u00f1o de fibra de carbono y aleaci\u00f3n de aluminio<\/strong><br data-start=\"176\" data-end=\"179\">El SIRUI SVS75 est\u00e1 fabricado en fibra de carbono con un di\u00e1metro de 36\/32\/24 mm, lo que proporciona ligereza y alta rigidez. El cabezal SVH15 utiliza aleaci\u00f3n de aluminio para soportar grandes cargas de manera confiable. <\/p>\n<\/li>\n<li data-start=\"379\" data-end=\"653\">\n<p data-start=\"381\" data-end=\"653\"><strong data-start=\"381\" data-end=\"420\">Sistema r\u00e1pido para el ajuste de altura<\/strong><br data-start=\"420\" data-end=\"423\">El sistema de bloqueo \u00abOne-Step Height Adjustment\u00bb le permite ajustar la altura de cada pata de manera simple y efectiva. Tire de una sola perilla de bloqueo en cada pata para montar y bloquear r\u00e1pidamente, incluso con equipo pesado. <\/p>\n<\/li>\n<li data-start=\"655\" data-end=\"859\">\n<p data-start=\"657\" data-end=\"859\"><strong data-start=\"657\" data-end=\"686\">Esparcidor de nivel medio<\/strong><br data-start=\"686\" data-end=\"689\">Incluido para mayor estabilidad. Puede extender o retraer la longitud del esparcidor a trav\u00e9s de perillas de bloqueo, ajustando el \u00e1ngulo de las patas seg\u00fan sea necesario. <\/p>\n<\/li>\n<li data-start=\"861\" data-end=\"1051\">\n<p data-start=\"863\" data-end=\"1051\"><strong data-start=\"863\" data-end=\"896\">Capacidad de carga de hasta 25 kg<\/strong><br data-start=\"896\" data-end=\"899\">Perfecto para configuraciones de video a gran escala, c\u00e1maras de cine, DSLR o c\u00e1maras sin espejo con lentes pesados y accesorios adicionales.<\/p>\n<\/li>\n<li data-start=\"1053\" data-end=\"1280\">\n<p data-start=\"1055\" data-end=\"1280\"><strong data-start=\"1055\" data-end=\"1080\">Amplia gama de alturas<\/strong><br data-start=\"1080\" data-end=\"1083\">Ajusta la altura de trabajo entre 205 mm (m\u00ednimo) y 1550 mm (m\u00e1ximo), adapt\u00e1ndote a varios escenarios de disparo. Cuando est\u00e1 retra\u00eddo, tiene solo 750 mm de largo y es f\u00e1cil de transportar. <\/p>\n<\/li>\n<li data-start=\"1282\" data-end=\"1587\">\n<p data-start=\"1284\" data-end=\"1587\"><strong data-start=\"1284\" data-end=\"1307\">Cabezal fluido SVH15<\/strong><br data-start=\"1307\" data-end=\"1310\">Construido en aleaci\u00f3n de aluminio, cuenta con amortiguaci\u00f3n hidr\u00e1ulica continua (\u00abcontinua\u00bb) y rotaci\u00f3n de -70\u00b0 a +90\u00b0 en inclinaci\u00f3n, adem\u00e1s de un paneo de 360\u00b0. Cuenta con niveles de contrapeso 7+0 para equilibrar cargas entre 4 kg y 15 kg, y control de fluidez en los movimientos. <\/p>\n<\/li>\n<li data-start=\"1589\" data-end=\"1871\">\n<p data-start=\"1591\" data-end=\"1871\"><strong data-start=\"1591\" data-end=\"1615\">Carga lateral<\/strong><br data-start=\"1615\" data-end=\"1618\">En lugar del m\u00e9todo de acoplamiento tradicional, el SVH15 presenta un dise\u00f1o de carga lateral, lo que facilita su inserci\u00f3n incluso con equipos grandes o pesados. Tambi\u00e9n tiene 30 mm de ajuste hacia adelante y hacia atr\u00e1s para un mejor equilibrio de la c\u00e1mara. <\/p>\n<\/li>\n<li data-start=\"1873\" data-end=\"2055\">\n<p data-start=\"1875\" data-end=\"2055\"><strong data-start=\"1875\" data-end=\"1907\">Clavos y gomas en los pies<\/strong><br data-start=\"1907\" data-end=\"1910\">Los pies tienen puntas met\u00e1licas para superficies blandas y tapas de goma para suelos duros, lo que garantiza la estabilidad en cualquier terreno.<\/p>\n<\/li>\n<li data-start=\"2057\" data-end=\"2304\">\n<p data-start=\"2059\" data-end=\"2304\"><strong data-start=\"2059\" data-end=\"2091\">Versatilidad y estabilidad<\/strong><br data-start=\"2091\" data-end=\"2094\">Tiene una media r\u00f3tula de 75 mm, \u00e1ngulos entre 21\u00b0 y 78\u00b0 sin espaciador, o de 21\u00b0 a 36\u00b0 con espaciador. El dise\u00f1o robusto y la f\u00e1cil configuraci\u00f3n hacen que este kit sea adecuado para entornos de disparo exigentes. <\/p>\n<p data-start=\"2059\" data-end=\"2304\"><iframe loading=\"lazy\" frameborder=\"0\" src=\"https:\/\/www.youtube.com\/embed\/o2rzD7RS6W4\" width=\"640\" height=\"360\"><\/iframe><\/p>\n<\/li>\n<\/ul>\n<hr data-start=\"2306\" data-end=\"2309\">\n<h3 data-start=\"2311\" data-end=\"2340\"><strong data-start=\"2315\" data-end=\"2340\">Contenido del paquete<\/strong><\/h3>\n<ul data-start=\"2342\" data-end=\"2644\">\n<li data-start=\"2342\" data-end=\"2417\"><strong data-start=\"2344\" data-end=\"2352\">1Un.<\/strong>  Tr\u00edpode r\u00e1pido SIRUI SVS75 (fibras de carbono \/ aleaci\u00f3n de aluminio)<\/li>\n<li data-start=\"2418\" data-end=\"2456\"><strong data-start=\"2420\" data-end=\"2428\">1Un.<\/strong>  Cabezal fluido SIRUI SVH15<\/li>\n<li data-start=\"2457\" data-end=\"2496\"><strong data-start=\"2459\" data-end=\"2467\">1Un.<\/strong>  Placa de liberaci\u00f3n r\u00e1pida<\/li>\n<li data-start=\"2497\" data-end=\"2535\"><strong data-start=\"2499\" data-end=\"2507\">1Un.<\/strong>  Correa de liberaci\u00f3n r\u00e1pida<\/li>\n<li data-start=\"2536\" data-end=\"2574\"><strong data-start=\"2538\" data-end=\"2546\">1Un.<\/strong>  Esparcidor de nivel medio<\/li>\n<li data-start=\"2575\" data-end=\"2611\"><strong data-start=\"2577\" data-end=\"2585\">1Un.<\/strong>  Cinta transportadora<\/li>\n<li data-start=\"2612\" data-end=\"2644\"><strong data-start=\"2614\" data-end=\"2622\">1Un.<\/strong>  Bolsa de transporte<\/li>\n<\/ul>\n<p data-start=\"2646\" data-end=\"2703\"><em data-start=\"2646\" data-end=\"2703\">(C\u00e1mara, lentes u otros accesorios no incluidos).<\/em><\/p>\n<hr data-start=\"2705\" data-end=\"2708\">\n<h3 data-start=\"2710\" data-end=\"2737\"><strong data-start=\"2714\" data-end=\"2737\">Descripci\u00f3n detallada<\/strong><\/h3>\n<p data-start=\"2739\" data-end=\"2942\">El <strong data-start=\"2741\" data-end=\"2830\">tr\u00edpode de video profesional de un solo paso SIRUI SVS75 Rapid System con cabezal fluido SVH15<\/strong> est\u00e1 dise\u00f1ado para cineastas y vide\u00f3grafos que requieren un soporte estable, confiable y f\u00e1cil de montar.<\/p>\n<ul data-start=\"2947\" data-end=\"3808\">\n<li data-start=\"2947\" data-end=\"3190\"><strong data-start=\"2949\" data-end=\"2982\">Sistema de bloqueo de un solo paso:<\/strong> Lo m\u00e1s destacado es el ajuste de altura en un solo paso, lo que permite un montaje r\u00e1pido y f\u00e1cil: simplemente tire de un solo bot\u00f3n de bloqueo en cada pata, sin tener que jugar con varios bloqueos separados.<\/li>\n<li data-start=\"3191\" data-end=\"3340\"><strong data-start=\"3193\" data-end=\"3222\">Fibra de carbono robusta:<\/strong> Las patas de fibra de carbono de 36\/32\/24 mm ofrecen una gran rigidez y ligereza, soportando hasta 25 kg de carga.<\/li>\n<li data-start=\"3341\" data-end=\"3443\"><strong data-start=\"3343\" data-end=\"3373\">Esparcidor de nivel medio:<\/strong> Garantiza una estabilidad adicional en diferentes \u00e1ngulos y superficies.<\/li>\n<li data-start=\"3444\" data-end=\"3680\"><strong data-start=\"3446\" data-end=\"3470\">Cabezal fluido SVH15:<\/strong> Con rotaci\u00f3n de 360\u00b0, inclinaci\u00f3n de -70\u00b0 a +90\u00b0 y hasta 7+0 niveles de contrapeso que equilibran configuraciones de 4 a 15 kg. El dise\u00f1o de carga lateral del cojinete liso esf\u00e9rico acelera la instalaci\u00f3n incluso en plataformas pesadas. <\/li>\n<li data-start=\"3681\" data-end=\"3804\"><strong data-start=\"3683\" data-end=\"3703\">Ligero y compacto:<\/strong> En transporte, se retrae hasta 750 mm y pesa 4,1 kg, lo que facilita su desplazamiento en entornos din\u00e1micos.<\/li>\n<\/ul>\n<p data-start=\"3809\" data-end=\"4032\">Este tr\u00edpode y cabezal fluido de Sirui equilibra robustez y portabilidad, adapt\u00e1ndose a todo tipo de producciones de v\u00eddeo profesionales, desde eventos y retransmisiones en directo, hasta anuncios o cine independiente.<\/p>\n<hr data-start=\"4034\" data-end=\"4037\">\n<h3 data-start=\"4039\" data-end=\"4070\"><strong data-start=\"4043\" data-end=\"4070\">Especificaciones t\u00e9cnicas<\/strong><\/h3>\n<p data-start=\"4072\" data-end=\"4089\"><strong data-start=\"4072\" data-end=\"4087\">Tr\u00edpode SVS75<\/strong><\/p>\n<ul data-start=\"4090\" data-end=\"4562\">\n<li data-start=\"4090\" data-end=\"4143\"><strong data-start=\"4092\" data-end=\"4105\">Material:<\/strong> Fibra de carbono y aleaci\u00f3n de aluminio<\/li>\n<li data-start=\"4144\" data-end=\"4173\"><strong data-start=\"4146\" data-end=\"4169\">Secciones de piernas:<\/strong> 3<\/li>\n<li data-start=\"4174\" data-end=\"4218\"><strong data-start=\"4176\" data-end=\"4200\">Di\u00e1metro de la pata:<\/strong> 36 \/ 32 \/ 24 mm<\/li>\n<li data-start=\"4219\" data-end=\"4249\"><strong data-start=\"4221\" data-end=\"4239\">Altura m\u00e1xima:<\/strong> 1550 mm<\/li>\n<li data-start=\"4250\" data-end=\"4279\"><strong data-start=\"4252\" data-end=\"4270\">Altura m\u00ednima:<\/strong> 205 mm<\/li>\n<li data-start=\"4280\" data-end=\"4315\"><strong data-start=\"4282\" data-end=\"4306\">Longitud cerrada:<\/strong> 750 mm<\/li>\n<li data-start=\"4316\" data-end=\"4356\"><strong data-start=\"4318\" data-end=\"4333\">Esparcir:<\/strong> Nivel medio incluido<\/li>\n<li data-start=\"4357\" data-end=\"4395\"><strong data-start=\"4359\" data-end=\"4383\">Capacidad de carga:<\/strong> Hasta 25 kg<\/li>\n<li data-start=\"4396\" data-end=\"4425\"><strong data-start=\"4398\" data-end=\"4416\">Peso del tr\u00edpode:<\/strong> 4,1 kg<\/li>\n<li data-start=\"4426\" data-end=\"4472\"><strong data-start=\"4428\" data-end=\"4456\">\u00c1ngulos (sin espaciador):<\/strong> 21\u00b0, 50\u00b0, 78\u00b0<\/li>\n<li data-start=\"4473\" data-end=\"4515\"><strong data-start=\"4475\" data-end=\"4503\">\u00c1ngulos (con espaciador):<\/strong> 21\u00b0 &#8211; 36\u00b0<\/li>\n<li data-start=\"4516\" data-end=\"4562\"><strong data-start=\"4518\" data-end=\"4539\">Tipo de montaje:<\/strong> Media bola de 75 mm<\/li>\n<\/ul>\n<p data-start=\"4564\" data-end=\"4589\"><strong data-start=\"4564\" data-end=\"4587\">Cabezal fluido SVH15<\/strong><\/p>\n<ul data-start=\"4590\" data-end=\"5047\">\n<li data-start=\"4590\" data-end=\"4624\"><strong data-start=\"4592\" data-end=\"4605\">Material:<\/strong> Aleaci\u00f3n de aluminio<\/li>\n<li data-start=\"4625\" data-end=\"4665\"><strong data-start=\"4627\" data-end=\"4651\">Rango de inclinaci\u00f3n:<\/strong> -70\u00b0 a +90\u00b0<\/li>\n<li data-start=\"4666\" data-end=\"4690\"><strong data-start=\"4668\" data-end=\"4683\">Panor\u00e1mica:<\/strong> 360\u00b0<\/li>\n<li data-start=\"4691\" data-end=\"4733\"><strong data-start=\"4693\" data-end=\"4708\">Contrapeso:<\/strong> 7+0 niveles (4 &#8211; 15 kg)<\/li>\n<li data-start=\"4734\" data-end=\"4794\"><strong data-start=\"4736\" data-end=\"4758\">Ajuste de arrastre:<\/strong> Stepless<\/li>\n<li data-start=\"4795\" data-end=\"4841\"><strong data-start=\"4797\" data-end=\"4825\">Temperatura de funcionamiento:<\/strong> -40 \u00b0C a +60 \u00b0C<\/li>\n<li data-start=\"4842\" data-end=\"4901\"><strong data-start=\"4844\" data-end=\"4863\">Base \/ Ajuste:<\/strong> Media bola de 75 mm, rosca de 3\/8&#8243;-16<\/li>\n<li data-start=\"4902\" data-end=\"4959\"><strong data-start=\"4904\" data-end=\"4938\">Dimensiones (altura x di\u00e1metro):<\/strong> Aprox. 285 x 90 mm <\/li>\n<li data-start=\"4960\" data-end=\"5016\"><strong data-start=\"4962\" data-end=\"4991\">Capacidad de carga m\u00e1xima:<\/strong> 15 kg (con contrapeso)<\/li>\n<li data-start=\"5017\" data-end=\"5047\"><strong data-start=\"5019\" data-end=\"5038\">Peso de la cabeza:<\/strong> 3,7 kg<\/li>\n<\/ul>\n<hr data-start=\"5049\" data-end=\"5052\">\n<h3 data-start=\"5054\" data-end=\"5086\"><strong data-start=\"5058\" data-end=\"5084\">Informaci\u00f3n adicional<\/strong><\/h3>\n<p data-start=\"5087\" data-end=\"5226\">Nota: Im\u00e1genes ilustrativas. Equipo adicional no incluido. Consulte el contenido y las especificaciones del paquete para obtener m\u00e1s detalles.  <\/p>\n","protected":false},"excerpt":{"rendered":"<p>Tr\u00edpode de un solo paso SIRUI SVS75 Rapid System con cabezal fluido SVH15 Funciones Dise\u00f1o de fibra de carbono y<\/p>\n","protected":false},"featured_media":65565,"comment_status":"closed","ping_status":"closed","template":"","meta":{"_acf_changed":false},"product_brand":[2597],"product_cat":[1091],"product_tag":[],"class_list":{"0":"post-73889","1":"product","2":"type-product","3":"status-publish","4":"has-post-thumbnail","6":"product_brand-sirui-es","7":"product_cat-kits-de-video-es","9":"first","10":"instock","11":"taxable","12":"shipping-taxable","13":"purchasable","14":"product-type-simple"},"bundled_by":[],"bundle_stock_status":"instock","bundle_stock_quantity":1,"bundle_virtual":false,"bundle_layout":"","bundle_add_to_cart_form_location":"","bundle_editable_in_cart":false,"bundle_sold_individually_context":"","bundle_item_grouping":"","bundle_min_size":"","bundle_max_size":"","bundle_price":[],"bundled_items":[],"bundle_sell_ids":[],"acf":[],"_links":{"self":[{"href":"https:\/\/hi-techwonder.com\/es\/wp-json\/wp\/v2\/product\/73889","targetHints":{"allow":["GET"]}}],"collection":[{"href":"https:\/\/hi-techwonder.com\/es\/wp-json\/wp\/v2\/product"}],"about":[{"href":"https:\/\/hi-techwonder.com\/es\/wp-json\/wp\/v2\/types\/product"}],"replies":[{"embeddable":true,"href":"https:\/\/hi-techwonder.com\/es\/wp-json\/wp\/v2\/comments?post=73889"}],"wp:featuredmedia":[{"embeddable":true,"href":"https:\/\/hi-techwonder.com\/es\/wp-json\/wp\/v2\/media\/65565"}],"wp:attachment":[{"href":"https:\/\/hi-techwonder.com\/es\/wp-json\/wp\/v2\/media?parent=73889"}],"wp:term":[{"taxonomy":"product_brand","embeddable":true,"href":"https:\/\/hi-techwonder.com\/es\/wp-json\/wp\/v2\/product_brand?post=73889"},{"taxonomy":"product_cat","embeddable":true,"href":"https:\/\/hi-techwonder.com\/es\/wp-json\/wp\/v2\/product_cat?post=73889"},{"taxonomy":"product_tag","embeddable":true,"href":"https:\/\/hi-techwonder.com\/es\/wp-json\/wp\/v2\/product_tag?post=73889"}],"curies":[{"name":"wp","href":"https:\/\/api.w.org\/{rel}","templated":true}]}}