{"id":73890,"date":"2025-07-29T09:45:47","date_gmt":"2025-07-29T09:45:47","guid":{"rendered":"https:\/\/fv6qoy3ls0.wpdns.site\/product\/sirui-venus-35mm-t2-9-ff-1-6x-adapt-1-25x-nikon-z\/"},"modified":"2026-01-30T09:47:03","modified_gmt":"2026-01-30T09:47:03","slug":"sirui-venus-35mm-t2-9-ff-1-6x-adapt-1-25x-nikon-z","status":"publish","type":"product","link":"https:\/\/hi-techwonder.com\/es\/producto\/sirui-venus-35mm-t2-9-ff-1-6x-adapt-1-25x-nikon-z\/","title":{"rendered":"SIRUI Venus 35mm T2.9 FF 1.6x + Adapt 1.25x &#8211; Nikon Z"},"content":{"rendered":"<h3>SIRUI Venus 35mm T2.9 FF 1.6x + Adapt 1.25x &#8211; Nikon Z<\/h3>\n<ul>\n<li>Lente anam\u00f3rfica 35mm T2.9 1.6x FF<\/li>\n<li>Adaptador anam\u00f3rfico 1,25x, 2x en total<\/li>\n<li>Para sensores de fotograma completo<\/li>\n<li>Bokeh ovalado, efectos de rayas azules<\/li>\n<\/ul>\n<p>El kit de lentes anam\u00f3rficos de fotograma completo Nikon Z Mount 35mm T2.9 1.6x de Sirui combina la lente anam\u00f3rfica gran angular de 35 mm con un adaptador anam\u00f3rfico de 2x. Puede usar el adaptador 2x con la lente 1.6x para producir un efecto anam\u00f3rfico 2x, o montar el adaptador en una lente esf\u00e9rica para lograr un efecto anam\u00f3rfico 1.25x. &nbsp;<\/p>\n<p>M\u00e1s informaci\u00f3n sobre el objetivo y el adaptador:<\/p>\n<ul>\n<li><a href=\"https:\/\/hi-techwonder.com\/sirui-35mm-t2_9-full-frame-anamorfica-1_6x---nikon-z\">SIRUI 35mm T2.9 Fotograma completo anam\u00f3rfico 1.6x &#8211; Nikon Z<\/a><\/li>\n<li><a href=\"https:\/\/hi-techwonder.com\/sirui-adaptador-anamorfico-1_25x\">Adaptador anam\u00f3rfico SIRUI 1.25x<\/a><\/li>\n<\/ul>\n","protected":false},"excerpt":{"rendered":"<p>SIRUI Venus 35mm T2.9 FF 1.6x + Adapt 1.25x &#8211; Nikon Z Lente anam\u00f3rfica 35mm T2.9 1.6x FF Adaptador anam\u00f3rfico<\/p>\n","protected":false},"featured_media":53742,"comment_status":"closed","ping_status":"closed","template":"","meta":{"_acf_changed":false},"product_brand":[2597],"product_cat":[1042],"product_tag":[],"class_list":{"0":"post-73890","1":"product","2":"type-product","3":"status-publish","4":"has-post-thumbnail","6":"product_brand-sirui-es","7":"product_cat-cine","8":"pa_abertura-maxima-t2-9-es","10":"first","11":"onbackorder","12":"taxable","13":"shipping-taxable","14":"purchasable","15":"product-type-simple"},"bundled_by":[],"bundle_stock_status":"onbackorder","bundle_stock_quantity":null,"bundle_virtual":false,"bundle_layout":"","bundle_add_to_cart_form_location":"","bundle_editable_in_cart":false,"bundle_sold_individually_context":"","bundle_item_grouping":"","bundle_min_size":"","bundle_max_size":"","bundle_price":[],"bundled_items":[],"bundle_sell_ids":[],"acf":[],"_links":{"self":[{"href":"https:\/\/hi-techwonder.com\/es\/wp-json\/wp\/v2\/product\/73890","targetHints":{"allow":["GET"]}}],"collection":[{"href":"https:\/\/hi-techwonder.com\/es\/wp-json\/wp\/v2\/product"}],"about":[{"href":"https:\/\/hi-techwonder.com\/es\/wp-json\/wp\/v2\/types\/product"}],"replies":[{"embeddable":true,"href":"https:\/\/hi-techwonder.com\/es\/wp-json\/wp\/v2\/comments?post=73890"}],"wp:featuredmedia":[{"embeddable":true,"href":"https:\/\/hi-techwonder.com\/es\/wp-json\/wp\/v2\/media\/53742"}],"wp:attachment":[{"href":"https:\/\/hi-techwonder.com\/es\/wp-json\/wp\/v2\/media?parent=73890"}],"wp:term":[{"taxonomy":"product_brand","embeddable":true,"href":"https:\/\/hi-techwonder.com\/es\/wp-json\/wp\/v2\/product_brand?post=73890"},{"taxonomy":"product_cat","embeddable":true,"href":"https:\/\/hi-techwonder.com\/es\/wp-json\/wp\/v2\/product_cat?post=73890"},{"taxonomy":"product_tag","embeddable":true,"href":"https:\/\/hi-techwonder.com\/es\/wp-json\/wp\/v2\/product_tag?post=73890"}],"curies":[{"name":"wp","href":"https:\/\/api.w.org\/{rel}","templated":true}]}}