{"id":73891,"date":"2025-07-29T10:42:53","date_gmt":"2025-07-29T10:42:53","guid":{"rendered":"https:\/\/fv6qoy3ls0.wpdns.site\/product\/tripode-de-fibra-de-carbono-sirui-video-svt75-lite-svh15\/"},"modified":"2026-01-31T01:29:26","modified_gmt":"2026-01-31T01:29:26","slug":"sirui-tripode-de-fibra-de-carbono-sirui-video-svt75-lite-svh15","status":"publish","type":"product","link":"https:\/\/hi-techwonder.com\/es\/producto\/sirui-tripode-de-fibra-de-carbono-sirui-video-svt75-lite-svh15\/","title":{"rendered":"Tr\u00edpode de fibra de carbono SIRUI Video SVT75 LITE + SVH15"},"content":{"rendered":"<p><strong>KIT DE TR\u00cdPODE DE FIBRA DE CARBONO SIRII STV75 LITE + SVH15 PROFESIONAL DE VIDEO R\u00c1PIDO&nbsp;<\/strong><\/p>\n<p><strong>Funciones:<\/strong><\/p>\n<ul>\n<li>SVT75 Lite Patas de fibra de carbono de 3 secciones<\/li>\n<li>SVH15 Cabezal fluido de v\u00eddeo de 75 mm<\/li>\n<li>Capacidad de carga: 25 kg<\/li>\n<li>Rango de altura: 21 a 153 cm<\/li>\n<li>Peso: 3,7 kg<\/li>\n<\/ul>\n<p><strong>Contenido del paquete:&nbsp;<\/strong><\/p>\n<ul>\n<li>1 x Tr\u00edpode de fibra de carbono STV75 LITE Video<\/li>\n<li>1 x Cabezal fluido de video SVH15<\/li>\n<li>1 x Bolsa de almacenamiento<\/li>\n<\/ul>\n<p><iframe loading=\"lazy\" src=\"https:\/\/www.youtube.com\/embed\/-VSJzJ8f7IA?feature=shared\" width=\"560\" height=\"314\" allowfullscreen=\"allowfullscreen\"><\/iframe><\/p>\n<p>Creado para el cineasta dedicado, el kit de tr\u00edpode de fibra de carbono de video profesional r\u00e1pido Sirui SVT75 + SVH15 Lite es la encarnaci\u00f3n de la precisi\u00f3n, la estabilidad y la construcci\u00f3n liviana.&nbsp;  Este kit todo en uno combina el tr\u00edpode de video principal y el cabezal fluido de video de Sirui para brindar a los profesionales una experiencia de disparo incomparable.<\/p>\n<p><strong>TR\u00cdPODE DE FIBRA DE CARBONO SIRUI VIDEO STV75 LITE<\/strong><\/p>\n<p>Descubre una estabilidad cinematogr\u00e1fica sin igual. Meticulosamente dise\u00f1ado, el SVT75 Lite Rapid ofrece la combinaci\u00f3n perfecta de portabilidad y resistencia, asegurando que cada disparo permanezca estable. <\/p>\n<ul>\n<li><strong>Dise\u00f1o inigualable de fibra de carbono: <\/strong>disfruta de una robustez ligera con la construcci\u00f3n de fibra de carbono de la SVT75, reforzada por el di\u00e1metro de la pata de 40 mm.<\/li>\n<li><strong>Usabilidad eficiente:<\/strong> La configuraci\u00f3n y el desmontaje r\u00e1pidos garantizan que siempre est\u00e9 listo para esa toma perfecta.<\/li>\n<li><strong>Montaje vers\u00e1til para la cabeza:<\/strong> Un recipiente de 75 mm admite una amplia gama de cabezales de video, lo que garantiza fluidez en cada giro e inclinaci\u00f3n.<\/li>\n<li><strong>Capacidad de carga superior:<\/strong> A pesar de su estructura liviana, soporta equipos que pesan hasta 25 kg.<\/li>\n<li><strong>Opciones de altura flexibles:<\/strong> cambie entre evocadores \u00e1ngulos bajos a 21 cm y vistas panor\u00e1micas a 153 cm.<\/li>\n<li><strong>Ergonom\u00eda cuidadosa:<\/strong> Con solo 75 cm cuando est\u00e1 plegado, est\u00e1 dise\u00f1ado para todos los escenarios.<\/li>\n<\/ul>\n<p><img loading=\"lazy\" decoding=\"async\" src=\"https:\/\/cdn.shopifycdn.net\/s\/files\/1\/0449\/9344\/6037\/files\/4-3.gif?v=1691981768\" width=\"500\" height=\"282\" alt=\"\"> <img loading=\"lazy\" decoding=\"async\" src=\"https:\/\/cdn.shopifycdn.net\/s\/files\/1\/0449\/9344\/6037\/files\/5_8d8ddea8-f361-43ac-af3e-fa527136e531.gif?v=1691981771\" width=\"500\" height=\"281\" alt=\"\"> <img loading=\"lazy\" decoding=\"async\" src=\"https:\/\/cdn.shopifycdn.net\/s\/files\/1\/0449\/9344\/6037\/files\/4444.gif?v=1692183994\" width=\"500\" height=\"282\" alt=\"\"><\/p>\n<p><img loading=\"lazy\" decoding=\"async\" src=\"https:\/\/cdn.shopifycdn.net\/s\/files\/1\/0449\/9344\/6037\/files\/7_03cdaf13-a854-4871-b809-8547cef662b3.gif?v=1691981769\" width=\"500\" height=\"281\" alt=\"\">&nbsp;<img loading=\"lazy\" decoding=\"async\" src=\"https:\/\/cdn.shopifycdn.net\/s\/files\/1\/0449\/9344\/6037\/files\/8_66ee5015-f03f-4b7d-b520-aa5489074a2b.gif?v=1692265200\" width=\"500\" height=\"281\" alt=\"\">&nbsp;<img loading=\"lazy\" decoding=\"async\" src=\"https:\/\/cdn.shopifycdn.net\/s\/files\/1\/0449\/9344\/6037\/files\/6_84f6f85d-a241-49d9-b1c1-0dfbf7e2a1ea.gif?v=1691981770\" width=\"500\" height=\"281\" alt=\"\"><\/p>\n<p><strong> <\/strong><strong>CABEZAL FLUIDO DE VIDEO SIRUI SVH15<\/strong><\/p>\n<p>Eleva tu visi\u00f3n cinematogr\u00e1fica. Dise\u00f1ado para brindar precisi\u00f3n y facilidad, el cabezal fluido SVH15 integra caracter\u00edsticas de \u00faltima generaci\u00f3n para garantizar una ejecuci\u00f3n de disparo impecable. <\/p>\n<ul>\n<li><strong>Capacidad de carga s\u00f3lida: <\/strong>Admite varias combinaciones de engranajes con una capacidad de peso de 15 kg.<\/li>\n<li><strong>Estructura ligera:<\/strong> Con un peso de 3,7 kg, el transporte y la configuraci\u00f3n son muy f\u00e1ciles.<\/li>\n<li><strong>Precisi\u00f3n de giro e inclinaci\u00f3n:<\/strong> obtenga transiciones perfectas con controles de amortiguaci\u00f3n refinados.<\/li>\n<li><strong>Montaje adaptativo:<\/strong> Utilice la media bola de 75 mm y la montura de 3\/8&#8243; para configuraciones vers\u00e1tiles.<\/li>\n<li><strong>Equilibrio constante: <\/strong>Siete pasos aseguran que su equipo se mantenga equilibrado, evitando movimientos involuntarios.<\/li>\n<li><strong>Inclinaci\u00f3n expansiva:<\/strong> Mu\u00e9vete de -70 a +90 grados, abriendo un mundo de \u00e1ngulos.<\/li>\n<li><strong>Fijaci\u00f3n r\u00e1pida:<\/strong> La placa de inserci\u00f3n con bloqueo de palanca garantiza un montaje r\u00e1pido y seguro del equipo.<\/li>\n<li><strong>Accesorio listo:<\/strong> Enchufes (1\/4&#8243; y 3\/8&#8243;) para aumentar su configuraci\u00f3n.<\/li>\n<li><strong>Control de doble manija:<\/strong> Captura fotos estables con la operaci\u00f3n ergon\u00f3mica de doble manija.<\/li>\n<\/ul>\n<p><img loading=\"lazy\" decoding=\"async\" src=\"https:\/\/cdn.shopifycdn.net\/s\/files\/1\/0449\/9344\/6037\/files\/2_f7e5cb35-063a-491a-83e3-bdce519dd804.gif?v=1693788522\" width=\"500\" height=\"281\" alt=\"\">&nbsp;<img loading=\"lazy\" decoding=\"async\" src=\"https:\/\/cdn.shopifycdn.net\/s\/files\/1\/0449\/9344\/6037\/files\/3_30c88526-d75f-4900-b4d2-a246d236b13a.gif?v=1693361279\" width=\"500\" height=\"281\" alt=\"\">&nbsp;<img loading=\"lazy\" decoding=\"async\" src=\"https:\/\/cdn.shopifycdn.net\/s\/files\/1\/0449\/9344\/6037\/files\/5_4.gif?v=1692154598\" width=\"500\" height=\"281\" alt=\"\"><\/p>\n<p>Adem\u00e1s de la zapata de liberaci\u00f3n r\u00e1pida incorporada, el cabezal de video SVH15 es compatible con la zapata de liberaci\u00f3n r\u00e1pida DJI RS2 \/ RS3 \/ RS3 Pro, que le permite cambiar instant\u00e1neamente la c\u00e1mara entre el card\u00e1n y el tr\u00edpode<strong>.<\/strong><\/p>\n<p>&nbsp;<img loading=\"lazy\" decoding=\"async\" src=\"https:\/\/sirui-us.oss-us-west-1.aliyuncs.com\/product\/rapid\/dji16.jpg\" width=\"1000\" height=\"608\" alt=\"\"><\/p>\n<p>El kit de tr\u00edpode de fibra de carbono de video profesional r\u00e1pido Sirui SVT75 + SVH15 Lite no es solo una pieza de equipo, es una promesa de estabilidad, versatilidad y calidad incomparables.&nbsp;<\/p>\n<p>Tanto si eres un profesional experimentado como un aficionado apasionado, este tr\u00edpode estar\u00e1 a tu lado, apoyando tu visi\u00f3n y asegurando que tus fotos permanezcan tan estables como tu ambici\u00f3n.&nbsp;<\/p>\n<p>Eleva tu videograf\u00eda con Sirui y deja que el mundo vea tu historia a trav\u00e9s de una lente estable.<\/p>\n","protected":false},"excerpt":{"rendered":"<p>KIT DE TR\u00cdPODE DE FIBRA DE CARBONO SIRII STV75 LITE + SVH15 PROFESIONAL DE VIDEO R\u00c1PIDO&nbsp; Funciones: SVT75 Lite Patas<\/p>\n","protected":false},"featured_media":66464,"comment_status":"closed","ping_status":"closed","template":"","meta":{"_acf_changed":false},"product_brand":[2597],"product_cat":[1091],"product_tag":[],"class_list":{"0":"post-73891","1":"product","2":"type-product","3":"status-publish","4":"has-post-thumbnail","6":"product_brand-sirui-es","7":"product_cat-kits-de-video-es","9":"first","10":"instock","11":"taxable","12":"shipping-taxable","13":"purchasable","14":"product-type-simple"},"bundled_by":[],"bundle_stock_status":"instock","bundle_stock_quantity":1,"bundle_virtual":false,"bundle_layout":"","bundle_add_to_cart_form_location":"","bundle_editable_in_cart":false,"bundle_sold_individually_context":"","bundle_item_grouping":"","bundle_min_size":"","bundle_max_size":"","bundle_price":[],"bundled_items":[],"bundle_sell_ids":[],"acf":[],"_links":{"self":[{"href":"https:\/\/hi-techwonder.com\/es\/wp-json\/wp\/v2\/product\/73891","targetHints":{"allow":["GET"]}}],"collection":[{"href":"https:\/\/hi-techwonder.com\/es\/wp-json\/wp\/v2\/product"}],"about":[{"href":"https:\/\/hi-techwonder.com\/es\/wp-json\/wp\/v2\/types\/product"}],"replies":[{"embeddable":true,"href":"https:\/\/hi-techwonder.com\/es\/wp-json\/wp\/v2\/comments?post=73891"}],"wp:featuredmedia":[{"embeddable":true,"href":"https:\/\/hi-techwonder.com\/es\/wp-json\/wp\/v2\/media\/66464"}],"wp:attachment":[{"href":"https:\/\/hi-techwonder.com\/es\/wp-json\/wp\/v2\/media?parent=73891"}],"wp:term":[{"taxonomy":"product_brand","embeddable":true,"href":"https:\/\/hi-techwonder.com\/es\/wp-json\/wp\/v2\/product_brand?post=73891"},{"taxonomy":"product_cat","embeddable":true,"href":"https:\/\/hi-techwonder.com\/es\/wp-json\/wp\/v2\/product_cat?post=73891"},{"taxonomy":"product_tag","embeddable":true,"href":"https:\/\/hi-techwonder.com\/es\/wp-json\/wp\/v2\/product_tag?post=73891"}],"curies":[{"name":"wp","href":"https:\/\/api.w.org\/{rel}","templated":true}]}}