{"id":73896,"date":"2025-07-29T10:50:59","date_gmt":"2025-07-29T10:50:59","guid":{"rendered":"https:\/\/fv6qoy3ls0.wpdns.site\/product\/smallrig-1798-zapata-de-tuberia-con-montaje\/"},"modified":"2025-12-30T18:12:02","modified_gmt":"2025-12-30T18:12:02","slug":"smallrig-1798-zapata-de-tuberia-con-montaje","status":"publish","type":"product","link":"https:\/\/hi-techwonder.com\/es\/producto\/smallrig-1798-zapata-de-tuberia-con-montaje\/","title":{"rendered":"SMALLRIG 1798 Zapata de tuber\u00eda con montaje"},"content":{"rendered":"<p>El kit de montaje de tr\u00edpode SmallRig con bloque de riel de 15 mm 1798 se combina con dos placas de montaje de tr\u00edpode SmallRig con bloque de riel de 15 mm. Se utiliza para paquetes de c\u00e1maras de longitud larga y frontal pesada. F\u00edjelo a la placa del tr\u00edpode con un tornillo de 3\/8&#8221;-16 y un tornillo de 1\/4&#8221;-20, luego puede montar su placa base de cola de milano en \u00e9l. Se conecta a rieles de 15 mm para colocar accesorios, como follow focus, matte box, etc. La ranura de 40 mm permite el equilibrio adecuado de una c\u00e1mara frontal pesada en su tr\u00edpode.    <\/p>\n<p><strong>Caracter\u00edsticas principales:<\/strong><\/p>\n<ul>\n<li>1. Con\u00e9ctelo a cualquier tablero de tr\u00edpode u otro tablero de puente est\u00e1ndar<\/li>\n<li>2. Fijaci\u00f3n en rieles de 15 mm para accesorios de fijaci\u00f3n<\/li>\n<li>3. Permite un ajuste de 40 mm para el control del equilibrio<\/li>\n<\/ul>\n<p><strong><br \/>El paquete incluye:<\/strong><\/p>\n<ul>\n<li>2 x Placa base<\/li>\n<li>2x Bloque de riel de 15 mm 840<\/li>\n<li>1x tornillo de 1\/4&#8221;-20<\/li>\n<li>1x 3\/8&#8221;-16 perno<\/li>\n<li>1 x llave inglesa<\/li>\n<\/ul>\n<p><strong>Dimensiones del producto:<\/strong> 90x110x40mm<\/p>\n<p><strong>Peso neto:<\/strong> 380g<\/p>\n","protected":false},"excerpt":{"rendered":"<p>El kit de montaje de tr\u00edpode SmallRig con bloque de riel de 15 mm 1798 se combina con dos placas<\/p>\n","protected":false},"featured_media":68403,"comment_status":"closed","ping_status":"open","template":"","meta":{"_acf_changed":false},"product_brand":[2550],"product_cat":[1097],"product_tag":[],"class_list":{"0":"post-73896","1":"product","2":"type-product","3":"status-publish","4":"has-post-thumbnail","6":"product_brand-smallrig-es","7":"product_cat-bases-zapatas","9":"first","10":"instock","11":"taxable","12":"shipping-taxable","13":"purchasable","14":"product-type-simple"},"bundled_by":[],"bundle_stock_status":"instock","bundle_stock_quantity":2,"bundle_virtual":false,"bundle_layout":"","bundle_add_to_cart_form_location":"","bundle_editable_in_cart":false,"bundle_sold_individually_context":"","bundle_item_grouping":"","bundle_min_size":"","bundle_max_size":"","bundle_price":[],"bundled_items":[],"bundle_sell_ids":[],"acf":[],"_links":{"self":[{"href":"https:\/\/hi-techwonder.com\/es\/wp-json\/wp\/v2\/product\/73896","targetHints":{"allow":["GET"]}}],"collection":[{"href":"https:\/\/hi-techwonder.com\/es\/wp-json\/wp\/v2\/product"}],"about":[{"href":"https:\/\/hi-techwonder.com\/es\/wp-json\/wp\/v2\/types\/product"}],"replies":[{"embeddable":true,"href":"https:\/\/hi-techwonder.com\/es\/wp-json\/wp\/v2\/comments?post=73896"}],"wp:featuredmedia":[{"embeddable":true,"href":"https:\/\/hi-techwonder.com\/es\/wp-json\/wp\/v2\/media\/68403"}],"wp:attachment":[{"href":"https:\/\/hi-techwonder.com\/es\/wp-json\/wp\/v2\/media?parent=73896"}],"wp:term":[{"taxonomy":"product_brand","embeddable":true,"href":"https:\/\/hi-techwonder.com\/es\/wp-json\/wp\/v2\/product_brand?post=73896"},{"taxonomy":"product_cat","embeddable":true,"href":"https:\/\/hi-techwonder.com\/es\/wp-json\/wp\/v2\/product_cat?post=73896"},{"taxonomy":"product_tag","embeddable":true,"href":"https:\/\/hi-techwonder.com\/es\/wp-json\/wp\/v2\/product_tag?post=73896"}],"curies":[{"name":"wp","href":"https:\/\/api.w.org\/{rel}","templated":true}]}}