{"id":73897,"date":"2025-07-28T23:25:50","date_gmt":"2025-07-28T23:25:50","guid":{"rendered":"https:\/\/fv6qoy3ls0.wpdns.site\/product\/smallrig-1631-adaptador-de-zapata-caliente-paquete-de-2\/"},"modified":"2026-04-06T10:05:14","modified_gmt":"2026-04-06T09:05:14","slug":"smallrig-1631-adaptador-de-zapata-caliente-paquete-de-2","status":"publish","type":"product","link":"https:\/\/hi-techwonder.com\/es\/producto\/smallrig-1631-adaptador-de-zapata-caliente-paquete-de-2\/","title":{"rendered":"SMALLRIG 1631 Adaptador de zapata caliente (paquete de 2)"},"content":{"rendered":"<p>Este paquete de dos adaptadores de zapata de aleaci\u00f3n de aluminio de SmallRig es \u00fatil para conectar accesorios roscados a la zapata o zapata de accesorios de una c\u00e1mara. El montaje inferior es una zapata plana y la parte superior es una rosca de 1\/4&#8243;, con una secci\u00f3n inferior roscada de 3\/8&#8243; y dos anillos de bloqueo para mantener la tensi\u00f3n con los accesorios conectados. <\/p>\n<p>El adaptador de zapata de 3\/8&#8243; a 1\/4&#8243; es parte del CoolArm11 y se puede usar para montar un accesorio con un enchufe de 1\/4&#8243; en la zapata de una c\u00e1mara.<\/p>\n<p>La rosca es de 3\/8&#8243; a 1\/4&#8243;: la parte superior de la rosca es de 1\/4&#8243;, la parte inferior es de 3\/8&#8243;.<\/p>\n<p><strong>Incluye:<\/strong><\/p>\n<p>2x Adaptador de montaje en zapata<\/p>\n<p><strong>Material:<\/strong> Aleaci\u00f3n de aluminio<\/p>\n<p><strong>Peso neto:<\/strong> 60g<\/p>\n","protected":false},"excerpt":{"rendered":"<p>Este paquete de dos adaptadores de zapata de aleaci\u00f3n de aluminio de SmallRig es \u00fatil para conectar accesorios roscados a<\/p>\n","protected":false},"featured_media":21471,"comment_status":"closed","ping_status":"open","template":"","meta":{"_acf_changed":false},"product_brand":[2550],"product_cat":[1097],"product_tag":[],"class_list":{"0":"post-73897","1":"product","2":"type-product","3":"status-publish","4":"has-post-thumbnail","6":"product_brand-smallrig-es","7":"product_cat-bases-zapatas","9":"first","10":"instock","11":"taxable","12":"shipping-taxable","13":"purchasable","14":"product-type-simple"},"bundled_by":[],"bundle_stock_status":"instock","bundle_stock_quantity":1,"bundle_virtual":false,"bundle_layout":"","bundle_add_to_cart_form_location":"","bundle_editable_in_cart":false,"bundle_sold_individually_context":"","bundle_item_grouping":"","bundle_min_size":"","bundle_max_size":"","bundle_price":[],"bundled_items":[],"bundle_sell_ids":[],"acf":[],"_links":{"self":[{"href":"https:\/\/hi-techwonder.com\/es\/wp-json\/wp\/v2\/product\/73897","targetHints":{"allow":["GET"]}}],"collection":[{"href":"https:\/\/hi-techwonder.com\/es\/wp-json\/wp\/v2\/product"}],"about":[{"href":"https:\/\/hi-techwonder.com\/es\/wp-json\/wp\/v2\/types\/product"}],"replies":[{"embeddable":true,"href":"https:\/\/hi-techwonder.com\/es\/wp-json\/wp\/v2\/comments?post=73897"}],"wp:featuredmedia":[{"embeddable":true,"href":"https:\/\/hi-techwonder.com\/es\/wp-json\/wp\/v2\/media\/21471"}],"wp:attachment":[{"href":"https:\/\/hi-techwonder.com\/es\/wp-json\/wp\/v2\/media?parent=73897"}],"wp:term":[{"taxonomy":"product_brand","embeddable":true,"href":"https:\/\/hi-techwonder.com\/es\/wp-json\/wp\/v2\/product_brand?post=73897"},{"taxonomy":"product_cat","embeddable":true,"href":"https:\/\/hi-techwonder.com\/es\/wp-json\/wp\/v2\/product_cat?post=73897"},{"taxonomy":"product_tag","embeddable":true,"href":"https:\/\/hi-techwonder.com\/es\/wp-json\/wp\/v2\/product_tag?post=73897"}],"curies":[{"name":"wp","href":"https:\/\/api.w.org\/{rel}","templated":true}]}}