{"id":73902,"date":"2025-07-29T10:51:08","date_gmt":"2025-07-29T10:51:08","guid":{"rendered":"https:\/\/fv6qoy3ls0.wpdns.site\/product\/smallrig-1674-zapata-de-tubo-con-montaje\/"},"modified":"2025-11-26T18:13:07","modified_gmt":"2025-11-26T18:13:07","slug":"smallrig-1674-zapata-de-tubo-con-montaje","status":"publish","type":"product","link":"https:\/\/hi-techwonder.com\/es\/producto\/smallrig-1674-zapata-de-tubo-con-montaje\/","title":{"rendered":"SMALLRIG 1674 Zapata de tubo con montaje"},"content":{"rendered":"<p>Esta placa base de perfil bajo es una placa base simple y liviana para las c\u00e1maras populares de hoy, como Sony FS7, Sony A7 series, Canon C100 \/ C300 \/ C500, etc. \/4 \u00ab-20 tornillo. La placa base tiene orificios de varilla espaciados de 15 mm de di\u00e1metro y 60 mm que le permiten montar un enfoque, una carcasa mate, una montura de lente u otros accesorios. Ha sido dise\u00f1ado espec\u00edficamente para mantener el peso bajo y permitir que el operador use la hombrera incorporada del FS7, minimizando la cantidad de peso adicional y el equipo requerido para un equipo. Con roscas de 1\/4\u00bb-20 y 3\/8\u00bb-16 en la parte inferior, esta placa base se puede acoplar a cualquier tr\u00edpode.    <\/p>\n<p> <strong>Incluye:<\/strong><\/p>\n<ul>\n<li>  1 x Placa base<\/li>\n<li>  1 x tornillo de fijaci\u00f3n de 1\/4 \u00bb<\/li>\n<li>  1 x tornillo de fijaci\u00f3n de 3\/8\u00bb<\/li>\n<li>  2 x tornillo de 1\/4\u00bb-20<\/li>\n<li>  1 x Llave hexagonal<\/li>\n<\/ul>\n<p> <strong>Material:<\/strong> aleaci\u00f3n de aluminio, caucho <strong><br \/>Peso neto:<\/strong> 171g  <\/p>\n<p><object data=\"https:\/\/www.youtube.com\/v\/EsR6B31n0tE\" type=\"application\/x-shockwave-flash\" width=\"425\" height=\"350\"><param name=\"src\" value=\"https:\/\/www.youtube.com\/v\/EsR6B31n0tE\"><\/object><\/p>\n","protected":false},"excerpt":{"rendered":"<p>Esta placa base de perfil bajo es una placa base simple y liviana para las c\u00e1maras populares de hoy, como<\/p>\n","protected":false},"featured_media":68420,"comment_status":"closed","ping_status":"open","template":"","meta":{"_acf_changed":false},"product_brand":[2550],"product_cat":[1097],"product_tag":[],"class_list":{"0":"post-73902","1":"product","2":"type-product","3":"status-publish","4":"has-post-thumbnail","6":"product_brand-smallrig-es","7":"product_cat-bases-zapatas","9":"first","10":"onbackorder","11":"taxable","12":"shipping-taxable","13":"purchasable","14":"product-type-simple"},"bundled_by":[],"bundle_stock_status":"onbackorder","bundle_stock_quantity":null,"bundle_virtual":false,"bundle_layout":"","bundle_add_to_cart_form_location":"","bundle_editable_in_cart":false,"bundle_sold_individually_context":"","bundle_item_grouping":"","bundle_min_size":"","bundle_max_size":"","bundle_price":[],"bundled_items":[],"bundle_sell_ids":[],"acf":[],"_links":{"self":[{"href":"https:\/\/hi-techwonder.com\/es\/wp-json\/wp\/v2\/product\/73902","targetHints":{"allow":["GET"]}}],"collection":[{"href":"https:\/\/hi-techwonder.com\/es\/wp-json\/wp\/v2\/product"}],"about":[{"href":"https:\/\/hi-techwonder.com\/es\/wp-json\/wp\/v2\/types\/product"}],"replies":[{"embeddable":true,"href":"https:\/\/hi-techwonder.com\/es\/wp-json\/wp\/v2\/comments?post=73902"}],"wp:featuredmedia":[{"embeddable":true,"href":"https:\/\/hi-techwonder.com\/es\/wp-json\/wp\/v2\/media\/68420"}],"wp:attachment":[{"href":"https:\/\/hi-techwonder.com\/es\/wp-json\/wp\/v2\/media?parent=73902"}],"wp:term":[{"taxonomy":"product_brand","embeddable":true,"href":"https:\/\/hi-techwonder.com\/es\/wp-json\/wp\/v2\/product_brand?post=73902"},{"taxonomy":"product_cat","embeddable":true,"href":"https:\/\/hi-techwonder.com\/es\/wp-json\/wp\/v2\/product_cat?post=73902"},{"taxonomy":"product_tag","embeddable":true,"href":"https:\/\/hi-techwonder.com\/es\/wp-json\/wp\/v2\/product_tag?post=73902"}],"curies":[{"name":"wp","href":"https:\/\/api.w.org\/{rel}","templated":true}]}}