{"id":73903,"date":"2025-07-29T10:52:30","date_gmt":"2025-07-29T10:52:30","guid":{"rendered":"https:\/\/fv6qoy3ls0.wpdns.site\/product\/smallrig-1498-brazo-magico-11\/"},"modified":"2026-04-30T11:51:28","modified_gmt":"2026-04-30T10:51:28","slug":"smallrig-1498-brazo-magico-11","status":"publish","type":"product","link":"https:\/\/hi-techwonder.com\/es\/producto\/smallrig-1498-brazo-magico-11\/","title":{"rendered":"SMALLRIG 1498 Brazo M\u00e1gico 11&#8243;"},"content":{"rendered":"<p>Construcci\u00f3n duradera con una perilla de control de bloqueo para liberar o activar la tensi\u00f3n, construcci\u00f3n duradera con una perilla de control de bloqueo para liberar o activar la tensi\u00f3n, este brazo articulado simplifica el montaje al permitirle ajustar f\u00e1cilmente cualquier iluminaci\u00f3n en la c\u00e1mara y otros accesorios.<\/p>\n","protected":false},"excerpt":{"rendered":"<p>Construcci\u00f3n duradera con una perilla de control de bloqueo para liberar o activar la tensi\u00f3n, construcci\u00f3n duradera con una perilla<\/p>\n","protected":false},"featured_media":68724,"comment_status":"closed","ping_status":"open","template":"","meta":{"_acf_changed":false},"product_brand":[2550],"product_cat":[1099],"product_tag":[],"class_list":{"0":"post-73903","1":"product","2":"type-product","3":"status-publish","4":"has-post-thumbnail","6":"product_brand-smallrig-es","7":"product_cat-brazos-es","9":"first","10":"instock","11":"taxable","12":"shipping-taxable","13":"purchasable","14":"product-type-simple"},"bundled_by":[],"bundle_stock_status":"instock","bundle_stock_quantity":1,"bundle_virtual":false,"bundle_layout":"","bundle_add_to_cart_form_location":"","bundle_editable_in_cart":false,"bundle_sold_individually_context":"","bundle_item_grouping":"","bundle_min_size":"","bundle_max_size":"","bundle_price":[],"bundled_items":[],"bundle_sell_ids":[],"acf":[],"_links":{"self":[{"href":"https:\/\/hi-techwonder.com\/es\/wp-json\/wp\/v2\/product\/73903","targetHints":{"allow":["GET"]}}],"collection":[{"href":"https:\/\/hi-techwonder.com\/es\/wp-json\/wp\/v2\/product"}],"about":[{"href":"https:\/\/hi-techwonder.com\/es\/wp-json\/wp\/v2\/types\/product"}],"replies":[{"embeddable":true,"href":"https:\/\/hi-techwonder.com\/es\/wp-json\/wp\/v2\/comments?post=73903"}],"wp:featuredmedia":[{"embeddable":true,"href":"https:\/\/hi-techwonder.com\/es\/wp-json\/wp\/v2\/media\/68724"}],"wp:attachment":[{"href":"https:\/\/hi-techwonder.com\/es\/wp-json\/wp\/v2\/media?parent=73903"}],"wp:term":[{"taxonomy":"product_brand","embeddable":true,"href":"https:\/\/hi-techwonder.com\/es\/wp-json\/wp\/v2\/product_brand?post=73903"},{"taxonomy":"product_cat","embeddable":true,"href":"https:\/\/hi-techwonder.com\/es\/wp-json\/wp\/v2\/product_cat?post=73903"},{"taxonomy":"product_tag","embeddable":true,"href":"https:\/\/hi-techwonder.com\/es\/wp-json\/wp\/v2\/product_tag?post=73903"}],"curies":[{"name":"wp","href":"https:\/\/api.w.org\/{rel}","templated":true}]}}