{"id":73904,"date":"2025-07-29T10:47:56","date_gmt":"2025-07-29T10:47:56","guid":{"rendered":"https:\/\/fv6qoy3ls0.wpdns.site\/product\/smallrig-1638-empunadura-de-jaula\/"},"modified":"2025-07-29T10:47:56","modified_gmt":"2025-07-29T10:47:56","slug":"smallrig-1638-empunadura-de-jaula","status":"publish","type":"product","link":"https:\/\/hi-techwonder.com\/es\/producto\/smallrig-1638-empunadura-de-jaula\/","title":{"rendered":"SMALLRIG 1638 Empu\u00f1adura de jaula"},"content":{"rendered":"<p>Mango superior SmallRig con zapata fr\u00eda HD-CL-1638.<br \/> Este es el dise\u00f1o original de Mango superior con zapata fr\u00eda.<br \/> Los puntos de montaje de 1\/4&#8243;-20 en la parte delantera son para montar accesorios como el montaje de zapata fr\u00eda.<br \/> La base de la zapata fr\u00eda en la parte superior se utiliza para montar accesorios de calzado est\u00e1ndar.<br \/> <strong><br \/>El paquete incluye:<\/strong><br \/> 1 x Asa superior<br \/> 1 x Llave hexagonal<br \/> 2 tornillos de 1\/4&#8243;<\/p>\n<p><strong>Peso neto:<\/strong> 160g<br \/><strong>Material(es):<\/strong> Aleaci\u00f3n de aluminio<\/p>\n","protected":false},"excerpt":{"rendered":"<p>Mango superior SmallRig con zapata fr\u00eda HD-CL-1638. Este es el dise\u00f1o original de Mango superior con zapata fr\u00eda. Los puntos<\/p>\n","protected":false},"featured_media":67665,"comment_status":"closed","ping_status":"open","template":"","meta":{"_acf_changed":false},"product_brand":[2550],"product_cat":[1108],"product_tag":[],"class_list":{"0":"post-73904","1":"product","2":"type-product","3":"status-publish","4":"has-post-thumbnail","6":"product_brand-smallrig-es","7":"product_cat-empunaduras-cages","9":"first","10":"onbackorder","11":"taxable","12":"shipping-taxable","13":"purchasable","14":"product-type-simple"},"bundled_by":[],"bundle_stock_status":"onbackorder","bundle_stock_quantity":0,"bundle_virtual":false,"bundle_layout":"","bundle_add_to_cart_form_location":"","bundle_editable_in_cart":false,"bundle_sold_individually_context":"","bundle_item_grouping":"","bundle_min_size":"","bundle_max_size":"","bundle_price":[],"bundled_items":[],"bundle_sell_ids":[],"acf":[],"_links":{"self":[{"href":"https:\/\/hi-techwonder.com\/es\/wp-json\/wp\/v2\/product\/73904","targetHints":{"allow":["GET"]}}],"collection":[{"href":"https:\/\/hi-techwonder.com\/es\/wp-json\/wp\/v2\/product"}],"about":[{"href":"https:\/\/hi-techwonder.com\/es\/wp-json\/wp\/v2\/types\/product"}],"replies":[{"embeddable":true,"href":"https:\/\/hi-techwonder.com\/es\/wp-json\/wp\/v2\/comments?post=73904"}],"wp:featuredmedia":[{"embeddable":true,"href":"https:\/\/hi-techwonder.com\/es\/wp-json\/wp\/v2\/media\/67665"}],"wp:attachment":[{"href":"https:\/\/hi-techwonder.com\/es\/wp-json\/wp\/v2\/media?parent=73904"}],"wp:term":[{"taxonomy":"product_brand","embeddable":true,"href":"https:\/\/hi-techwonder.com\/es\/wp-json\/wp\/v2\/product_brand?post=73904"},{"taxonomy":"product_cat","embeddable":true,"href":"https:\/\/hi-techwonder.com\/es\/wp-json\/wp\/v2\/product_cat?post=73904"},{"taxonomy":"product_tag","embeddable":true,"href":"https:\/\/hi-techwonder.com\/es\/wp-json\/wp\/v2\/product_tag?post=73904"}],"curies":[{"name":"wp","href":"https:\/\/api.w.org\/{rel}","templated":true}]}}