{"id":73905,"date":"2025-07-29T10:49:23","date_gmt":"2025-07-29T10:49:23","guid":{"rendered":"https:\/\/fv6qoy3ls0.wpdns.site\/product\/smallrig-1409-riel-de-seguridad-de-liberacion-rapida-46-mm\/"},"modified":"2026-04-15T19:22:52","modified_gmt":"2026-04-15T18:22:52","slug":"smallrig-1409-riel-de-seguridad-de-liberacion-rapida-46-mm","status":"publish","type":"product","link":"https:\/\/hi-techwonder.com\/es\/producto\/smallrig-1409-riel-de-seguridad-de-liberacion-rapida-46-mm\/","title":{"rendered":"SMALLRIG 1409 Riel de seguridad de liberaci\u00f3n r\u00e1pida (46 mm)"},"content":{"rendered":"<p>La barandilla de seguridad est\u00e1ndar de liberaci\u00f3n r\u00e1pida de 46 mm es parte de nuestras manijas QR. El pasador con resorte en cada extremo del riel evita el desprendimiento accidental del accesorio. Compatible con nuestro SlideMount, con RED Epic\/Scarlet, Black Magic Camera y otros accesorios de terceros.  <\/p>\n<p> <strong>El paquete incluye:<\/strong><\/p>\n<ul>\n<li>  1x barandilla de seguridad de 46 mm<\/li>\n<li>  1 x Llave hexagonal<\/li>\n<li>  4 x Tornillo de 1\/4\u00bb<\/li>\n<\/ul>\n<p><strong>Peso neto:<\/strong> 38g<br \/><strong>Material(es):<\/strong> Aleaci\u00f3n de aluminio<\/p>\n","protected":false},"excerpt":{"rendered":"<p>La barandilla de seguridad est\u00e1ndar de liberaci\u00f3n r\u00e1pida de 46 mm es parte de nuestras manijas QR. El pasador con<\/p>\n","protected":false},"featured_media":68068,"comment_status":"closed","ping_status":"open","template":"","meta":{"_acf_changed":false},"product_brand":[2550],"product_cat":[1104],"product_tag":[],"class_list":{"0":"post-73905","1":"product","2":"type-product","3":"status-publish","4":"has-post-thumbnail","6":"product_brand-smallrig-es","7":"product_cat-accesorios-cages","9":"first","10":"onbackorder","11":"taxable","12":"shipping-taxable","13":"purchasable","14":"product-type-simple"},"bundled_by":[],"bundle_stock_status":"onbackorder","bundle_stock_quantity":null,"bundle_virtual":false,"bundle_layout":"","bundle_add_to_cart_form_location":"","bundle_editable_in_cart":false,"bundle_sold_individually_context":"","bundle_item_grouping":"","bundle_min_size":"","bundle_max_size":"","bundle_price":[],"bundled_items":[],"bundle_sell_ids":[],"acf":[],"_links":{"self":[{"href":"https:\/\/hi-techwonder.com\/es\/wp-json\/wp\/v2\/product\/73905","targetHints":{"allow":["GET"]}}],"collection":[{"href":"https:\/\/hi-techwonder.com\/es\/wp-json\/wp\/v2\/product"}],"about":[{"href":"https:\/\/hi-techwonder.com\/es\/wp-json\/wp\/v2\/types\/product"}],"replies":[{"embeddable":true,"href":"https:\/\/hi-techwonder.com\/es\/wp-json\/wp\/v2\/comments?post=73905"}],"wp:featuredmedia":[{"embeddable":true,"href":"https:\/\/hi-techwonder.com\/es\/wp-json\/wp\/v2\/media\/68068"}],"wp:attachment":[{"href":"https:\/\/hi-techwonder.com\/es\/wp-json\/wp\/v2\/media?parent=73905"}],"wp:term":[{"taxonomy":"product_brand","embeddable":true,"href":"https:\/\/hi-techwonder.com\/es\/wp-json\/wp\/v2\/product_brand?post=73905"},{"taxonomy":"product_cat","embeddable":true,"href":"https:\/\/hi-techwonder.com\/es\/wp-json\/wp\/v2\/product_cat?post=73905"},{"taxonomy":"product_tag","embeddable":true,"href":"https:\/\/hi-techwonder.com\/es\/wp-json\/wp\/v2\/product_tag?post=73905"}],"curies":[{"name":"wp","href":"https:\/\/api.w.org\/{rel}","templated":true}]}}