{"id":73906,"date":"2025-07-29T10:46:12","date_gmt":"2025-07-29T10:46:12","guid":{"rendered":"https:\/\/fv6qoy3ls0.wpdns.site\/product\/jaula-smallrig-2243-para-nikon-z6-z7\/"},"modified":"2026-02-16T15:01:50","modified_gmt":"2026-02-16T15:01:50","slug":"smallrig-jaula-smallrig-2243-para-nikon-z6-z7","status":"publish","type":"product","link":"https:\/\/hi-techwonder.com\/es\/producto\/smallrig-jaula-smallrig-2243-para-nikon-z6-z7\/","title":{"rendered":"Jaula SMALLRIG 2243 para Nikon Z6\/Z7"},"content":{"rendered":"<p>Este armaz\u00f3n SmallRig para <strong>Nikon Z6 \/ Z7<\/strong> est\u00e1 hecho de aleaci\u00f3n de aluminio que protege su c\u00e1mara de los rigores de la vida diaria de producci\u00f3n, sin impedir el acceso a las funciones, visores, puertos o bater\u00eda de la c\u00e1mara.<\/p>\n<p><strong>Caracter\u00edsticas principales:<\/strong><\/p>\n<ol>\n<li>Armaz\u00f3n completo a presi\u00f3n para c\u00e1mara Nikon Z6 \/ Z7.<\/li>\n<li>Accesorios roscados de 1\/4&#8243;-20 &amp; ARRI 3\/8&#8243;-16.<\/li>\n<li>Zapata fr\u00eda integrada y riel NATO en la parte superior y lateral.<\/li>\n<li>Se bloquea a trav\u00e9s de un tornillo de 1\/4&#8243;-20 y M2.5 para evitar torceduras.<\/li>\n<li>Destornillador de cabeza plana incorporado con llave Allen en la parte inferior.<\/li>\n<\/ol>\n<p>La jaula SmallRig para c\u00e1mara Nikon Z6\/Z7 2243 es una jaula completa dise\u00f1ada para proporcionar protecci\u00f3n y soportes de accesorios. El armaz\u00f3n se fija a la c\u00e1mara mediante un tornillo de 1\/4&#8243;-20 en la parte inferior y un tornillo m2.5 en el lado izquierdo para mayor seguridad y evitar torceduras. Con m\u00faltiples roscas de accesorios de 1\/4&#8243;-20 y ARRI 3\/8&#8243;-16 para una amplia variedad de accesorios como el mango superior 2165 y el soporte para monitor 2903 y 2904. El armaz\u00f3n se integra con una zapata caliente en la parte superior para el micr\u00f3fono, liviano y cuenta con un riel NATO en el lado izquierdo para el mango NATO 2187, un riel NATO en la parte superior para el mango superior HTN2439. Se incluye un destornillador con una llave Allen para asegurar el tornillo de la c\u00e1mara y se guarda en la parte inferior del armaz\u00f3n. Adem\u00e1s, la parte frontal del armaz\u00f3n es compatible con el soporte de adaptador de lente Nikon FTZ 2244 para proteger su lente. Adem\u00e1s, la jaula proporciona una ranura para asa en el lateral para el asa de transporte. La brida para cables HDMI y USB 2927 opcional est\u00e1 disponible por separado para proteger los puertos de los cables.       <\/p>\n<p><strong>El paquete incluye:<\/strong><\/p>\n<p>1 x jaula<\/p>\n<p><strong>Dimensiones del producto:<\/strong> 149,5 x 111 x 65 mm<\/p>\n<p><strong>Dimensiones del paquete:<\/strong> 165 x 155 x 85 mm<\/p>\n<p><strong>Peso neto:<\/strong> 212 g \u00b1 5 g<\/p>\n<p><strong>Peso del paquete:<\/strong> 328 g \u00b1 5 g<\/p>\n<p><strong>Material(es):<\/strong> Aleaci\u00f3n de aluminio, acero inoxidable<\/p>\n","protected":false},"excerpt":{"rendered":"<p>Este armaz\u00f3n SmallRig para Nikon Z6 \/ Z7 est\u00e1 hecho de aleaci\u00f3n de aluminio que protege su c\u00e1mara de los<\/p>\n","protected":false},"featured_media":67259,"comment_status":"closed","ping_status":"open","template":"","meta":{"_acf_changed":false},"product_brand":[2550],"product_cat":[1105],"product_tag":[],"class_list":{"0":"post-73906","1":"product","2":"type-product","3":"status-publish","4":"has-post-thumbnail","6":"product_brand-smallrig-es","7":"product_cat-cages-cages-es","9":"first","10":"instock","11":"taxable","12":"shipping-taxable","13":"purchasable","14":"product-type-simple"},"bundled_by":[],"bundle_stock_status":"instock","bundle_stock_quantity":1,"bundle_virtual":false,"bundle_layout":"","bundle_add_to_cart_form_location":"","bundle_editable_in_cart":false,"bundle_sold_individually_context":"","bundle_item_grouping":"","bundle_min_size":"","bundle_max_size":"","bundle_price":[],"bundled_items":[],"bundle_sell_ids":[],"acf":[],"_links":{"self":[{"href":"https:\/\/hi-techwonder.com\/es\/wp-json\/wp\/v2\/product\/73906","targetHints":{"allow":["GET"]}}],"collection":[{"href":"https:\/\/hi-techwonder.com\/es\/wp-json\/wp\/v2\/product"}],"about":[{"href":"https:\/\/hi-techwonder.com\/es\/wp-json\/wp\/v2\/types\/product"}],"replies":[{"embeddable":true,"href":"https:\/\/hi-techwonder.com\/es\/wp-json\/wp\/v2\/comments?post=73906"}],"wp:featuredmedia":[{"embeddable":true,"href":"https:\/\/hi-techwonder.com\/es\/wp-json\/wp\/v2\/media\/67259"}],"wp:attachment":[{"href":"https:\/\/hi-techwonder.com\/es\/wp-json\/wp\/v2\/media?parent=73906"}],"wp:term":[{"taxonomy":"product_brand","embeddable":true,"href":"https:\/\/hi-techwonder.com\/es\/wp-json\/wp\/v2\/product_brand?post=73906"},{"taxonomy":"product_cat","embeddable":true,"href":"https:\/\/hi-techwonder.com\/es\/wp-json\/wp\/v2\/product_cat?post=73906"},{"taxonomy":"product_tag","embeddable":true,"href":"https:\/\/hi-techwonder.com\/es\/wp-json\/wp\/v2\/product_tag?post=73906"}],"curies":[{"name":"wp","href":"https:\/\/api.w.org\/{rel}","templated":true}]}}