{"id":73907,"date":"2025-07-29T10:29:40","date_gmt":"2025-07-29T10:29:40","guid":{"rendered":"https:\/\/fv6qoy3ls0.wpdns.site\/product\/smallrig-2791b-soporte-universal-para-smartphone\/"},"modified":"2025-07-29T10:29:40","modified_gmt":"2025-07-29T10:29:40","slug":"smallrig-2791b-soporte-universal-para-smartphone","status":"publish","type":"product","link":"https:\/\/hi-techwonder.com\/es\/producto\/smallrig-2791b-soporte-universal-para-smartphone\/","title":{"rendered":"SMALLRIG 2791B Soporte universal para smartphone"},"content":{"rendered":"<p><strong>SMALLRIG 2791 Soporte universal para smartphone<\/strong><\/p>\n<p><strong>Caracter\u00edsticas principales:<\/strong><\/p>\n<ul>\n<li>Para smartphones de 2,6 a 3,4&#8243; de ancho<\/li>\n<li>M\u00faltiples soportes de 1\/4&#8243;-20 y zapata fr\u00eda<\/li>\n<li>Aprieta con un tornillo<\/li>\n<li>Almohadillas de goma integradas<\/li>\n<li>Dos asas giratorias<\/li>\n<li>Admite disparos horizontales y verticales<\/li>\n<li>Dos abrazaderas unidas<\/li>\n<\/ul>\n<p>Soporte universal para smartphone SmallRig 2791&nbsp;  Es un soporte perfecto para vlogging, transmisi\u00f3n en vivo y filmaci\u00f3n m\u00f3vil. Funciona perfectamente con la mayor\u00eda de las marcas de tel\u00e9fonos m\u00f3viles del mercado y es compatible con tel\u00e9fonos m\u00f3viles con un ancho de 62 mm a 86 mm, con o sin carcasa exterior. Es un apriete de tornillo en lugar del ajuste de presi\u00f3n, lo que proporcionar\u00e1 un efecto de sujeci\u00f3n m\u00e1s estable. Dispone de dos soportes de zapata fr\u00eda para micr\u00f3fono y luz LED. Se pueden usar m\u00faltiples orificios roscados de 1\/4 ?? para conectar un tr\u00edpode, como el mini tr\u00edpode de aluminio SmallRig&nbsp;  BUT2429, un mango superior como el SmallRig Mini Top Handle para c\u00e1maras ligeras (tornillos de 1\/4&#8243;-20)&nbsp;  2821, Empu\u00f1adura lateral de un lado como SmallRig Mango lateral de aluminio para smartphone Sport&nbsp;  HSS2424. Se pueden usar los orificios roscados de 1\/4 en la parte delantera ?? para conectar el soporte de banco de energ\u00eda SmallRig 2790, que le permite conectar un banco de energ\u00eda al equipo cuando se requiere una soluci\u00f3n de carga sostenible. Tiene dos empu\u00f1aduras giratorias, que son ideales para disparar sin tr\u00edpode. Tambi\u00e9n admite disparos horizontales y verticales. Las almohadillas de goma incorporadas ayudan a absorber los golpes y evitan que su tel\u00e9fono se raye. Se conectan dos bridas para cables, que se pueden usar para separar el cable de datos desordenado y el cable del micr\u00f3fono durante el rodaje. Es ligero y f\u00e1cil de sostener.<\/p>\n<p>Construido para adaptarse a la mayor\u00eda de los tel\u00e9fonos inteligentes de 2.6 a 3.4&#8243; de ancho, con o sin cubierta exterior, la jaula universal para tel\u00e9fonos m\u00f3viles de SmallRig est\u00e1 dise\u00f1ada para vlogs, transmisi\u00f3n en vivo, filmaci\u00f3n m\u00f3vil y m\u00e1s. Proporciona m\u00e1s estabilidad que una abrazadera con resorte. Tambi\u00e9n se incluyen dos soportes de zapata fr\u00eda para conectar una luz LED, un micr\u00f3fono u otro accesorio, as\u00ed como varios orificios roscados de 1\/4&#8243;-20 que se pueden usar para sujetar un tr\u00edpode, un mango superior y un mango lateral. Los orificios roscados de 1\/4&#8243;-20 en la parte delantera se pueden usar para conectar el soporte de banco de energ\u00eda 2790 de SmallRig, que le permite conectar un banco de energ\u00eda al equipo cuando se requiere una soluci\u00f3n de carga sostenible. Puede usar este soporte para disparos horizontales y verticales. Las almohadillas de goma incorporadas ayudan a absorber los golpes y evitan que su tel\u00e9fono se raye, mientras que se pueden usar dos bridas conectadas para organizar cables y cables mientras dispara.   <\/p>\n<p><strong>Compatibilidad:<\/strong><\/p>\n<p>Compatible con tel\u00e9fonos con un rango de ancho de 62 mm a 86 mm, como Apple, Samsung, Huawei, etc., incluidos, entre otros, iPhone 12 mini, iPhone 12, iPhone 12 Pro, iPhone 12 Pro Max, Galaxy S20 5G, S20 Ultra 5G, S20+ 5G, Huawei P40, P40 Pro.<\/p>\n<p><strong>El paquete incluye:<\/strong><\/p>\n<p>1 x Soporte<\/p>\n<p>1 x Llave Allen<\/p>\n<p>2 x Abrazadera<\/p>\n<p>Dimensiones del producto: 235 x 125 x 33 mm<\/p>\n<p>Dimensiones del embalaje: 250 x 130 x 38 mm<\/p>\n<p>Peso neto: 220 g \u00b1 5 g<\/p>\n<p>Peso del paquete: 270 g \u00b1 5 g<\/p>\n<p>Material(es): Aleaci\u00f3n de aluminio, acero inoxidable<\/p>\n<p>Color del soporte: Oliva oscuro<\/p>\n","protected":false},"excerpt":{"rendered":"<p>SMALLRIG 2791 Soporte universal para smartphone Caracter\u00edsticas principales: Para smartphones de 2,6 a 3,4&#8243; de ancho M\u00faltiples soportes de 1\/4&#8243;-20<\/p>\n","protected":false},"featured_media":64082,"comment_status":"closed","ping_status":"open","template":"","meta":{"_acf_changed":false},"product_brand":[2550],"product_cat":[1085],"product_tag":[],"class_list":{"0":"post-73907","1":"product","2":"type-product","3":"status-publish","4":"has-post-thumbnail","6":"product_brand-smallrig-es","7":"product_cat-para-smartphones-es","9":"first","10":"onbackorder","11":"taxable","12":"shipping-taxable","13":"purchasable","14":"product-type-simple"},"bundled_by":[],"bundle_stock_status":"onbackorder","bundle_stock_quantity":0,"bundle_virtual":false,"bundle_layout":"","bundle_add_to_cart_form_location":"","bundle_editable_in_cart":false,"bundle_sold_individually_context":"","bundle_item_grouping":"","bundle_min_size":"","bundle_max_size":"","bundle_price":[],"bundled_items":[],"bundle_sell_ids":[],"acf":[],"_links":{"self":[{"href":"https:\/\/hi-techwonder.com\/es\/wp-json\/wp\/v2\/product\/73907","targetHints":{"allow":["GET"]}}],"collection":[{"href":"https:\/\/hi-techwonder.com\/es\/wp-json\/wp\/v2\/product"}],"about":[{"href":"https:\/\/hi-techwonder.com\/es\/wp-json\/wp\/v2\/types\/product"}],"replies":[{"embeddable":true,"href":"https:\/\/hi-techwonder.com\/es\/wp-json\/wp\/v2\/comments?post=73907"}],"wp:featuredmedia":[{"embeddable":true,"href":"https:\/\/hi-techwonder.com\/es\/wp-json\/wp\/v2\/media\/64082"}],"wp:attachment":[{"href":"https:\/\/hi-techwonder.com\/es\/wp-json\/wp\/v2\/media?parent=73907"}],"wp:term":[{"taxonomy":"product_brand","embeddable":true,"href":"https:\/\/hi-techwonder.com\/es\/wp-json\/wp\/v2\/product_brand?post=73907"},{"taxonomy":"product_cat","embeddable":true,"href":"https:\/\/hi-techwonder.com\/es\/wp-json\/wp\/v2\/product_cat?post=73907"},{"taxonomy":"product_tag","embeddable":true,"href":"https:\/\/hi-techwonder.com\/es\/wp-json\/wp\/v2\/product_tag?post=73907"}],"curies":[{"name":"wp","href":"https:\/\/api.w.org\/{rel}","templated":true}]}}