{"id":73909,"date":"2025-07-29T10:53:00","date_gmt":"2025-07-29T10:53:00","guid":{"rendered":"https:\/\/fv6qoy3ls0.wpdns.site\/product\/smallrig-2220-super-abrazadera\/"},"modified":"2026-03-23T16:57:55","modified_gmt":"2026-03-23T16:57:55","slug":"smallrig-2220-super-abrazadera","status":"publish","type":"product","link":"https:\/\/hi-techwonder.com\/es\/producto\/smallrig-2220-super-abrazadera\/","title":{"rendered":"SMALLRIG 2220 Super Abrazadera"},"content":{"rendered":"<p>Monte una c\u00e1mara, monitor, luz u otro accesorio en tubos de 10-55mm con esta Super Clamp de SmallR.<\/p>\n<p> <strong>Caracter\u00edsticas principales:<\/strong><\/p>\n<p>  1. Universal e ideal para su uso en muchas aplicaciones.<\/p>\n<p>  2. Duradero, robusto y seguro.<\/p>\n<p>  3. Perfectamente adecuado para la grabaci\u00f3n de video a trav\u00e9s de dos tipos de puntos de montaje.<\/p>\n<p>  4. La correa en T se ajusta perfectamente alrededor de tus dedos, lo que aumenta la comodidad.<\/p>\n<p>  La SmallRig Super Clamp 2220 est\u00e1 dise\u00f1ada para mejorar la apariencia de la s\u00faper abrazadera actual para que se adapte a m\u00e1s escenarios de disparo y cumpla con los requisitos del cliente. La s\u00faper abrazadera tiene una correa en forma de T que se ajusta perfectamente a los dedos. La mordaza est\u00e1 equipada con almohadillas de goma en el interior, lo que elimina el desgaste del v\u00e1stago al que se une. La abrazadera puede abrirse de 10 a 40 mm y puede sujetar casi cualquier cosa. Viene con orificios roscados de 2 1\/4&#8243; y 1 orificio de ubicaci\u00f3n Arri en la parte posterior que permite la fijaci\u00f3n de un riel mini nato y un brazo m\u00e1gico de ubicaci\u00f3n Arri. Adem\u00e1s, tambi\u00e9n le permite colocar accesorios a trav\u00e9s de otros orificios roscados de 2 1\/4&#8243; en el lateral.     <\/p>\n<p> <strong>Capacidad de carga:<\/strong> =2,5 kg<\/p>\n<p> <strong>Compatibilidad:<\/strong><\/p>\n<p>  Accesorios con di\u00e1metro 15mm-40mm<\/p>\n<p> <strong>El paquete incluye:<\/strong><\/p>\n<p>  1 x Super Clamp<\/p>\n<p> <strong>Dimensiones del producto:<\/strong> 78 x 52 x 20 mm<\/p>\n<p> <strong>Peso del producto:<\/strong> 99 g<\/p>\n<p> <strong>Material:<\/strong> aleaci\u00f3n de aluminio + acero inoxidable<\/p>\n","protected":false},"excerpt":{"rendered":"<p>Monte una c\u00e1mara, monitor, luz u otro accesorio en tubos de 10-55mm con esta Super Clamp de SmallR. Caracter\u00edsticas principales:<\/p>\n","protected":false},"featured_media":68782,"comment_status":"closed","ping_status":"open","template":"","meta":{"_acf_changed":false},"product_brand":[2550],"product_cat":[1098],"product_tag":[],"class_list":{"0":"post-73909","1":"product","2":"type-product","3":"status-publish","4":"has-post-thumbnail","6":"product_brand-smallrig-es","7":"product_cat-pinzas","9":"first","10":"instock","11":"taxable","12":"shipping-taxable","13":"purchasable","14":"product-type-simple"},"bundled_by":[],"bundle_stock_status":"instock","bundle_stock_quantity":1,"bundle_virtual":false,"bundle_layout":"","bundle_add_to_cart_form_location":"","bundle_editable_in_cart":false,"bundle_sold_individually_context":"","bundle_item_grouping":"","bundle_min_size":"","bundle_max_size":"","bundle_price":[],"bundled_items":[],"bundle_sell_ids":[],"acf":[],"_links":{"self":[{"href":"https:\/\/hi-techwonder.com\/es\/wp-json\/wp\/v2\/product\/73909","targetHints":{"allow":["GET"]}}],"collection":[{"href":"https:\/\/hi-techwonder.com\/es\/wp-json\/wp\/v2\/product"}],"about":[{"href":"https:\/\/hi-techwonder.com\/es\/wp-json\/wp\/v2\/types\/product"}],"replies":[{"embeddable":true,"href":"https:\/\/hi-techwonder.com\/es\/wp-json\/wp\/v2\/comments?post=73909"}],"wp:featuredmedia":[{"embeddable":true,"href":"https:\/\/hi-techwonder.com\/es\/wp-json\/wp\/v2\/media\/68782"}],"wp:attachment":[{"href":"https:\/\/hi-techwonder.com\/es\/wp-json\/wp\/v2\/media?parent=73909"}],"wp:term":[{"taxonomy":"product_brand","embeddable":true,"href":"https:\/\/hi-techwonder.com\/es\/wp-json\/wp\/v2\/product_brand?post=73909"},{"taxonomy":"product_cat","embeddable":true,"href":"https:\/\/hi-techwonder.com\/es\/wp-json\/wp\/v2\/product_cat?post=73909"},{"taxonomy":"product_tag","embeddable":true,"href":"https:\/\/hi-techwonder.com\/es\/wp-json\/wp\/v2\/product_tag?post=73909"}],"curies":[{"name":"wp","href":"https:\/\/api.w.org\/{rel}","templated":true}]}}