{"id":73910,"date":"2025-07-29T10:57:57","date_gmt":"2025-07-29T10:57:57","guid":{"rendered":"https:\/\/fv6qoy3ls0.wpdns.site\/product\/smallrig-2284-contrapeso-100g-para-dji-zhiyun-tech-gimbal\/"},"modified":"2025-12-30T18:12:38","modified_gmt":"2025-12-30T18:12:38","slug":"smallrig-2284-contrapeso-100g-para-dji-zhiyun-tech-gimbal","status":"publish","type":"product","link":"https:\/\/hi-techwonder.com\/es\/producto\/smallrig-2284-contrapeso-100g-para-dji-zhiyun-tech-gimbal\/","title":{"rendered":"SMALLRIG 2284 Contrapeso (100g) para DJI  Zhiyun-Tech Gimbal"},"content":{"rendered":"<p><strong>Contrapeso SMALLRIG AAW2459 (100 g) para DJI Ronin-S y estabilizador Zhiyun-Tech<\/strong><\/p>\n<p><strong>Caracter\u00edsticas principales:<\/strong><\/p>\n<ul>\n<li>&nbsp;<\/li>\n<li>Para equilibrar la c\u00e1mara en el card\u00e1n.<\/li>\n<li>Funciona con DJI Ronin-S.<\/li>\n<li>Funciona con Zhiyun Crane y WEEBILL LAB.<\/li>\n<li>Apilable mediante tornillo y orificio de 1\/4&#8243;-20.<\/li>\n<li>Fabricado en acero inoxidable.<\/li>\n<li>La placa de montaje\/abrazadera se vende por separado.<\/li>\n<\/ul>\n<p>Contenido del paquete:&nbsp;<\/p>\n<ul>\n<li><strong>1x <\/strong>Contrapeso SmallRig 2284 para estabilizadores de card\u00e1n DJI Ronin-S y Zhiyun-Tech&nbsp;<\/li>\n<\/ul>\n<p style=\"text-align: justify;\">Con la ayuda de 100 g de contrapeso 2284&nbsp;&nbsp;de SmallRig, equilibra tu c\u00e1mara en un card\u00e1n DJI Ronin-S y Zhiyun-Tech Gimbal. Dise\u00f1ado para un f\u00e1cil apilamiento, este contrapeso tiene un perno de 1\/4&#8243;-20 en un lado y un orificio roscado de 1\/4&#8243;-20 en el otro. Es compatible con DJI Ronin-S, as\u00ed como con los cardanes de las series Zhiyun-Tech Crane y WEEBILL LAB, en los que se monta a trav\u00e9s de una placa de montaje o abrazadera disponible por separado.  <\/p>\n<p><strong>Especificaciones de SmallRig AAW2459<\/strong><\/p>\n<table style=\"border-collapse: collapse; width: 100%;\" border=\"1\">\n<tbody>\n<tr>\n<td style=\"width: 49.0617%;\">Compatibilidad<\/td>\n<td style=\"width: 49.0617%;\">\n<p>Estabilizadores de card\u00e1n:<\/p>\n<ul>\n<li>DJI Ronin-S<\/li>\n<li>Gr\u00faa Zhiyun-Tech y serie WEEBILL LAB<\/li>\n<\/ul>\n<p>Placas de montaje\/abrazaderas:<\/p>\n<ul>\n<li>2283, 2277 y 2274<\/li>\n<\/ul>\n<\/td>\n<\/tr>\n<tr>\n<td style=\"width: 49.0617%;\">Material <\/td>\n<td style=\"width: 49.0617%;\">Acero inoxidable<\/td>\n<\/tr>\n<tr>\n<td style=\"width: 49.0617%;\">Dimensiones<\/td>\n<td style=\"width: 49.0617%;\">28,0 x 27,5 mil\u00edmetros<\/td>\n<\/tr>\n<tr>\n<td style=\"width: 49.0617%;\">Peso<\/td>\n<td style=\"width: 49.0617%;\">100 gramos<\/td>\n<\/tr>\n<\/tbody>\n<\/table>\n","protected":false},"excerpt":{"rendered":"<p>Contrapeso SMALLRIG AAW2459 (100 g) para DJI Ronin-S y estabilizador Zhiyun-Tech Caracter\u00edsticas principales: &nbsp; Para equilibrar la c\u00e1mara en el<\/p>\n","protected":false},"featured_media":70110,"comment_status":"closed","ping_status":"open","template":"","meta":{"_acf_changed":false},"product_brand":[2550],"product_cat":[1113],"product_tag":[],"class_list":{"0":"post-73910","1":"product","2":"type-product","3":"status-publish","4":"has-post-thumbnail","6":"product_brand-smallrig-es","7":"product_cat-accesorios-gimbals-video","9":"first","10":"instock","11":"taxable","12":"shipping-taxable","13":"purchasable","14":"product-type-simple"},"bundled_by":[],"bundle_stock_status":"instock","bundle_stock_quantity":1,"bundle_virtual":false,"bundle_layout":"","bundle_add_to_cart_form_location":"","bundle_editable_in_cart":false,"bundle_sold_individually_context":"","bundle_item_grouping":"","bundle_min_size":"","bundle_max_size":"","bundle_price":[],"bundled_items":[],"bundle_sell_ids":[],"acf":[],"_links":{"self":[{"href":"https:\/\/hi-techwonder.com\/es\/wp-json\/wp\/v2\/product\/73910","targetHints":{"allow":["GET"]}}],"collection":[{"href":"https:\/\/hi-techwonder.com\/es\/wp-json\/wp\/v2\/product"}],"about":[{"href":"https:\/\/hi-techwonder.com\/es\/wp-json\/wp\/v2\/types\/product"}],"replies":[{"embeddable":true,"href":"https:\/\/hi-techwonder.com\/es\/wp-json\/wp\/v2\/comments?post=73910"}],"wp:featuredmedia":[{"embeddable":true,"href":"https:\/\/hi-techwonder.com\/es\/wp-json\/wp\/v2\/media\/70110"}],"wp:attachment":[{"href":"https:\/\/hi-techwonder.com\/es\/wp-json\/wp\/v2\/media?parent=73910"}],"wp:term":[{"taxonomy":"product_brand","embeddable":true,"href":"https:\/\/hi-techwonder.com\/es\/wp-json\/wp\/v2\/product_brand?post=73910"},{"taxonomy":"product_cat","embeddable":true,"href":"https:\/\/hi-techwonder.com\/es\/wp-json\/wp\/v2\/product_cat?post=73910"},{"taxonomy":"product_tag","embeddable":true,"href":"https:\/\/hi-techwonder.com\/es\/wp-json\/wp\/v2\/product_tag?post=73910"}],"curies":[{"name":"wp","href":"https:\/\/api.w.org\/{rel}","templated":true}]}}