{"id":73911,"date":"2025-07-29T10:27:51","date_gmt":"2025-07-29T10:27:51","guid":{"rendered":"https:\/\/fv6qoy3ls0.wpdns.site\/product\/smallrig-2213-herramienta-multifuncion\/"},"modified":"2026-03-09T14:18:49","modified_gmt":"2026-03-09T14:18:49","slug":"smallrig-2213-herramienta-multifuncion","status":"publish","type":"product","link":"https:\/\/hi-techwonder.com\/es\/producto\/smallrig-2213-herramienta-multifuncion\/","title":{"rendered":"SMALLRIG 2213 Herramienta multifunci\u00f3n"},"content":{"rendered":"<p><strong>SMALLRIG 2213 Herramienta multifunci\u00f3n<\/strong><\/p>\n<p>El juego de herramientas plegables SmallRig con destornilladores y llaves 2213 es una multiherramienta plegable de bolsillo dise\u00f1ada para fot\u00f3grafos de video. Es compacto y f\u00e1cil de transportar, evitando la p\u00e9rdida de peque\u00f1as llaves de boca y destornilladores. Las llaves y los destornilladores est\u00e1n hechos de acero inoxidable macizo y las placas laterales est\u00e1n hechas de una robusta aleaci\u00f3n de aluminio. Incluye 4 llaves Allen 2.5, 3, 4, 3\/16, 1 destornillador, 1 destornillador Phillips y 1 destornillador Torx T25, satisfaciendo las necesidades de la mayor\u00eda de los escenarios de filmaci\u00f3n. Adem\u00e1s, hay orificios roscados adicionales M2.5, M3, M4, M5, 1\/4 en el costado para almacenar pernos de repuesto.    <\/p>\n<p>Dise\u00f1ador: Bill Wang<\/p>\n<p>Co-dise\u00f1ador: Jesper Andersson<\/p>\n<p><strong>Nota: Este kit no incluye tornillos.<\/strong><\/p>\n<p><strong>Compatibilidad<\/strong>:<\/p>\n<p>Universal<\/p>\n<p><strong>El paquete incluye:<\/strong><\/p>\n<p>1 x Juego de herramientas plegables<\/p>\n<p>Dimensiones del producto: 82 x 24 x 12 mm<\/p>\n<p>Dimensiones del paquete: 120 x 35 x 25 mm<\/p>\n<p>Peso neto: 79g<\/p>\n<p>Peso del paquete: 90g<\/p>\n<p>Material(es): Acero inoxidable + aleaci\u00f3n de aluminio<\/p>\n","protected":false},"excerpt":{"rendered":"<p>SMALLRIG 2213 Herramienta multifunci\u00f3n El juego de herramientas plegables SmallRig con destornilladores y llaves 2213 es una multiherramienta plegable de<\/p>\n","protected":false},"featured_media":63655,"comment_status":"closed","ping_status":"open","template":"","meta":{"_acf_changed":false},"product_brand":[2550],"product_cat":[1087],"product_tag":[],"class_list":{"0":"post-73911","1":"product","2":"type-product","3":"status-publish","4":"has-post-thumbnail","6":"product_brand-smallrig-es","7":"product_cat-zapatas-y-tornillos","9":"first","10":"pre-order","11":"taxable","12":"shipping-taxable","13":"purchasable","14":"product-type-simple"},"bundled_by":[],"bundle_stock_status":"pre-order","bundle_stock_quantity":null,"bundle_virtual":false,"bundle_layout":"","bundle_add_to_cart_form_location":"","bundle_editable_in_cart":false,"bundle_sold_individually_context":"","bundle_item_grouping":"","bundle_min_size":"","bundle_max_size":"","bundle_price":[],"bundled_items":[],"bundle_sell_ids":[],"acf":[],"_links":{"self":[{"href":"https:\/\/hi-techwonder.com\/es\/wp-json\/wp\/v2\/product\/73911","targetHints":{"allow":["GET"]}}],"collection":[{"href":"https:\/\/hi-techwonder.com\/es\/wp-json\/wp\/v2\/product"}],"about":[{"href":"https:\/\/hi-techwonder.com\/es\/wp-json\/wp\/v2\/types\/product"}],"replies":[{"embeddable":true,"href":"https:\/\/hi-techwonder.com\/es\/wp-json\/wp\/v2\/comments?post=73911"}],"wp:featuredmedia":[{"embeddable":true,"href":"https:\/\/hi-techwonder.com\/es\/wp-json\/wp\/v2\/media\/63655"}],"wp:attachment":[{"href":"https:\/\/hi-techwonder.com\/es\/wp-json\/wp\/v2\/media?parent=73911"}],"wp:term":[{"taxonomy":"product_brand","embeddable":true,"href":"https:\/\/hi-techwonder.com\/es\/wp-json\/wp\/v2\/product_brand?post=73911"},{"taxonomy":"product_cat","embeddable":true,"href":"https:\/\/hi-techwonder.com\/es\/wp-json\/wp\/v2\/product_cat?post=73911"},{"taxonomy":"product_tag","embeddable":true,"href":"https:\/\/hi-techwonder.com\/es\/wp-json\/wp\/v2\/product_tag?post=73911"}],"curies":[{"name":"wp","href":"https:\/\/api.w.org\/{rel}","templated":true}]}}