{"id":73913,"date":"2025-07-29T10:51:08","date_gmt":"2025-07-29T10:51:08","guid":{"rendered":"https:\/\/fv6qoy3ls0.wpdns.site\/product\/placa-de-tripode-de-liberacion-rapida-smallrig-2169-vct-14\/"},"modified":"2026-02-24T17:10:09","modified_gmt":"2026-02-24T17:10:09","slug":"smallrig-placa-de-tripode-de-liberacion-rapida-smallrig-2169-vct-14","status":"publish","type":"product","link":"https:\/\/hi-techwonder.com\/es\/producto\/smallrig-placa-de-tripode-de-liberacion-rapida-smallrig-2169-vct-14\/","title":{"rendered":"Placa de tr\u00edpode de liberaci\u00f3n r\u00e1pida SMALLRIG 2169 VCT-14"},"content":{"rendered":"<p>Esta placa de tr\u00edpode de liberaci\u00f3n r\u00e1pida SmallRig VCT-14 es compatible con el est\u00e1ndar Sony VCT-14, por lo que le permite colocar y quitar su c\u00e1mara con una placa VCT-14 de forma r\u00e1pida y sencilla. La placa\/sistema de montaje VCT-14 es un est\u00e1ndar de la industria, que proporciona una plataforma de montaje segura que se puede liberar r\u00e1pidamente, evitando que la c\u00e1mara gire sobre la placa. La construcci\u00f3n totalmente met\u00e1lica crea una unidad fuerte pero liviana que puede resistir los rigores del d\u00eda de producci\u00f3n. Los m\u00faltiples orificios de montaje roscados de 1\/4&#8243;-20 y 3\/8&#8243;-16 en la parte inferior de la unidad proporcionan una variedad de opciones para el montaje en una placa de tr\u00edpode.   <\/p>\n<h2 class=\"western\" style=\"font-style: normal;font-weight: normal\"><strong><span style=\"font-family: OpenSans, Segoe UI, Helvetica, Roboto, Arial, sans-serif\"><span style=\"font-size: medium\">Especificaciones de SmallRig 2169<\/span><\/span><\/strong><\/h2>\n<table border=\"0\" width=\"417\" cellspacing=\"0\" cellpadding=\"2\">\n<colgroup>\n<col width=\"160\">\n<col width=\"250\"> <\/colgroup>\n<tbody>\n<tr>\n<td width=\"160\">\n<p style=\"border: none;padding: 0cm;font-weight: normal\" align=\"LEFT\">Material de construcci\u00f3n<\/p>\n<\/td>\n<td width=\"250\">\n<p style=\"border: none;padding: 0cm;font-weight: normal\">Acero inoxidable<br \/>Aluminio<\/p>\n<\/td>\n<\/tr>\n<tr>\n<td width=\"160\">\n<p style=\"border: none;padding: 0cm;font-weight: normal\" align=\"LEFT\">Montura<\/p>\n<\/td>\n<td width=\"250\">\n<p style=\"border: none;padding: 0cm;font-weight: normal\">7 x 1\/4&#8243;-20 Agujeros de montaje roscados<br \/>8 x 3\/8&#8243;-16 Orificio de montaje roscado<\/p>\n<\/td>\n<\/tr>\n<tr>\n<td width=\"160\">\n<p style=\"border: none;padding: 0cm;font-weight: normal\" align=\"LEFT\">Dimensiones<\/p>\n<\/td>\n<td width=\"250\">\n<p style=\"border: none;padding: 0cm;font-weight: normal\">11,02 x 3,15 x 1,04&#8243; \/ 28 x 8 x 2,65 cm<\/p>\n<\/td>\n<\/tr>\n<tr>\n<td width=\"160\">\n<p style=\"border: none;padding: 0cm;font-weight: normal\" align=\"LEFT\">Peso<\/p>\n<\/td>\n<td width=\"250\">\n<p style=\"border: none;padding: 0cm;font-weight: normal\">24.4 onzas \/ 693.0 g<\/p>\n<\/td>\n<\/tr>\n<\/tbody>\n<\/table>\n","protected":false},"excerpt":{"rendered":"<p>Esta placa de tr\u00edpode de liberaci\u00f3n r\u00e1pida SmallRig VCT-14 es compatible con el est\u00e1ndar Sony VCT-14, por lo que le<\/p>\n","protected":false},"featured_media":68438,"comment_status":"closed","ping_status":"open","template":"","meta":{"_acf_changed":false},"product_brand":[2550],"product_cat":[1097],"product_tag":[],"class_list":{"0":"post-73913","1":"product","2":"type-product","3":"status-publish","4":"has-post-thumbnail","6":"product_brand-smallrig-es","7":"product_cat-bases-zapatas","9":"first","10":"pre-order","11":"taxable","12":"shipping-taxable","13":"purchasable","14":"product-type-simple"},"bundled_by":[],"bundle_stock_status":"pre-order","bundle_stock_quantity":null,"bundle_virtual":false,"bundle_layout":"","bundle_add_to_cart_form_location":"","bundle_editable_in_cart":false,"bundle_sold_individually_context":"","bundle_item_grouping":"","bundle_min_size":"","bundle_max_size":"","bundle_price":[],"bundled_items":[],"bundle_sell_ids":[],"acf":[],"_links":{"self":[{"href":"https:\/\/hi-techwonder.com\/es\/wp-json\/wp\/v2\/product\/73913","targetHints":{"allow":["GET"]}}],"collection":[{"href":"https:\/\/hi-techwonder.com\/es\/wp-json\/wp\/v2\/product"}],"about":[{"href":"https:\/\/hi-techwonder.com\/es\/wp-json\/wp\/v2\/types\/product"}],"replies":[{"embeddable":true,"href":"https:\/\/hi-techwonder.com\/es\/wp-json\/wp\/v2\/comments?post=73913"}],"wp:featuredmedia":[{"embeddable":true,"href":"https:\/\/hi-techwonder.com\/es\/wp-json\/wp\/v2\/media\/68438"}],"wp:attachment":[{"href":"https:\/\/hi-techwonder.com\/es\/wp-json\/wp\/v2\/media?parent=73913"}],"wp:term":[{"taxonomy":"product_brand","embeddable":true,"href":"https:\/\/hi-techwonder.com\/es\/wp-json\/wp\/v2\/product_brand?post=73913"},{"taxonomy":"product_cat","embeddable":true,"href":"https:\/\/hi-techwonder.com\/es\/wp-json\/wp\/v2\/product_cat?post=73913"},{"taxonomy":"product_tag","embeddable":true,"href":"https:\/\/hi-techwonder.com\/es\/wp-json\/wp\/v2\/product_tag?post=73913"}],"curies":[{"name":"wp","href":"https:\/\/api.w.org\/{rel}","templated":true}]}}