{"id":73914,"date":"2025-07-29T10:57:26","date_gmt":"2025-07-29T10:57:26","guid":{"rendered":"https:\/\/fv6qoy3ls0.wpdns.site\/product\/smallrig-2250-doble-empunadura-para-dji-ronin-s-y-ronin-sc\/"},"modified":"2025-12-29T17:05:32","modified_gmt":"2025-12-29T17:05:32","slug":"smallrig-2250-doble-empunadura-para-dji-ronin-s-y-ronin-sc","status":"publish","type":"product","link":"https:\/\/hi-techwonder.com\/es\/producto\/smallrig-2250-doble-empunadura-para-dji-ronin-s-y-ronin-sc\/","title":{"rendered":"SMALLRIG 2250 Doble empu\u00f1adura para DJI Ronin-S y Ronin-SC"},"content":{"rendered":"<p><strong>Caracter\u00edsticas principales:<\/strong><\/p>\n<ol>\n<li>  Correa doble para DJI RoninS y card\u00e1n SC<\/li>\n<li>  Ligero (0,75 kg) y port\u00e1til (se puede desmontar en cinco partes)<\/li>\n<li>  Orificios roscados de 3\/8&#8243;-16 y 1\/4&#8243;-20 en cada mango<\/li>\n<li>  Goma en el interior del z\u00f3calo de montaje para evitar ara\u00f1azos en el card\u00e1n.<\/li>\n<li>  Manillar dise\u00f1ado para aceptar un accesorio de abrazadera de potencia de 25 mm<\/li>\n<\/ol>\n<ul>\n<li>El SmallRig Dual Grip para DJI Ronin S y SC Gimbal BSS2250 est\u00e1 dise\u00f1ado para operar tu Ronin S o SC con las dos manos para reducir la fatiga con una sola mano. El mango doble se conecta al Ronin S o SC a trav\u00e9s de un bot\u00f3n de trinquete y tiene goma dentro del z\u00f3calo de montaje para evitar ara\u00f1azos en el card\u00e1n. El mango se puede desmontar en cinco partes para facilitar el almacenamiento y el viaje. Cada mango tiene cuatro orificios roscados de 1\/4-20&#8243; en la parte superior, un orificio roscado de 1\/4&#8243;-20 y un orificio roscado de 3\/8&#8243;-16 en la parte inferior para conectar accesorios como Cold Shoe 2260 y Magic Arm 2070 para micr\u00f3fono y monitor. La vers\u00e1til empu\u00f1adura doble se puede agarrar con las manos o con las manos en modo invertido. El manillar de 25 mm tambi\u00e9n permite la fijaci\u00f3n de la abrazadera de varilla de montaje Smallrig 25 mm 1860 para la fijaci\u00f3n de accesorios. Adem\u00e1s, el sistema de perilla de trinquete le permite ajustar r\u00e1pidamente la posici\u00f3n del mango en la barra.\n<p> <strong>Compatibilidad:<\/strong><\/li>\n<li>  Estabilizador de card\u00e1n Ronin S<\/li>\n<li>  Estabilizador de card\u00e1n Ronin SC\n<p><strong>El paquete incluye:<\/strong><br \/> 1 x Doble asa<\/p>\n<\/li>\n<li>  Dimensiones del producto: 470X176X46mm<\/li>\n<li>  Peso neto: 750g<\/li>\n<li>  Material(es): Aleaci\u00f3n de aluminio<\/li>\n<\/ul>\n","protected":false},"excerpt":{"rendered":"<p>Caracter\u00edsticas principales: Correa doble para DJI RoninS y card\u00e1n SC Ligero (0,75 kg) y port\u00e1til (se puede desmontar en cinco<\/p>\n","protected":false},"featured_media":70005,"comment_status":"closed","ping_status":"open","template":"","meta":{"_acf_changed":false},"product_brand":[2550],"product_cat":[1113],"product_tag":[],"class_list":{"0":"post-73914","1":"product","2":"type-product","3":"status-publish","4":"has-post-thumbnail","6":"product_brand-smallrig-es","7":"product_cat-accesorios-gimbals-video","9":"first","10":"onbackorder","11":"taxable","12":"shipping-taxable","13":"purchasable","14":"product-type-simple"},"bundled_by":[],"bundle_stock_status":"onbackorder","bundle_stock_quantity":null,"bundle_virtual":false,"bundle_layout":"","bundle_add_to_cart_form_location":"","bundle_editable_in_cart":false,"bundle_sold_individually_context":"","bundle_item_grouping":"","bundle_min_size":"","bundle_max_size":"","bundle_price":[],"bundled_items":[],"bundle_sell_ids":[],"acf":[],"_links":{"self":[{"href":"https:\/\/hi-techwonder.com\/es\/wp-json\/wp\/v2\/product\/73914","targetHints":{"allow":["GET"]}}],"collection":[{"href":"https:\/\/hi-techwonder.com\/es\/wp-json\/wp\/v2\/product"}],"about":[{"href":"https:\/\/hi-techwonder.com\/es\/wp-json\/wp\/v2\/types\/product"}],"replies":[{"embeddable":true,"href":"https:\/\/hi-techwonder.com\/es\/wp-json\/wp\/v2\/comments?post=73914"}],"wp:featuredmedia":[{"embeddable":true,"href":"https:\/\/hi-techwonder.com\/es\/wp-json\/wp\/v2\/media\/70005"}],"wp:attachment":[{"href":"https:\/\/hi-techwonder.com\/es\/wp-json\/wp\/v2\/media?parent=73914"}],"wp:term":[{"taxonomy":"product_brand","embeddable":true,"href":"https:\/\/hi-techwonder.com\/es\/wp-json\/wp\/v2\/product_brand?post=73914"},{"taxonomy":"product_cat","embeddable":true,"href":"https:\/\/hi-techwonder.com\/es\/wp-json\/wp\/v2\/product_cat?post=73914"},{"taxonomy":"product_tag","embeddable":true,"href":"https:\/\/hi-techwonder.com\/es\/wp-json\/wp\/v2\/product_tag?post=73914"}],"curies":[{"name":"wp","href":"https:\/\/api.w.org\/{rel}","templated":true}]}}