{"id":73916,"date":"2025-07-29T10:22:45","date_gmt":"2025-07-29T10:22:45","guid":{"rendered":"https:\/\/fv6qoy3ls0.wpdns.site\/product\/smallrig-2059-mini-head-1-4-con-zapata-caliente-2-piezas\/"},"modified":"2026-01-23T17:36:20","modified_gmt":"2026-01-23T17:36:20","slug":"smallrig-2059-mini-head-1-4-con-zapata-caliente-2-piezas","status":"publish","type":"product","link":"https:\/\/hi-techwonder.com\/es\/producto\/smallrig-2059-mini-head-1-4-con-zapata-caliente-2-piezas\/","title":{"rendered":"SMALLRIG 2059 Mini Head 1\/4&#8243; con zapata caliente (2 piezas)"},"content":{"rendered":"<p>Este soporte de zapata de c\u00e1mara de tornillo de cabeza de bola SmallRig de 1\/4&#8243;-20 incluye dos cabezas de bola, adaptadores, tornillos, tuercas y llaves Allen. \u00daselos para conectar una variedad de equipos a la zapata de la c\u00e1mara, el tr\u00edpode u otro equipo, como soportes de luz. Los fot\u00f3grafos apreciar\u00e1n la construcci\u00f3n de aleaci\u00f3n de aluminio y la rotaci\u00f3n de 360\u00b0.  <\/p>\n<h2 class=\"western\" style=\"font-style: normal; font-weight: normal;\"><strong><span style=\"font-family: OpenSans, Segoe UI, Helvetica, Roboto, Arial, sans-serif;\"><span style=\"font-size: medium;\">Especificaciones de SmallRig 2059<\/span><\/span><\/strong><\/h2>\n<table border=\"0\" width=\"348\" cellspacing=\"0\" cellpadding=\"2\">\n<colgroup>\n<col width=\"97\">\n<col width=\"243\"> <\/colgroup>\n<tbody>\n<tr>\n<td width=\"97\">\n<p style=\"border: none; padding: 0cm; font-weight: normal;\" align=\"LEFT\">Montaje inferior<\/p>\n<\/td>\n<td width=\"243\">\n<p style=\"border: none; padding: 0cm; font-weight: normal;\">1\/4&#8243;-20 Hembra, Pie Accesorio<\/p>\n<\/td>\n<\/tr>\n<tr>\n<td width=\"97\">\n<p style=\"border: none; padding: 0cm; font-weight: normal;\" align=\"LEFT\">Montaje superior<\/p>\n<\/td>\n<td width=\"243\">\n<p style=\"border: none; padding: 0cm; font-weight: normal;\">1\/4&#8243;-20 Macho, Montaje en zapata<\/p>\n<\/td>\n<\/tr>\n<tr>\n<td width=\"97\">\n<p style=\"border: none; padding: 0cm; font-weight: normal;\" align=\"LEFT\">Material<\/p>\n<\/td>\n<td width=\"243\">\n<p style=\"border: none; padding: 0cm; font-weight: normal;\">Aluminio<\/p>\n<\/td>\n<\/tr>\n<tr>\n<td width=\"97\">\n<p style=\"border: none; padding: 0cm; font-weight: normal;\" align=\"LEFT\">Dimensiones<\/p>\n<\/td>\n<td width=\"243\">\n<p style=\"border: none; padding: 0cm; font-weight: normal;\">2,36 x 0,71 x 0,71&#8243; \/ 60 x 18 x 18 mm<\/p>\n<\/td>\n<\/tr>\n<tr>\n<td width=\"97\">\n<p style=\"border: none; padding: 0cm; font-weight: normal;\" align=\"LEFT\">Peso<\/p>\n<\/td>\n<td width=\"243\">\n<p style=\"border: none; padding: 0cm; font-weight: normal;\">9.88 onzas \/ 280 g<\/p>\n<\/td>\n<\/tr>\n<\/tbody>\n<\/table>\n","protected":false},"excerpt":{"rendered":"<p>Este soporte de zapata de c\u00e1mara de tornillo de cabeza de bola SmallRig de 1\/4&#8243;-20 incluye dos cabezas de bola,<\/p>\n","protected":false},"featured_media":62438,"comment_status":"closed","ping_status":"open","template":"","meta":{"_acf_changed":false},"product_brand":[2550],"product_cat":[1075],"product_tag":[],"class_list":{"0":"post-73916","1":"product","2":"type-product","3":"status-publish","4":"has-post-thumbnail","6":"product_brand-smallrig-es","7":"product_cat-bola","9":"first","10":"instock","11":"taxable","12":"shipping-taxable","13":"purchasable","14":"product-type-simple"},"bundled_by":[],"bundle_stock_status":"instock","bundle_stock_quantity":1,"bundle_virtual":false,"bundle_layout":"","bundle_add_to_cart_form_location":"","bundle_editable_in_cart":false,"bundle_sold_individually_context":"","bundle_item_grouping":"","bundle_min_size":"","bundle_max_size":"","bundle_price":[],"bundled_items":[],"bundle_sell_ids":[],"acf":[],"_links":{"self":[{"href":"https:\/\/hi-techwonder.com\/es\/wp-json\/wp\/v2\/product\/73916","targetHints":{"allow":["GET"]}}],"collection":[{"href":"https:\/\/hi-techwonder.com\/es\/wp-json\/wp\/v2\/product"}],"about":[{"href":"https:\/\/hi-techwonder.com\/es\/wp-json\/wp\/v2\/types\/product"}],"replies":[{"embeddable":true,"href":"https:\/\/hi-techwonder.com\/es\/wp-json\/wp\/v2\/comments?post=73916"}],"wp:featuredmedia":[{"embeddable":true,"href":"https:\/\/hi-techwonder.com\/es\/wp-json\/wp\/v2\/media\/62438"}],"wp:attachment":[{"href":"https:\/\/hi-techwonder.com\/es\/wp-json\/wp\/v2\/media?parent=73916"}],"wp:term":[{"taxonomy":"product_brand","embeddable":true,"href":"https:\/\/hi-techwonder.com\/es\/wp-json\/wp\/v2\/product_brand?post=73916"},{"taxonomy":"product_cat","embeddable":true,"href":"https:\/\/hi-techwonder.com\/es\/wp-json\/wp\/v2\/product_cat?post=73916"},{"taxonomy":"product_tag","embeddable":true,"href":"https:\/\/hi-techwonder.com\/es\/wp-json\/wp\/v2\/product_tag?post=73916"}],"curies":[{"name":"wp","href":"https:\/\/api.w.org\/{rel}","templated":true}]}}