{"id":73917,"date":"2025-07-29T10:48:33","date_gmt":"2025-07-29T10:48:33","guid":{"rendered":"https:\/\/fv6qoy3ls0.wpdns.site\/product\/manija-de-localizacion-smallrig-2165-arri\/"},"modified":"2026-04-15T19:23:58","modified_gmt":"2026-04-15T18:23:58","slug":"smallrig-manija-de-localizacion-smallrig-2165-arri","status":"publish","type":"product","link":"https:\/\/hi-techwonder.com\/es\/producto\/smallrig-manija-de-localizacion-smallrig-2165-arri\/","title":{"rendered":"Manija de localizaci\u00f3n SMALLRIG 2165 Arri"},"content":{"rendered":"<p>La empu\u00f1adura de montaje superior estilo ARRI de SmallRig utiliza un tornillo de mariposa de bloqueo de 3\/8&#8243;-16 con pasadores de ubicaci\u00f3n para sujetarlo de forma segura a la jaula de la c\u00e1mara. Adem\u00e1s de un portaca\u00f1as de 15 mm, este agarre vers\u00e1til cuenta con un candado y dos soportes de zapata fr\u00eda est\u00e1ndar, tres roscas antitorsi\u00f3n estilo ARRI y m\u00faltiples roscas de 1\/4&#8243;-20 y 3\/8&#8243;-16.<\/p>\n<p>El mango superior de montaje estilo ARRI est\u00e1 hecho de aluminio y viene con una llave Allen para apretar el tornillo.<\/p>\n<p><strong>Caracter\u00edsticas principales<\/strong><\/p>\n<ul>\n<li>Montura estilo ARRI con bloqueo de tornillo de mariposa<\/li>\n<li>2 x Zapatos fr\u00edos y 1 x Zapata fr\u00eda con bloqueo<\/li>\n<li>1 x soporte de varilla de 15 mm<\/li>\n<li>3 x Soportes antitorsi\u00f3n estilo ARRI<\/li>\n<li>Roscas de accesorios de 1\/4&#8243;-20 y 3\/8&#8243;-16<\/li>\n<li>Construcci\u00f3n de aleaci\u00f3n de aluminio<\/li>\n<li>Llave Allen incluida<\/li>\n<\/ul>\n<p>El mango superior de montaje estilo ARRI de SmallRig utiliza un tornillo de mariposa de bloqueo de 3\/8&#8243;-16 con pasadores de ubicaci\u00f3n para sujetarlo de forma segura a la jaula de su c\u00e1mara. Adem\u00e1s de un soporte de varilla de 15 mm, este mango vers\u00e1til tiene un bloqueo y dos soportes de zapata fr\u00eda est\u00e1ndar, tres roscas antitorsi\u00f3n estilo ARRI y m\u00faltiples roscas de 1\/4&#8243;-20 y 3\/8&#8243;-16.<\/p>\n<p>El mango superior de montaje estilo ARRI est\u00e1 hecho de aluminio y viene con una llave Allen para apretar el tornillo de mariposa.<\/p>\n<div class=\"group_K7YrQottgVsRZ4B6zAaGG\" style=\"margin-bottom: 2.1875rem;font-family: OpenSans, 'Segoe UI', Helvetica, Roboto, Arial, sans-serif;font-size: 16px;background-color: #ffffff\">\n<div class=\"name_3mapjiENorVzh8SvFyXVPc firstGroupInItem_k8WqCFToyTsIW3AYbSuui\" style=\"padding: 0px 0px 0.875rem;border-bottom: 0.125rem solid #cdcdcd;font-size: 2rem;color: #769e2d;line-height: 2rem\" data-selenium=\"specsItemGroupName\">General<\/div>\n<table class=\"table_o418fscimQZEg1oshu4aX\" style=\"width: 981px\" data-selenium=\"specsItemGroupTable\">\n<tbody>\n<tr class=\"pair_3u9fnESIQrtuEu6ye_zM4k\" style=\"border-bottom: 0.0625rem solid #e7e7e7\" data-selenium=\"specsItemGroupTableRow\">\n<td class=\"label_3bLwbW8ibvYc5tUwpKVQsL \" style=\"width: 372px;padding: 1.25rem 0px;border-top: none;vertical-align: baseline;font-size: 1.125rem;color: #666666;line-height: 1.375rem\" data-selenium=\"specsItemGroupTableColumnLabel\">Tipo<\/td>\n<p> de agarre<\/p>\n<td class=\"value_11Av1yGkVYn9TX48mQeu9v \" style=\"vertical-align: baseline;font-size: 1.125rem;color: #666666;line-height: 1.375rem;padding: 1.25rem 0px 1.25rem 2.5rem\" data-selenium=\"specsItemGroupTableColumnValue\">Empu\u00f1adura superior<\/td>\n<\/tr>\n<\/tbody>\n<\/table>\n<\/div>\n<div class=\"group_K7YrQottgVsRZ4B6zAaGG\" style=\"margin-bottom: 2.1875rem;font-family: OpenSans, 'Segoe UI', Helvetica, Roboto, Arial, sans-serif;font-size: 16px;background-color: #ffffff\">\n<div class=\"name_3mapjiENorVzh8SvFyXVPc\" style=\"padding: 1rem 0px 0.875rem;border-bottom: 0.125rem solid #cdcdcd;font-size: 2rem;color: #769e2d;line-height: 2rem\" data-selenium=\"specsItemGroupName\">Montura<\/div>\n<table class=\"table_o418fscimQZEg1oshu4aX\" style=\"width: 981px\" data-selenium=\"specsItemGroupTable\">\n<tbody>\n<tr class=\"pair_3u9fnESIQrtuEu6ye_zM4k\" style=\"border-bottom: 0.0625rem solid #e7e7e7\" data-selenium=\"specsItemGroupTableRow\">\n<td class=\"label_3bLwbW8ibvYc5tUwpKVQsL \" style=\"width: 372px;padding: 1.25rem 0px;border-top: none;vertical-align: baseline;font-size: 1.125rem;color: #666666;line-height: 1.375rem\" data-selenium=\"specsItemGroupTableColumnLabel\">Montaje de accesorios<\/td>\n<td class=\"value_11Av1yGkVYn9TX48mQeu9v \" style=\"vertical-align: baseline;font-size: 1.125rem;color: #666666;line-height: 1.375rem;padding: 1.25rem 0px 1.25rem 2.5rem\" data-selenium=\"specsItemGroupTableColumnValue\"><span style=\"font-weight: bolder\">M\u00faltiple x 1\/4&#8243;-20 Rosca<br \/>M\u00faltiple x 3\/8&#8243;-16 Rosca<br \/>3 x Rosca antitorsi\u00f3n ARRI de 3\/8&#8243;-16<\/span><\/td>\n<\/tr>\n<tr class=\"pair_3u9fnESIQrtuEu6ye_zM4k\" style=\"border-bottom: 0.0625rem solid #e7e7e7\" data-selenium=\"specsItemGroupTableRow\">\n<td class=\"label_3bLwbW8ibvYc5tUwpKVQsL\" style=\"width: 372px;padding: 1.25rem 0px;border-top: none;vertical-align: baseline;font-size: 1.125rem;color: #666666;line-height: 1.375rem\" data-selenium=\"specsItemGroupTableColumnLabel\">Puertos<\/td>\n<p> de varilla<\/p>\n<td class=\"value_11Av1yGkVYn9TX48mQeu9v\" style=\"vertical-align: baseline;font-size: 1.125rem;color: #666666;line-height: 1.375rem;padding: 1.25rem 0px 1.25rem 2.5rem\" data-selenium=\"specsItemGroupTableColumnValue\">1 puerto de varilla de 15 mm<\/td>\n<\/tr>\n<tr class=\"pair_3u9fnESIQrtuEu6ye_zM4k\" style=\"border-bottom: 0.0625rem solid #e7e7e7\" data-selenium=\"specsItemGroupTableRow\">\n<td class=\"label_3bLwbW8ibvYc5tUwpKVQsL\" style=\"width: 372px;padding: 1.25rem 0px;border-top: none;vertical-align: baseline;font-size: 1.125rem;color: #666666;line-height: 1.375rem\" data-selenium=\"specsItemGroupTableColumnLabel\">Montaje de<\/td>\n<p> zapatas<\/p>\n<td class=\"value_11Av1yGkVYn9TX48mQeu9v\" style=\"vertical-align: baseline;font-size: 1.125rem;color: #666666;line-height: 1.375rem;padding: 1.25rem 0px 1.25rem 2.5rem\" data-selenium=\"specsItemGroupTableColumnValue\"><span style=\"font-weight: bolder\">3 x Zapata fr\u00eda<\/span><\/td>\n<\/tr>\n<\/tbody>\n<\/table>\n<\/div>\n<div class=\"group_K7YrQottgVsRZ4B6zAaGG\" style=\"margin-bottom: 2.1875rem;font-family: OpenSans, 'Segoe UI', Helvetica, Roboto, Arial, sans-serif;font-size: 16px;background-color: #ffffff\">\n<div class=\"name_3mapjiENorVzh8SvFyXVPc\" style=\"padding: 1rem 0px 0.875rem;border-bottom: 0.125rem solid #cdcdcd;font-size: 2rem;color: #769e2d;line-height: 2rem\" data-selenium=\"specsItemGroupName\">F\u00edsico<\/div>\n<table class=\"table_o418fscimQZEg1oshu4aX\" style=\"width: 981px;height: 69px\" data-selenium=\"specsItemGroupTable\">\n<tbody>\n<tr class=\"pair_3u9fnESIQrtuEu6ye_zM4k\" style=\"border-bottom: 0.0625rem solid #e7e7e7;height: 23px\" data-selenium=\"specsItemGroupTableRow\">\n<td class=\"label_3bLwbW8ibvYc5tUwpKVQsL \" style=\"width: 372px;padding: 1.25rem 0px;border-top: none;vertical-align: baseline;font-size: 1.125rem;color: #666666;line-height: 1.375rem;height: 23px\" data-selenium=\"specsItemGroupTableColumnLabel\">Construcci\u00f3n<\/td>\n<td class=\"value_11Av1yGkVYn9TX48mQeu9v \" style=\"vertical-align: baseline;font-size: 1.125rem;color: #666666;line-height: 1.375rem;padding: 1.25rem 0px 1.25rem 2.5rem;height: 23px\" data-selenium=\"specsItemGroupTableColumnValue\">Aluminio, Acero<\/td>\n<\/tr>\n<tr class=\"pair_3u9fnESIQrtuEu6ye_zM4k\" style=\"border-bottom: 0.0625rem solid #e7e7e7;height: 23px\" data-selenium=\"specsItemGroupTableRow\">\n<td class=\"label_3bLwbW8ibvYc5tUwpKVQsL\" style=\"width: 372px;padding: 1.25rem 0px;border-top: none;vertical-align: baseline;font-size: 1.125rem;color: #666666;line-height: 1.375rem;height: 23px\" data-selenium=\"specsItemGroupTableColumnLabel\">Dimensiones<\/td>\n<td class=\"value_11Av1yGkVYn9TX48mQeu9v\" style=\"vertical-align: baseline;font-size: 1.125rem;color: #666666;line-height: 1.375rem;padding: 1.25rem 0px 1.25rem 2.5rem;height: 23px\" data-selenium=\"specsItemGroupTableColumnValue\">124 x 68 x 24,5 mm<\/td>\n<\/tr>\n<tr class=\"pair_3u9fnESIQrtuEu6ye_zM4k\" style=\"border-bottom: 0.0625rem solid #e7e7e7;height: 23px\" data-selenium=\"specsItemGroupTableRow\">\n<td class=\"label_3bLwbW8ibvYc5tUwpKVQsL\" style=\"width: 372px;padding: 1.25rem 0px;border-top: none;vertical-align: baseline;font-size: 1.125rem;color: #666666;line-height: 1.375rem;height: 23px\" data-selenium=\"specsItemGroupTableColumnLabel\">Peso<\/td>\n<td class=\"value_11Av1yGkVYn9TX48mQeu9v\" style=\"vertical-align: baseline;font-size: 1.125rem;color: #666666;line-height: 1.375rem;padding: 1.25rem 0px 1.25rem 2.5rem;height: 23px\" data-selenium=\"specsItemGroupTableColumnValue\">172 gramos<\/td>\n<\/tr>\n<\/tbody>\n<\/table>\n<\/div>\n","protected":false},"excerpt":{"rendered":"<p>La empu\u00f1adura de montaje superior estilo ARRI de SmallRig utiliza un tornillo de mariposa de bloqueo de 3\/8&#8243;-16 con pasadores<\/p>\n","protected":false},"featured_media":67758,"comment_status":"closed","ping_status":"open","template":"","meta":{"_acf_changed":false},"product_brand":[2550],"product_cat":[1108],"product_tag":[],"class_list":{"0":"post-73917","1":"product","2":"type-product","3":"status-publish","4":"has-post-thumbnail","6":"product_brand-smallrig-es","7":"product_cat-empunaduras-cages","9":"first","10":"onbackorder","11":"taxable","12":"shipping-taxable","13":"purchasable","14":"product-type-simple"},"bundled_by":[],"bundle_stock_status":"onbackorder","bundle_stock_quantity":null,"bundle_virtual":false,"bundle_layout":"","bundle_add_to_cart_form_location":"","bundle_editable_in_cart":false,"bundle_sold_individually_context":"","bundle_item_grouping":"","bundle_min_size":"","bundle_max_size":"","bundle_price":[],"bundled_items":[],"bundle_sell_ids":[],"acf":[],"_links":{"self":[{"href":"https:\/\/hi-techwonder.com\/es\/wp-json\/wp\/v2\/product\/73917","targetHints":{"allow":["GET"]}}],"collection":[{"href":"https:\/\/hi-techwonder.com\/es\/wp-json\/wp\/v2\/product"}],"about":[{"href":"https:\/\/hi-techwonder.com\/es\/wp-json\/wp\/v2\/types\/product"}],"replies":[{"embeddable":true,"href":"https:\/\/hi-techwonder.com\/es\/wp-json\/wp\/v2\/comments?post=73917"}],"wp:featuredmedia":[{"embeddable":true,"href":"https:\/\/hi-techwonder.com\/es\/wp-json\/wp\/v2\/media\/67758"}],"wp:attachment":[{"href":"https:\/\/hi-techwonder.com\/es\/wp-json\/wp\/v2\/media?parent=73917"}],"wp:term":[{"taxonomy":"product_brand","embeddable":true,"href":"https:\/\/hi-techwonder.com\/es\/wp-json\/wp\/v2\/product_brand?post=73917"},{"taxonomy":"product_cat","embeddable":true,"href":"https:\/\/hi-techwonder.com\/es\/wp-json\/wp\/v2\/product_cat?post=73917"},{"taxonomy":"product_tag","embeddable":true,"href":"https:\/\/hi-techwonder.com\/es\/wp-json\/wp\/v2\/product_tag?post=73917"}],"curies":[{"name":"wp","href":"https:\/\/api.w.org\/{rel}","templated":true}]}}