{"id":73923,"date":"2025-07-29T10:50:29","date_gmt":"2025-07-29T10:50:29","guid":{"rendered":"https:\/\/fv6qoy3ls0.wpdns.site\/product\/smallrig-2002d-kit-de-montaje-de-tuberia-doble-asa\/"},"modified":"2026-01-09T17:36:15","modified_gmt":"2026-01-09T17:36:15","slug":"smallrig-2002d-kit-de-montaje-de-tuberia-doble-asa","status":"publish","type":"product","link":"https:\/\/hi-techwonder.com\/es\/producto\/smallrig-2002d-kit-de-montaje-de-tuberia-doble-asa\/","title":{"rendered":"SMALLRIG 2002D Kit de montaje de tuber\u00eda + Doble asa"},"content":{"rendered":"<p>Comodidad y estabilidad para tu equipo de hombros con este kit de doble agarre de SmallRig.<\/p>\n<p> <strong>Caracter\u00edsticas principales:<\/strong><\/p>\n<p>  1. Se utiliza para el sistema de hombro, ayuda en el disparo de la c\u00e1mara<\/p>\n<p>  2. La roseta puede girar 360\u00b0<\/p>\n<p>  3. V\u00e1stagos de 15 mm f\u00e1ciles de bloquear con un tornillo de mariposa<\/p>\n<p>  4. Dise\u00f1o ergon\u00f3mico, c\u00f3modo de llevar<\/p>\n<p>  El kit de manija de roseta SmallRig 2002 est\u00e1 dise\u00f1ado para el sistema de hombro para ayudar a disparar con c\u00e1mara. Se adapta a un sistema de varilla de 15 mm, el mango de la roseta y el brazo de la roseta se pueden ajustar de forma independiente, y ambos pueden girar 360\u00b0. El brazo de roseta tiene roscas de 1\/4&#8243;-20 y un orificio de localizaci\u00f3n Arri, que se puede acoplar a accesorios como el brazo m\u00e1gico 2115. El dise\u00f1o ergon\u00f3mico hace que el kit de mango sea c\u00f3modo de usar y f\u00e1cil de almacenar.   <\/p>\n<p> <em><strong>Nota:<\/strong> Carga m\u00e1xima 30KG<\/em><\/p>\n<p> <strong>Compatibilidad:<\/strong><\/p>\n<ul>\n<li>  Varilla de 15 mm<\/li>\n<\/ul>\n<p> <strong>El paquete incluye:<\/strong><\/p>\n<p>  2 x Brazo de roseta 1684<\/p>\n<p>  2 x Correa de roseta 1963<\/p>\n<p>  1 x Abrazadera de varilla de 15 mm con soporte de roseta Arri 1898<\/p>\n<p> <strong>Dimensiones del producto:<\/strong> 330 x 270 x 32 mm<\/p>\n<p> <strong>Dimensiones del paquete:<\/strong> 180 x 180 x 80 mm<\/p>\n<p> <strong>Peso neto:<\/strong> 700 g \u00b1 5 g<\/p>\n<p> <strong>Peso del paquete:<\/strong> 822 g \u00b1 5 g<\/p>\n<p> <strong>Material(es):<\/strong> Aleaci\u00f3n de aluminio, acero inoxidable, caucho<\/p>\n","protected":false},"excerpt":{"rendered":"<p>Comodidad y estabilidad para tu equipo de hombros con este kit de doble agarre de SmallRig. Caracter\u00edsticas principales: 1. Se<\/p>\n","protected":false},"featured_media":68300,"comment_status":"closed","ping_status":"open","template":"","meta":{"_acf_changed":false},"product_brand":[2550],"product_cat":[1100],"product_tag":[],"class_list":{"0":"post-73923","1":"product","2":"type-product","3":"status-publish","4":"has-post-thumbnail","6":"product_brand-smallrig-es","7":"product_cat-soportes-de-hombro","9":"first","10":"instock","11":"taxable","12":"shipping-taxable","13":"purchasable","14":"product-type-simple"},"bundled_by":[],"bundle_stock_status":"instock","bundle_stock_quantity":1,"bundle_virtual":false,"bundle_layout":"","bundle_add_to_cart_form_location":"","bundle_editable_in_cart":false,"bundle_sold_individually_context":"","bundle_item_grouping":"","bundle_min_size":"","bundle_max_size":"","bundle_price":[],"bundled_items":[],"bundle_sell_ids":[],"acf":[],"_links":{"self":[{"href":"https:\/\/hi-techwonder.com\/es\/wp-json\/wp\/v2\/product\/73923","targetHints":{"allow":["GET"]}}],"collection":[{"href":"https:\/\/hi-techwonder.com\/es\/wp-json\/wp\/v2\/product"}],"about":[{"href":"https:\/\/hi-techwonder.com\/es\/wp-json\/wp\/v2\/types\/product"}],"replies":[{"embeddable":true,"href":"https:\/\/hi-techwonder.com\/es\/wp-json\/wp\/v2\/comments?post=73923"}],"wp:featuredmedia":[{"embeddable":true,"href":"https:\/\/hi-techwonder.com\/es\/wp-json\/wp\/v2\/media\/68300"}],"wp:attachment":[{"href":"https:\/\/hi-techwonder.com\/es\/wp-json\/wp\/v2\/media?parent=73923"}],"wp:term":[{"taxonomy":"product_brand","embeddable":true,"href":"https:\/\/hi-techwonder.com\/es\/wp-json\/wp\/v2\/product_brand?post=73923"},{"taxonomy":"product_cat","embeddable":true,"href":"https:\/\/hi-techwonder.com\/es\/wp-json\/wp\/v2\/product_cat?post=73923"},{"taxonomy":"product_tag","embeddable":true,"href":"https:\/\/hi-techwonder.com\/es\/wp-json\/wp\/v2\/product_tag?post=73923"}],"curies":[{"name":"wp","href":"https:\/\/api.w.org\/{rel}","templated":true}]}}