{"id":73925,"date":"2025-07-29T10:52:43","date_gmt":"2025-07-29T10:52:43","guid":{"rendered":"https:\/\/fv6qoy3ls0.wpdns.site\/product\/smallrig-2065-brazo-magico-5-5\/"},"modified":"2026-03-27T13:11:10","modified_gmt":"2026-03-27T13:11:10","slug":"smallrig-2065-brazo-magico-5-5","status":"publish","type":"product","link":"https:\/\/hi-techwonder.com\/es\/producto\/smallrig-2065-brazo-magico-5-5\/","title":{"rendered":"SMALLRIG 2065 Brazo m\u00e1gico 5.5&#8243;"},"content":{"rendered":"<p><strong>SmallRig &#8211; Brazo articulado (5.5 pulgadas) 2065<\/strong><\/p>\n<p><strong>LUCES<\/strong><\/p>\n<ul>\n<li>Est\u00e1 equipado con tornillos de 1\/4\u00bb en ambos extremos respectivamente.<\/li>\n<li>Puede conectar monitores a trav\u00e9s de un tornillo de 1\/4\u00bb en un extremo y fijar accesorios con orificios roscados de 1\/4\u00bb-20 en el otro extremo.<\/li>\n<li>Montado con un tornillo de 1\/4\u00bb, hay una almohadilla de goma que protege los monitores de ara\u00f1azos y ayuda a bloquear el monitor con m\u00e1s fuerza.<\/li>\n<li>Cuenta con una tuerca ergon\u00f3mica para una gran comodidad que puede ayudar a ajustar cualquier \u00e1ngulo seg\u00fan sus necesidades.<\/li>\n<\/ul>\n<p>Est\u00e1 equipado con tornillos de 1\/4\u00bb en ambos extremos respectivamente. Por lo tanto, puede conectar monitores a trav\u00e9s del tornillo de 1\/4 \u00bb en un extremo y conectar accesorios con orificios roscados de 1\/4 \u00bb -20 en el otro extremo, como NATO Rail 1973, 15 mm Rod 1182 y Quick Release Rod Clamp 1976, etc. Montado con un tornillo de 1\/4\u00bb, hay una almohadilla de goma que protege los monitores de ara\u00f1azos y ayuda a bloquear el monitor con m\u00e1s fuerza. Cuenta con una tuerca ergon\u00f3mica para una gran comodidad que puede ayudar a ajustar cualquier \u00e1ngulo seg\u00fan sus necesidades.   <\/p>\n<p><em>Dise\u00f1ador: Jeff Rock<\/em><\/p>\n<ul>\n<li>Carga m\u00e1xima: 1,5 kg<\/li>\n<\/ul>\n<p><strong>Compatibilidad:<\/strong><\/p>\n<ul>\n<li>Universal<\/li>\n<\/ul>\n<p><strong>El paquete incluye:<\/strong><\/p>\n<ul>\n<li>1 x Brazo articulado de 5,5 pulgadas 2065 (13 cm)<\/li>\n<li>Dimensiones del producto: 86 x 60 x 25 mm<\/li>\n<li>Peso neto: 168g<\/li>\n<li>Tama\u00f1o del paquete: 155 x 100 x 40 mm<\/li>\n<li>Material(es): Aleaci\u00f3n de aluminio \/ Acero inoxidable \/ Acero de corte libre<\/li>\n<\/ul>\n","protected":false},"excerpt":{"rendered":"<p>SmallRig &#8211; Brazo articulado (5.5 pulgadas) 2065 LUCES Est\u00e1 equipado con tornillos de 1\/4\u00bb en ambos extremos respectivamente. Puede conectar<\/p>\n","protected":false},"featured_media":68730,"comment_status":"closed","ping_status":"open","template":"","meta":{"_acf_changed":false},"product_brand":[2550],"product_cat":[1099],"product_tag":[],"class_list":{"0":"post-73925","1":"product","2":"type-product","3":"status-publish","4":"has-post-thumbnail","6":"product_brand-smallrig-es","7":"product_cat-brazos-es","9":"first","10":"instock","11":"taxable","12":"shipping-taxable","13":"purchasable","14":"product-type-simple"},"bundled_by":[],"bundle_stock_status":"instock","bundle_stock_quantity":2,"bundle_virtual":false,"bundle_layout":"","bundle_add_to_cart_form_location":"","bundle_editable_in_cart":false,"bundle_sold_individually_context":"","bundle_item_grouping":"","bundle_min_size":"","bundle_max_size":"","bundle_price":[],"bundled_items":[],"bundle_sell_ids":[],"acf":[],"_links":{"self":[{"href":"https:\/\/hi-techwonder.com\/es\/wp-json\/wp\/v2\/product\/73925","targetHints":{"allow":["GET"]}}],"collection":[{"href":"https:\/\/hi-techwonder.com\/es\/wp-json\/wp\/v2\/product"}],"about":[{"href":"https:\/\/hi-techwonder.com\/es\/wp-json\/wp\/v2\/types\/product"}],"replies":[{"embeddable":true,"href":"https:\/\/hi-techwonder.com\/es\/wp-json\/wp\/v2\/comments?post=73925"}],"wp:featuredmedia":[{"embeddable":true,"href":"https:\/\/hi-techwonder.com\/es\/wp-json\/wp\/v2\/media\/68730"}],"wp:attachment":[{"href":"https:\/\/hi-techwonder.com\/es\/wp-json\/wp\/v2\/media?parent=73925"}],"wp:term":[{"taxonomy":"product_brand","embeddable":true,"href":"https:\/\/hi-techwonder.com\/es\/wp-json\/wp\/v2\/product_brand?post=73925"},{"taxonomy":"product_cat","embeddable":true,"href":"https:\/\/hi-techwonder.com\/es\/wp-json\/wp\/v2\/product_cat?post=73925"},{"taxonomy":"product_tag","embeddable":true,"href":"https:\/\/hi-techwonder.com\/es\/wp-json\/wp\/v2\/product_tag?post=73925"}],"curies":[{"name":"wp","href":"https:\/\/api.w.org\/{rel}","templated":true}]}}