{"id":73929,"date":"2025-07-29T10:50:09","date_gmt":"2025-07-29T10:50:09","guid":{"rendered":"https:\/\/fv6qoy3ls0.wpdns.site\/product\/zapata-fria-smallrig-1960-para-montaje\/"},"modified":"2026-01-31T01:25:03","modified_gmt":"2026-01-31T01:25:03","slug":"smallrig-zapata-fria-smallrig-1960-para-montaje","status":"publish","type":"product","link":"https:\/\/hi-techwonder.com\/es\/producto\/smallrig-zapata-fria-smallrig-1960-para-montaje\/","title":{"rendered":"Zapata fr\u00eda SMALLRIG 1960 para montaje"},"content":{"rendered":"<p><strong>Zapata fr\u00eda SMALLRIG 1960 para montaje<\/strong><\/p>\n<p><strong>Caracter\u00edsticas principales:<\/strong><\/p>\n<ul>\n<li>2 x ranuras para un montaje seguro.<\/li>\n<li>Ondulaci\u00f3n de retenci\u00f3n.<\/li>\n<li style=\"text-align: justify\">Limpia los contactos de la zapata de accesorios.<\/li>\n<\/ul>\n<p style=\"text-align: justify\">Esta zapata fr\u00eda SmallRig viene con dos ranuras de 1\/4&#8243; que te permiten acoplar a la jaula opcional SmallRig para Panasonic GH5\/GH5S (2646), placa superior para Blackmagic Ursa Mini\/Mini Pro (1958), placa lateral para Blackmagic URSA Mini\/Mini Pro (1854), nuevo mango de doble zapata (1625) o abrazadera NATO (1885) con dos tornillos de 1\/4&#8243;-20.<\/p>\n<p style=\"text-align: justify\">Dos puntas de flecha apuntan a la protuberancia de retenci\u00f3n integrada, que ayuda a sujetar los accesorios hasta que se aprietan en el zapato. La zapata fr\u00eda le permite usar accesorios de zapata caliente y, cuando se monta, los contactos el\u00e9ctricos liberan los tornillos de montaje que aseguran los contactos. <\/p>\n<p style=\"text-align: justify\"><strong>Especificaciones de SmallRig 1960<\/strong><\/p>\n<p style=\"text-align: justify\">Generalmente<\/p>\n<table style=\"border-collapse: collapse;width: 100%\" border=\"1\">\n<tbody>\n<tr>\n<td style=\"width: 49.0617%\">Compatibilidad<\/td>\n<td style=\"width: 49.0617%\">No especificado por el fabricante<\/td>\n<\/tr>\n<\/tbody>\n<\/table>\n<p style=\"text-align: justify\">F\u00edsico<\/p>\n<table style=\"border-collapse: collapse;width: 100%;height: 89.5624px\" border=\"1\">\n<tbody>\n<tr style=\"height: 22.3906px\">\n<td style=\"width: 49.0617%;height: 22.3906px\">Montura <\/td>\n<td style=\"width: 49.0617%;height: 22.3906px\">2 ranuras de 1\/4&#8243;<\/td>\n<\/tr>\n<tr style=\"height: 22.3906px\">\n<td style=\"width: 49.0617%;height: 22.3906px\">Material<\/td>\n<p> de construcci\u00f3n<\/p>\n<td style=\"width: 49.0617%;height: 22.3906px\">Aleaci\u00f3n de aluminio<\/td>\n<\/tr>\n<tr style=\"height: 22.3906px\">\n<td style=\"width: 49.0617%;height: 22.3906px\">Dimensiones<\/td>\n<td style=\"width: 49.0617%;height: 22.3906px\">28 x 25 x 10,5 mm<\/td>\n<\/tr>\n<tr style=\"height: 22.3906px\">\n<td style=\"width: 49.0617%;height: 22.3906px\">Peso<\/td>\n<td style=\"width: 49.0617%;height: 22.3906px\"> 21 gramos<\/td>\n<\/tr>\n<\/tbody>\n<\/table>\n","protected":false},"excerpt":{"rendered":"<p>Zapata fr\u00eda SMALLRIG 1960 para montaje Caracter\u00edsticas principales: 2 x ranuras para un montaje seguro. Ondulaci\u00f3n de retenci\u00f3n. Limpia los<\/p>\n","protected":false},"featured_media":68204,"comment_status":"closed","ping_status":"open","template":"","meta":{"_acf_changed":false},"product_brand":[2550],"product_cat":[1104],"product_tag":[],"class_list":{"0":"post-73929","1":"product","2":"type-product","3":"status-publish","4":"has-post-thumbnail","6":"product_brand-smallrig-es","7":"product_cat-accesorios-cages","9":"first","10":"instock","11":"taxable","12":"shipping-taxable","13":"purchasable","14":"product-type-simple"},"bundled_by":[],"bundle_stock_status":"instock","bundle_stock_quantity":1,"bundle_virtual":false,"bundle_layout":"","bundle_add_to_cart_form_location":"","bundle_editable_in_cart":false,"bundle_sold_individually_context":"","bundle_item_grouping":"","bundle_min_size":"","bundle_max_size":"","bundle_price":[],"bundled_items":[],"bundle_sell_ids":[],"acf":[],"_links":{"self":[{"href":"https:\/\/hi-techwonder.com\/es\/wp-json\/wp\/v2\/product\/73929","targetHints":{"allow":["GET"]}}],"collection":[{"href":"https:\/\/hi-techwonder.com\/es\/wp-json\/wp\/v2\/product"}],"about":[{"href":"https:\/\/hi-techwonder.com\/es\/wp-json\/wp\/v2\/types\/product"}],"replies":[{"embeddable":true,"href":"https:\/\/hi-techwonder.com\/es\/wp-json\/wp\/v2\/comments?post=73929"}],"wp:featuredmedia":[{"embeddable":true,"href":"https:\/\/hi-techwonder.com\/es\/wp-json\/wp\/v2\/media\/68204"}],"wp:attachment":[{"href":"https:\/\/hi-techwonder.com\/es\/wp-json\/wp\/v2\/media?parent=73929"}],"wp:term":[{"taxonomy":"product_brand","embeddable":true,"href":"https:\/\/hi-techwonder.com\/es\/wp-json\/wp\/v2\/product_brand?post=73929"},{"taxonomy":"product_cat","embeddable":true,"href":"https:\/\/hi-techwonder.com\/es\/wp-json\/wp\/v2\/product_cat?post=73929"},{"taxonomy":"product_tag","embeddable":true,"href":"https:\/\/hi-techwonder.com\/es\/wp-json\/wp\/v2\/product_tag?post=73929"}],"curies":[{"name":"wp","href":"https:\/\/api.w.org\/{rel}","templated":true}]}}