{"id":73930,"date":"2025-07-29T10:49:37","date_gmt":"2025-07-29T10:49:37","guid":{"rendered":"https:\/\/fv6qoy3ls0.wpdns.site\/product\/smallrig-1870-brazo-de-extension-con-roseta-arri\/"},"modified":"2025-07-29T10:49:37","modified_gmt":"2025-07-29T10:49:37","slug":"smallrig-1870-brazo-de-extension-con-roseta-arri","status":"publish","type":"product","link":"https:\/\/hi-techwonder.com\/es\/producto\/smallrig-1870-brazo-de-extension-con-roseta-arri\/","title":{"rendered":"SMALLRIG 1870 Brazo de extensi\u00f3n con roseta Arri"},"content":{"rendered":"<p>El brazo de extensi\u00f3n SmallRig con roseta Arri 1870 se utiliza para la extensi\u00f3n del mango. El brazo de extensi\u00f3n se ajusta a trav\u00e9s del riel OTAN, con un rango de extensi\u00f3n de 168-260 mm. El tornillo puede evitar la extracci\u00f3n accidental. La roseta Arri puede acoplar el mango de la roseta, como el mango de madera SmallRig 1941 y el mango Arri Rosette 1810. La roseta Arri puede conectar la placa base de la videoc\u00e1mara Sony FS5 1827 y otros dispositivos de roseta tambi\u00e9n. Adem\u00e1s, la roseta Arri puede ser tanto de cabeza femenina como masculina.     <\/p>\n<p> <strong>Caracter\u00edsticas principales:<\/strong><\/p>\n<ul>\n<li>  Brazo de extensi\u00f3n ajustable<\/li>\n<li>  El tornillo se utiliza para evitar la extracci\u00f3n accidental<\/li>\n<li>  Arri Rosette podr\u00eda conectar dispositivos de roseta<\/li>\n<li>  La roseta Arri podr\u00eda ser una cabeza femenina y masculina<\/li>\n<\/ul>\n<p>Compatibilidad:<br \/> Dispositivos de roseta Arri<\/p>\n<p><strong>El paquete incluye:<\/strong><\/p>\n<ul>\n<li>  1 x Brazo de extensi\u00f3n (roseta Arri)<\/li>\n<\/ul>\n<p><strong>Dimensiones del producto:<\/strong> 203 x 50 x 35 mm<br \/><strong>Peso neto:<\/strong> 158g<br \/><strong>Dimensiones del paquete:<\/strong> 200 x 140 x 40 mm<br \/><strong>Material(es):<\/strong> Aleaci\u00f3n de aluminio<\/p>\n","protected":false},"excerpt":{"rendered":"<p>El brazo de extensi\u00f3n SmallRig con roseta Arri 1870 se utiliza para la extensi\u00f3n del mango. El brazo de extensi\u00f3n<\/p>\n","protected":false},"featured_media":68113,"comment_status":"closed","ping_status":"open","template":"","meta":{"_acf_changed":false},"product_brand":[2550],"product_cat":[1104],"product_tag":[],"class_list":{"0":"post-73930","1":"product","2":"type-product","3":"status-publish","4":"has-post-thumbnail","6":"product_brand-smallrig-es","7":"product_cat-accesorios-cages","9":"first","10":"onbackorder","11":"taxable","12":"shipping-taxable","13":"purchasable","14":"product-type-simple"},"bundled_by":[],"bundle_stock_status":"onbackorder","bundle_stock_quantity":0,"bundle_virtual":false,"bundle_layout":"","bundle_add_to_cart_form_location":"","bundle_editable_in_cart":false,"bundle_sold_individually_context":"","bundle_item_grouping":"","bundle_min_size":"","bundle_max_size":"","bundle_price":[],"bundled_items":[],"bundle_sell_ids":[],"acf":[],"_links":{"self":[{"href":"https:\/\/hi-techwonder.com\/es\/wp-json\/wp\/v2\/product\/73930","targetHints":{"allow":["GET"]}}],"collection":[{"href":"https:\/\/hi-techwonder.com\/es\/wp-json\/wp\/v2\/product"}],"about":[{"href":"https:\/\/hi-techwonder.com\/es\/wp-json\/wp\/v2\/types\/product"}],"replies":[{"embeddable":true,"href":"https:\/\/hi-techwonder.com\/es\/wp-json\/wp\/v2\/comments?post=73930"}],"wp:featuredmedia":[{"embeddable":true,"href":"https:\/\/hi-techwonder.com\/es\/wp-json\/wp\/v2\/media\/68113"}],"wp:attachment":[{"href":"https:\/\/hi-techwonder.com\/es\/wp-json\/wp\/v2\/media?parent=73930"}],"wp:term":[{"taxonomy":"product_brand","embeddable":true,"href":"https:\/\/hi-techwonder.com\/es\/wp-json\/wp\/v2\/product_brand?post=73930"},{"taxonomy":"product_cat","embeddable":true,"href":"https:\/\/hi-techwonder.com\/es\/wp-json\/wp\/v2\/product_cat?post=73930"},{"taxonomy":"product_tag","embeddable":true,"href":"https:\/\/hi-techwonder.com\/es\/wp-json\/wp\/v2\/product_tag?post=73930"}],"curies":[{"name":"wp","href":"https:\/\/api.w.org\/{rel}","templated":true}]}}