{"id":73931,"date":"2025-07-29T10:47:56","date_gmt":"2025-07-29T10:47:56","guid":{"rendered":"https:\/\/fv6qoy3ls0.wpdns.site\/product\/smallrig-1955-empunadura-de-jaula\/"},"modified":"2025-07-29T10:47:56","modified_gmt":"2025-07-29T10:47:56","slug":"smallrig-1955-empunadura-de-jaula","status":"publish","type":"product","link":"https:\/\/hi-techwonder.com\/es\/producto\/smallrig-1955-empunadura-de-jaula\/","title":{"rendered":"SMALLRIG 1955 Empu\u00f1adura de jaula"},"content":{"rendered":"<p><strong><span style=\"font-size: small;\">IMPORTANTE: Para poder atornillar este mango en una jaula, debe necesitar 1 de la pieza <a style=\"color: #e03e2d;\" href=\"https:\/\/hi-techwonder.com\/smallrig-1409-quick-release-safety-rail-(46mm)\" target=\"_blank\" rel=\"noopener\">de la barandilla de seguridad de liberaci\u00f3n r\u00e1pida SMALLRIG 409 (46 mm)<\/a><\/span><\/strong><\/p>\n<p>  SmallRig DSLR Action NATO Handle 1955 es un mango superior deslizante para tomas sobre la marcha. Est\u00e1 dise\u00f1ado para una conexi\u00f3n y desconexi\u00f3n de liberaci\u00f3n r\u00e1pida en la c\u00e1mara sin tornillos. Simplemente desl\u00edcelo sobre el riel de seguridad NATO y apriete el tornillo de mariposa. Excepto por deslizarlo de izquierda a derecha en el riel para mantener la c\u00e1mara equilibrada, tambi\u00e9n puedes deslizarlo hacia adelante y hacia atr\u00e1s para encontrar el punto de equilibrio de tu equipo.   <br \/>  El mango est\u00e1 equipado con tres soportes para zapatas en la parte superior y trasera respectivamente, a los que se pueden acoplar los accesorios ligeros como el micr\u00f3fono y el brazo m\u00e1gico. Esta manija est\u00e1 equipada con el patr\u00f3n de orificios para pasadores de montaje de accesorios ARRI, por lo que puede conectar bloques de extensi\u00f3n compatibles con ARRI. El mango proporciona puntos de montaje de 1\/4\u00bb y 3\/8\u00bb para accesorios adicionales. Adem\u00e1s, ofrecemos especialmente una llave de 1\/4\u00bb para acceso gratuito. Es bastante conveniente cuando necesita mejorar el equilibrio de la c\u00e1mara y el equipo.    <\/p>\n<p> <strong>Caracter\u00edsticas principales:<\/strong><\/p>\n<ul>\n<li>  1. Deslizamiento hacia la izquierda y hacia la derecha en el riel para mantener el equilibrio de la c\u00e1mara<\/li>\n<li>  2. Desliza el dedo hacia adelante y hacia atr\u00e1s para encontrar el punto de equilibrio de tus plataformas<\/li>\n<li>  3. Soportes para zapatos incorporados en la parte superior y trasera<\/li>\n<li>  Puntos de montaje de 4.1\/4&#8243;-20 y 3\/8\u00bb-16 para accesorios adicionales<\/li>\n<li>  5. Orificio de ubicaci\u00f3n ARRI para conectar bloques de extensi\u00f3n compatibles con ARRI<\/li>\n<li>  6. Con una llave de 1\/4\u00bb para un uso r\u00e1pido  <\/li>\n<\/ul>\n<p> <strong>Compatibilidad:<\/strong><\/p>\n<ul>\n<li>  Seguridad Rieles de la OTAN  <\/li>\n<\/ul>\n<p> <strong>El paquete incluye:<\/strong><\/p>\n<ul>\n<li>  1 x Mango NATO<\/li>\n<li>  1 llave de 1\/4\u00bb<\/li>\n<\/ul>\n<p><strong>Dimensiones del producto:<\/strong> 118x25x66mm<br \/><strong>Peso neto:<\/strong> 151g<br \/><strong>Tama\u00f1o del paquete:<\/strong> 187x102x62mm<br \/><strong>Peso del paquete:<\/strong> 197g<br \/><strong>Material:<\/strong> aleaci\u00f3n de aluminio<\/p>\n","protected":false},"excerpt":{"rendered":"<p>IMPORTANTE: Para poder atornillar este mango en una jaula, debe necesitar 1 de la pieza de la barandilla de seguridad<\/p>\n","protected":false},"featured_media":67678,"comment_status":"closed","ping_status":"open","template":"","meta":{"_acf_changed":false},"product_brand":[2550],"product_cat":[1108],"product_tag":[],"class_list":{"0":"post-73931","1":"product","2":"type-product","3":"status-publish","4":"has-post-thumbnail","6":"product_brand-smallrig-es","7":"product_cat-empunaduras-cages","9":"first","10":"onbackorder","11":"taxable","12":"shipping-taxable","13":"purchasable","14":"product-type-simple"},"bundled_by":[],"bundle_stock_status":"onbackorder","bundle_stock_quantity":0,"bundle_virtual":false,"bundle_layout":"","bundle_add_to_cart_form_location":"","bundle_editable_in_cart":false,"bundle_sold_individually_context":"","bundle_item_grouping":"","bundle_min_size":"","bundle_max_size":"","bundle_price":[],"bundled_items":[],"bundle_sell_ids":[],"acf":[],"_links":{"self":[{"href":"https:\/\/hi-techwonder.com\/es\/wp-json\/wp\/v2\/product\/73931","targetHints":{"allow":["GET"]}}],"collection":[{"href":"https:\/\/hi-techwonder.com\/es\/wp-json\/wp\/v2\/product"}],"about":[{"href":"https:\/\/hi-techwonder.com\/es\/wp-json\/wp\/v2\/types\/product"}],"replies":[{"embeddable":true,"href":"https:\/\/hi-techwonder.com\/es\/wp-json\/wp\/v2\/comments?post=73931"}],"wp:featuredmedia":[{"embeddable":true,"href":"https:\/\/hi-techwonder.com\/es\/wp-json\/wp\/v2\/media\/67678"}],"wp:attachment":[{"href":"https:\/\/hi-techwonder.com\/es\/wp-json\/wp\/v2\/media?parent=73931"}],"wp:term":[{"taxonomy":"product_brand","embeddable":true,"href":"https:\/\/hi-techwonder.com\/es\/wp-json\/wp\/v2\/product_brand?post=73931"},{"taxonomy":"product_cat","embeddable":true,"href":"https:\/\/hi-techwonder.com\/es\/wp-json\/wp\/v2\/product_cat?post=73931"},{"taxonomy":"product_tag","embeddable":true,"href":"https:\/\/hi-techwonder.com\/es\/wp-json\/wp\/v2\/product_tag?post=73931"}],"curies":[{"name":"wp","href":"https:\/\/api.w.org\/{rel}","templated":true}]}}