{"id":73933,"date":"2025-07-28T23:54:06","date_gmt":"2025-07-28T23:54:06","guid":{"rendered":"https:\/\/fv6qoy3ls0.wpdns.site\/product\/soporte-de-microfono-de-montaje-de-choque-smallrig-1859-para-camara\/"},"modified":"2026-03-26T12:34:02","modified_gmt":"2026-03-26T12:34:02","slug":"smallrig-soporte-de-microfono-de-montaje-de-choque-smallrig-1859-para-camara","status":"publish","type":"product","link":"https:\/\/hi-techwonder.com\/es\/producto\/smallrig-soporte-de-microfono-de-montaje-de-choque-smallrig-1859-para-camara\/","title":{"rendered":"Soporte de micr\u00f3fono de montaje de choque SMALLRIG 1859 para c\u00e1mara"},"content":{"rendered":"<p>El <strong>SmallRig 1859 Universal Microphone Shockmount <\/strong>admite micr\u00f3fonos de ca\u00f1\u00f3n y otros micr\u00f3fonos cil\u00edndricos con suspensi\u00f3n de cuatro puntos. Incluye una zapata de montaje para montar en una c\u00e1mara y una rosca de 3\/8&#8243;-16 para sujetar a una varilla de brazo o empu\u00f1adura. <\/p>\n<p>El Shockmount 1859 admite micr\u00f3fonos de 15-40 mm \/ 0.6-1.6 &#8220;de di\u00e1metro y cuenta con una perilla de bloqueo para ajustar el \u00e1ngulo del soporte.<\/p>\n<p><strong>Caracter\u00edsticas principales:<\/strong><\/p>\n<ul>\n<li>Sistema de suspensi\u00f3n de cuatro puntos<\/li>\n<li>A\u00edsla el micr\u00f3fono de la vibraci\u00f3n y el ruido<\/li>\n<li>Se adapta a micr\u00f3fonos de 15-40 mm \/ 0,6-1,6&#8243; de di\u00e1metro&nbsp;<\/li>\n<li>Bot\u00f3n de bloqueo de inclinaci\u00f3n<\/li>\n<li>Soporte de zapata incluido<\/li>\n<li>Base de rosca 3\/8&#8243;-16 Soporte de rosca para varilla de pluma<\/li>\n<li>Peso: 73g<\/li>\n<li>Dimensiones: 55x50x121mm<\/li>\n<\/ul>\n<p><strong>Compatibilidad:<\/strong><\/p>\n<p>Micr\u00f3fonos de 0,59-1,57&#8243; (15-40 mm) de di\u00e1metro<\/p>\n<p>Rode: NTG1, NTG2 , NTG3, NTG4, NTG4+,<\/p>\n<p>Sennheiser: MKE 600, MKH 416, ME 66 K6, MKH8060, MKH8070, MKH 418<\/p>\n<p>Azden: SGM-1X<\/p>\n<p>Audio-Technica: AT897, AT835ST, BP4029, AT4073, BP4073<\/p>\n<p>Caracter\u00edsticas: CMIT 5U, SuperCMIT 2U<\/p>\n<p>Shure: VP82, VP89S<\/p>\n<p>Neumann: KMR-81i, KMR-81D,<\/p>\n<p>Hundido CS-1, CS-2, CS-3e<\/p>\n<p>Tecnolog\u00edas de voz: VT500<\/p>\n<p><strong>Material:<\/strong><\/p>\n<p>Aleaci\u00f3n de aluminio (parte del soporte de montaje de la zapata)<\/p>\n<p>Caucho y pl\u00e1stico (parte del soporte del micr\u00f3fono)<\/p>\n<p><strong>Contenido del paquete:<\/strong><\/p>\n<p>1x Adaptador de zapata fr\u00eda 1858<\/p>\n<p>1x adaptador de montaje de choque de micr\u00f3fono<\/p>\n<p>4x bandas de respaldo de goma<\/p>\n","protected":false},"excerpt":{"rendered":"<p>El SmallRig 1859 Universal Microphone Shockmount admite micr\u00f3fonos de ca\u00f1\u00f3n y otros micr\u00f3fonos cil\u00edndricos con suspensi\u00f3n de cuatro puntos. Incluye<\/p>\n","protected":false},"featured_media":29619,"comment_status":"closed","ping_status":"open","template":"","meta":{"_acf_changed":false},"product_brand":[2550],"product_cat":[899],"product_tag":[],"class_list":{"0":"post-73933","1":"product","2":"type-product","3":"status-publish","4":"has-post-thumbnail","6":"product_brand-smallrig-es","7":"product_cat-otros-accesorios","9":"first","10":"onbackorder","11":"taxable","12":"shipping-taxable","13":"purchasable","14":"product-type-simple"},"bundled_by":[],"bundle_stock_status":"onbackorder","bundle_stock_quantity":null,"bundle_virtual":false,"bundle_layout":"","bundle_add_to_cart_form_location":"","bundle_editable_in_cart":false,"bundle_sold_individually_context":"","bundle_item_grouping":"","bundle_min_size":"","bundle_max_size":"","bundle_price":[],"bundled_items":[],"bundle_sell_ids":[],"acf":[],"_links":{"self":[{"href":"https:\/\/hi-techwonder.com\/es\/wp-json\/wp\/v2\/product\/73933","targetHints":{"allow":["GET"]}}],"collection":[{"href":"https:\/\/hi-techwonder.com\/es\/wp-json\/wp\/v2\/product"}],"about":[{"href":"https:\/\/hi-techwonder.com\/es\/wp-json\/wp\/v2\/types\/product"}],"replies":[{"embeddable":true,"href":"https:\/\/hi-techwonder.com\/es\/wp-json\/wp\/v2\/comments?post=73933"}],"wp:featuredmedia":[{"embeddable":true,"href":"https:\/\/hi-techwonder.com\/es\/wp-json\/wp\/v2\/media\/29619"}],"wp:attachment":[{"href":"https:\/\/hi-techwonder.com\/es\/wp-json\/wp\/v2\/media?parent=73933"}],"wp:term":[{"taxonomy":"product_brand","embeddable":true,"href":"https:\/\/hi-techwonder.com\/es\/wp-json\/wp\/v2\/product_brand?post=73933"},{"taxonomy":"product_cat","embeddable":true,"href":"https:\/\/hi-techwonder.com\/es\/wp-json\/wp\/v2\/product_cat?post=73933"},{"taxonomy":"product_tag","embeddable":true,"href":"https:\/\/hi-techwonder.com\/es\/wp-json\/wp\/v2\/product_tag?post=73933"}],"curies":[{"name":"wp","href":"https:\/\/api.w.org\/{rel}","templated":true}]}}