{"id":73937,"date":"2025-07-29T10:53:00","date_gmt":"2025-07-29T10:53:00","guid":{"rendered":"https:\/\/fv6qoy3ls0.wpdns.site\/product\/smallrig-1138-super-clamp-con-cabeza-de-bola-doble\/"},"modified":"2025-07-29T10:53:00","modified_gmt":"2025-07-29T10:53:00","slug":"smallrig-1138-super-clamp-con-cabeza-de-bola-doble","status":"publish","type":"product","link":"https:\/\/hi-techwonder.com\/es\/producto\/smallrig-1138-super-clamp-con-cabeza-de-bola-doble\/","title":{"rendered":"SMALLRIG 1138 Super Clamp con cabeza de bola doble"},"content":{"rendered":"<p>Puede montar el monitor y, como las luces LED en un extremo 1 por filmaci\u00f3n \/ disposici\u00f3n de 4 &#8220;, se puede conectar y desconectar del monitor r\u00e1pidamente y la posici\u00f3n del monitor se coloca de acuerdo con sus necesidades durante la conexi\u00f3n.<\/p>\n<p>Abrazadera s\u00faper multifuncional SmallRig con cabezas de bola dobles y tornillo 1138 de 1\/4&#8243;. Puede montar el monitor y las luces LED en un extremo mediante un tornillo de 1\/4&#8221;, y puede bloquear la varilla en la jaula a trav\u00e9s de la abrazadera apretada por la perilla de bloqueo. Se puede conectar y desconectar del monitor r\u00e1pidamente, y la posici\u00f3n del monitor es ajustable seg\u00fan sus necesidades mientras dispara. La abrazadera de la varilla se adapta a DJI Ronin y FREEFLY MOVI Pro y a todas las varillas de 30 mm y tambi\u00e9n se puede ajustar con facilidad.   <\/p>\n<p><strong>Mejor carga &lt; 1,5 kg<\/strong><\/p>\n<p><strong>Compatibilidad:<\/strong><\/p>\n<p>Accesorios con di\u00e1metro 15mm-40mm<\/p>\n","protected":false},"excerpt":{"rendered":"<p>Puede montar el monitor y, como las luces LED en un extremo 1 por filmaci\u00f3n \/ disposici\u00f3n de 4 &#8220;,<\/p>\n","protected":false},"featured_media":68799,"comment_status":"closed","ping_status":"open","template":"","meta":{"_acf_changed":false},"product_brand":[2550],"product_cat":[1098],"product_tag":[],"class_list":{"0":"post-73937","1":"product","2":"type-product","3":"status-publish","4":"has-post-thumbnail","6":"product_brand-smallrig-es","7":"product_cat-pinzas","9":"first","10":"onbackorder","11":"taxable","12":"shipping-taxable","13":"purchasable","14":"product-type-simple"},"bundled_by":[],"bundle_stock_status":"onbackorder","bundle_stock_quantity":0,"bundle_virtual":false,"bundle_layout":"","bundle_add_to_cart_form_location":"","bundle_editable_in_cart":false,"bundle_sold_individually_context":"","bundle_item_grouping":"","bundle_min_size":"","bundle_max_size":"","bundle_price":[],"bundled_items":[],"bundle_sell_ids":[],"acf":[],"_links":{"self":[{"href":"https:\/\/hi-techwonder.com\/es\/wp-json\/wp\/v2\/product\/73937","targetHints":{"allow":["GET"]}}],"collection":[{"href":"https:\/\/hi-techwonder.com\/es\/wp-json\/wp\/v2\/product"}],"about":[{"href":"https:\/\/hi-techwonder.com\/es\/wp-json\/wp\/v2\/types\/product"}],"replies":[{"embeddable":true,"href":"https:\/\/hi-techwonder.com\/es\/wp-json\/wp\/v2\/comments?post=73937"}],"wp:featuredmedia":[{"embeddable":true,"href":"https:\/\/hi-techwonder.com\/es\/wp-json\/wp\/v2\/media\/68799"}],"wp:attachment":[{"href":"https:\/\/hi-techwonder.com\/es\/wp-json\/wp\/v2\/media?parent=73937"}],"wp:term":[{"taxonomy":"product_brand","embeddable":true,"href":"https:\/\/hi-techwonder.com\/es\/wp-json\/wp\/v2\/product_brand?post=73937"},{"taxonomy":"product_cat","embeddable":true,"href":"https:\/\/hi-techwonder.com\/es\/wp-json\/wp\/v2\/product_cat?post=73937"},{"taxonomy":"product_tag","embeddable":true,"href":"https:\/\/hi-techwonder.com\/es\/wp-json\/wp\/v2\/product_tag?post=73937"}],"curies":[{"name":"wp","href":"https:\/\/api.w.org\/{rel}","templated":true}]}}