{"id":73939,"date":"2025-07-29T10:52:30","date_gmt":"2025-07-29T10:52:30","guid":{"rendered":"https:\/\/fv6qoy3ls0.wpdns.site\/product\/smallrig-1135-rotula-doble\/"},"modified":"2026-04-13T17:45:59","modified_gmt":"2026-04-13T16:45:59","slug":"smallrig-1135-rotula-doble","status":"publish","type":"product","link":"https:\/\/hi-techwonder.com\/es\/producto\/smallrig-1135-rotula-doble\/","title":{"rendered":"SMALLRIG 1135 R\u00f3tula Doble"},"content":{"rendered":"<p>La cabeza de bola doble SmallRig es una cabeza de bola doble multifuncional en ambos extremos con zapata de 1\/4&#8243; y adaptador de rosca. Puede montar monitores y luces LED en DSLR. <\/p>\n<p>  SmallRig Cabezas de bola dobles con zapata fr\u00eda y tornillo de mariposa 1135 es una cabeza de bola doble multifuncional en ambos extremos con adaptador de zapata y tornillo de 1\/4&#8243;. Puede montar monitores y luces LED para DSLR. La r\u00f3tula puede girar 180\u00ba y tiene un tornillo de 1\/4&#8243;-20 en la parte superior. Se puede montar directamente en una DSLR o en la zapata de la videoc\u00e1mara. Adem\u00e1s, es compatible con una amplia gama de otros accesorios de video. Utilizada para conectar monitores o luces peque\u00f1as a su c\u00e1mara mientras graba videos, esta r\u00f3tula cuenta con una sola perilla de bloqueo para una operaci\u00f3n r\u00e1pida y segura.   <\/p>\n<p>  Mejor carga &lt;= 1,5 kg<\/p>\n<p> <strong>Peso neto:<\/strong> 0,09 kg<\/p>\n","protected":false},"excerpt":{"rendered":"<p>La cabeza de bola doble SmallRig es una cabeza de bola doble multifuncional en ambos extremos con zapata de 1\/4&#8243;<\/p>\n","protected":false},"featured_media":68727,"comment_status":"closed","ping_status":"open","template":"","meta":{"_acf_changed":false},"product_brand":[2550],"product_cat":[1099],"product_tag":[],"class_list":{"0":"post-73939","1":"product","2":"type-product","3":"status-publish","4":"has-post-thumbnail","6":"product_brand-smallrig-es","7":"product_cat-brazos-es","9":"first","10":"instock","11":"taxable","12":"shipping-taxable","13":"purchasable","14":"product-type-simple"},"bundled_by":[],"bundle_stock_status":"instock","bundle_stock_quantity":1,"bundle_virtual":false,"bundle_layout":"","bundle_add_to_cart_form_location":"","bundle_editable_in_cart":false,"bundle_sold_individually_context":"","bundle_item_grouping":"","bundle_min_size":"","bundle_max_size":"","bundle_price":[],"bundled_items":[],"bundle_sell_ids":[],"acf":[],"_links":{"self":[{"href":"https:\/\/hi-techwonder.com\/es\/wp-json\/wp\/v2\/product\/73939","targetHints":{"allow":["GET"]}}],"collection":[{"href":"https:\/\/hi-techwonder.com\/es\/wp-json\/wp\/v2\/product"}],"about":[{"href":"https:\/\/hi-techwonder.com\/es\/wp-json\/wp\/v2\/types\/product"}],"replies":[{"embeddable":true,"href":"https:\/\/hi-techwonder.com\/es\/wp-json\/wp\/v2\/comments?post=73939"}],"wp:featuredmedia":[{"embeddable":true,"href":"https:\/\/hi-techwonder.com\/es\/wp-json\/wp\/v2\/media\/68727"}],"wp:attachment":[{"href":"https:\/\/hi-techwonder.com\/es\/wp-json\/wp\/v2\/media?parent=73939"}],"wp:term":[{"taxonomy":"product_brand","embeddable":true,"href":"https:\/\/hi-techwonder.com\/es\/wp-json\/wp\/v2\/product_brand?post=73939"},{"taxonomy":"product_cat","embeddable":true,"href":"https:\/\/hi-techwonder.com\/es\/wp-json\/wp\/v2\/product_cat?post=73939"},{"taxonomy":"product_tag","embeddable":true,"href":"https:\/\/hi-techwonder.com\/es\/wp-json\/wp\/v2\/product_tag?post=73939"}],"curies":[{"name":"wp","href":"https:\/\/api.w.org\/{rel}","templated":true}]}}