{"id":73941,"date":"2025-07-29T10:52:50","date_gmt":"2025-07-29T10:52:50","guid":{"rendered":"https:\/\/fv6qoy3ls0.wpdns.site\/product\/smallrig-1124-super-clamp-mount-con-cabeza-de-bola-de-tornillo-de-1-4\/"},"modified":"2026-03-31T15:14:29","modified_gmt":"2026-03-31T14:14:29","slug":"smallrig-1124-super-clamp-mount-con-cabeza-de-bola-de-tornillo-de-1-4","status":"publish","type":"product","link":"https:\/\/hi-techwonder.com\/es\/producto\/smallrig-1124-super-clamp-mount-con-cabeza-de-bola-de-tornillo-de-1-4\/","title":{"rendered":"SMALLRIG 1124 Super Clamp Mount con cabeza de bola de tornillo de 1\/4&#8243;"},"content":{"rendered":"<p>Hecho de aleaci\u00f3n de aluminio liviana, este s\u00faper garra se puede montar en cualquier cosa como c\u00e1maras, luces, paraguas, ganchos, estantes, placas de vidrio, durmientes e incluso otras s\u00faper garras. La apertura m\u00e1xima de esta s\u00faper garra es de 40 mm, mientras que la m\u00ednima es de 15 mm. Se puede conectar y desconectar de un monitor r\u00e1pidamente, y la posici\u00f3n del monitor es ajustable seg\u00fan sus necesidades durante el disparo.  <\/p>\n<p>SmallRig Super Clamp Mount con Screw Ball Head Mount 1124 est\u00e1 hecho de aleaci\u00f3n de aluminio ligero. Esta s\u00faper abrazadera puede montarse en cualquier cosa, como c\u00e1maras, luces, paraguas, ganchos, estantes, placas de vidrio, barras transversales e incluso otras s\u00faper abrazaderas. La apertura m\u00e1xima de esta s\u00faper abrazadera es de 40 mm, mientras que la m\u00ednima es de 15 mm. Se puede conectar y desconectar de un monitor r\u00e1pidamente y la posici\u00f3n del monitor es ajustable seg\u00fan sus necesidades durante el disparo.   <\/p>\n<p><strong>Caracter\u00edsticas principales:<\/strong><\/p>\n<p>1. Soportes de monitor o luces LED mediante tornillo de 1\/4 &#8221;.<\/p>\n<p>2. Compatible con cualquier engranaje de montaje de 15-54 mm y apretado por la perilla de bloqueo.<\/p>\n<p>3. Conecte y desconecte r\u00e1pidamente de un monitor.<\/p>\n<p>4. Se puede ajustar con facilidad.<\/p>\n<p><strong>Carga \u00fatil m\u00e1xima:<\/strong> 1,5 kg<\/p>\n<p><strong>Compatibilidad:<\/strong><\/p>\n<p>15 mm-40 mm<\/p>\n<p><strong>El paquete incluye:<\/strong><\/p>\n<p>1 x Soporte de abrazadera<\/p>\n<p>1 x tornillo de 1\/4&#8243;-20<\/p>\n<p>1 x Llave hexagonal<\/p>\n<p><strong>Peso neto:<\/strong> 200 g<\/p>\n<p><strong>Tama\u00f1o del paquete: <\/strong>105 x 95 x 30 mm<\/p>\n<p><strong>Material(es): <\/strong>Aleaci\u00f3n de aluminio<\/p>\n","protected":false},"excerpt":{"rendered":"<p>Hecho de aleaci\u00f3n de aluminio liviana, este s\u00faper garra se puede montar en cualquier cosa como c\u00e1maras, luces, paraguas, ganchos,<\/p>\n","protected":false},"featured_media":68779,"comment_status":"closed","ping_status":"open","template":"","meta":{"_acf_changed":false},"product_brand":[2550],"product_cat":[1098],"product_tag":[],"class_list":{"0":"post-73941","1":"product","2":"type-product","3":"status-publish","4":"has-post-thumbnail","6":"product_brand-smallrig-es","7":"product_cat-pinzas","9":"first","10":"onbackorder","11":"taxable","12":"shipping-taxable","13":"purchasable","14":"product-type-simple"},"bundled_by":[],"bundle_stock_status":"onbackorder","bundle_stock_quantity":null,"bundle_virtual":false,"bundle_layout":"","bundle_add_to_cart_form_location":"","bundle_editable_in_cart":false,"bundle_sold_individually_context":"","bundle_item_grouping":"","bundle_min_size":"","bundle_max_size":"","bundle_price":[],"bundled_items":[],"bundle_sell_ids":[],"acf":[],"_links":{"self":[{"href":"https:\/\/hi-techwonder.com\/es\/wp-json\/wp\/v2\/product\/73941","targetHints":{"allow":["GET"]}}],"collection":[{"href":"https:\/\/hi-techwonder.com\/es\/wp-json\/wp\/v2\/product"}],"about":[{"href":"https:\/\/hi-techwonder.com\/es\/wp-json\/wp\/v2\/types\/product"}],"replies":[{"embeddable":true,"href":"https:\/\/hi-techwonder.com\/es\/wp-json\/wp\/v2\/comments?post=73941"}],"wp:featuredmedia":[{"embeddable":true,"href":"https:\/\/hi-techwonder.com\/es\/wp-json\/wp\/v2\/media\/68779"}],"wp:attachment":[{"href":"https:\/\/hi-techwonder.com\/es\/wp-json\/wp\/v2\/media?parent=73941"}],"wp:term":[{"taxonomy":"product_brand","embeddable":true,"href":"https:\/\/hi-techwonder.com\/es\/wp-json\/wp\/v2\/product_brand?post=73941"},{"taxonomy":"product_cat","embeddable":true,"href":"https:\/\/hi-techwonder.com\/es\/wp-json\/wp\/v2\/product_cat?post=73941"},{"taxonomy":"product_tag","embeddable":true,"href":"https:\/\/hi-techwonder.com\/es\/wp-json\/wp\/v2\/product_tag?post=73941"}],"curies":[{"name":"wp","href":"https:\/\/api.w.org\/{rel}","templated":true}]}}