{"id":73942,"date":"2025-07-29T10:27:42","date_gmt":"2025-07-29T10:27:42","guid":{"rendered":"https:\/\/fv6qoy3ls0.wpdns.site\/product\/smallrig-1713-paquete-de-pernos-hexagonales-12-piezas\/"},"modified":"2025-10-23T17:00:37","modified_gmt":"2025-10-23T17:00:37","slug":"smallrig-1713-paquete-de-pernos-hexagonales-12-piezas","status":"publish","type":"product","link":"https:\/\/hi-techwonder.com\/es\/producto\/smallrig-1713-paquete-de-pernos-hexagonales-12-piezas\/","title":{"rendered":"SMALLRIG 1713 Paquete de pernos hexagonales (12 piezas)"},"content":{"rendered":"<p><strong>SMALLRIG 1713 Paquete de pernos hexagonales (12 piezas)&nbsp;<\/strong><\/p>\n<p>Este paquete de pernos hexagonales de 1\/4\u00bb incluye 4 piezas de pernos est\u00e1ndar (longitud de rosca de 1\/4\u00bb, utilizada en la mayor\u00eda de los armazones de c\u00e1mara SmallRig, como el armaz\u00f3n VersaFrame 1584), 8 piezas de pernos largos (longitud de rosca de 3\/8\u00bb, utilizada en el montaje de la placa perforada multifunci\u00f3n 1598, bloque de riel 942, riel NATO 1195, etc.) y una llave hexagonal.<\/p>\n<p><strong>El paquete incluye:<\/strong><\/p>\n<p>4 tornillos de 1\/4\u00bb-20 (longitud de rosca de 1\/4\u00bb)<\/p>\n<p>4 tornillos de 1\/4\u00bb-20 (longitud de rosca de 3\/8\u00bb)<\/p>\n<p>4 tornillos 1\/4\u00bb-20&nbsp;<\/p>\n<p>1 x Llave hexagonal<\/p>\n<p>Peso neto: 45g<\/p>\n<p>Material: Acero inoxidable<\/p>\n","protected":false},"excerpt":{"rendered":"<p>SMALLRIG 1713 Paquete de pernos hexagonales (12 piezas)&nbsp; Este paquete de pernos hexagonales de 1\/4\u00bb incluye 4 piezas de pernos<\/p>\n","protected":false},"featured_media":63646,"comment_status":"closed","ping_status":"open","template":"","meta":{"_acf_changed":false},"product_brand":[2550],"product_cat":[1087],"product_tag":[],"class_list":{"0":"post-73942","1":"product","2":"type-product","3":"status-publish","4":"has-post-thumbnail","6":"product_brand-smallrig-es","7":"product_cat-zapatas-y-tornillos","9":"first","10":"onbackorder","11":"taxable","12":"shipping-taxable","13":"purchasable","14":"product-type-simple"},"bundled_by":[],"bundle_stock_status":"onbackorder","bundle_stock_quantity":null,"bundle_virtual":false,"bundle_layout":"","bundle_add_to_cart_form_location":"","bundle_editable_in_cart":false,"bundle_sold_individually_context":"","bundle_item_grouping":"","bundle_min_size":"","bundle_max_size":"","bundle_price":[],"bundled_items":[],"bundle_sell_ids":[],"acf":[],"_links":{"self":[{"href":"https:\/\/hi-techwonder.com\/es\/wp-json\/wp\/v2\/product\/73942","targetHints":{"allow":["GET"]}}],"collection":[{"href":"https:\/\/hi-techwonder.com\/es\/wp-json\/wp\/v2\/product"}],"about":[{"href":"https:\/\/hi-techwonder.com\/es\/wp-json\/wp\/v2\/types\/product"}],"replies":[{"embeddable":true,"href":"https:\/\/hi-techwonder.com\/es\/wp-json\/wp\/v2\/comments?post=73942"}],"wp:featuredmedia":[{"embeddable":true,"href":"https:\/\/hi-techwonder.com\/es\/wp-json\/wp\/v2\/media\/63646"}],"wp:attachment":[{"href":"https:\/\/hi-techwonder.com\/es\/wp-json\/wp\/v2\/media?parent=73942"}],"wp:term":[{"taxonomy":"product_brand","embeddable":true,"href":"https:\/\/hi-techwonder.com\/es\/wp-json\/wp\/v2\/product_brand?post=73942"},{"taxonomy":"product_cat","embeddable":true,"href":"https:\/\/hi-techwonder.com\/es\/wp-json\/wp\/v2\/product_cat?post=73942"},{"taxonomy":"product_tag","embeddable":true,"href":"https:\/\/hi-techwonder.com\/es\/wp-json\/wp\/v2\/product_tag?post=73942"}],"curies":[{"name":"wp","href":"https:\/\/api.w.org\/{rel}","templated":true}]}}