{"id":73944,"date":"2025-07-28T23:41:01","date_gmt":"2025-07-28T23:41:01","guid":{"rendered":"https:\/\/fv6qoy3ls0.wpdns.site\/product\/smallrig-1241-zapata-accesoria\/"},"modified":"2025-12-30T18:11:45","modified_gmt":"2025-12-30T18:11:45","slug":"smallrig-1241-zapata-accesoria","status":"publish","type":"product","link":"https:\/\/hi-techwonder.com\/es\/producto\/smallrig-1241-zapata-accesoria\/","title":{"rendered":"SMALLRIG 1241 Zapata Accesoria"},"content":{"rendered":"<p><strong>La zapata fr\u00eda SmallRig 1241 se monta<\/strong> directamente en cualquier accesorio de c\u00e1mara con roscas de 1\/4&#8243; y M2.5, como jaula, bloque de zapata fr\u00eda, etc. Esto crea una plataforma para montar luces en la c\u00e1mara, las correas de los zapatos, el micr\u00f3fono y m\u00e1s. Viene con dos biseles de flexi\u00f3n seguros en un extremo para evitar la extracci\u00f3n accidental del accesorio. Ofrecemos especialmente dos flechas blancas en la superficie para mostrar las formas de montaje para su conveniencia.   <\/p>\n<p> <strong>Caracter\u00edsticas principales:<\/strong><\/p>\n<ul>\n<li>  Acoplado a accesorios de c\u00e1mara con roscas de 1\/4&#8243; y M2.5<\/li>\n<li>  Le permite montar luces en la c\u00e1mara, correas para zapatos, micr\u00f3fono y m\u00e1s<\/li>\n<li>  Viene con biseles de curva para evitar la extracci\u00f3n de accesorios<\/li>\n<li>  Dos flechas blancas muestran c\u00f3mo se montan los accesorios<\/li>\n<\/ul>\n<p><strong>Dimensiones del producto:<\/strong> 25x25x9 mm<br \/><strong>Peso neto:<\/strong> 13g<br \/><strong>Tama\u00f1o del paquete:<\/strong> 130x105x12 mm<br \/><strong>Peso del paquete:<\/strong> 30g<br \/><strong>Material(es):<\/strong> Aleaci\u00f3n de aluminio<\/p>\n","protected":false},"excerpt":{"rendered":"<p>La zapata fr\u00eda SmallRig 1241 se monta directamente en cualquier accesorio de c\u00e1mara con roscas de 1\/4&#8243; y M2.5, como<\/p>\n","protected":false},"featured_media":26117,"comment_status":"closed","ping_status":"open","template":"","meta":{"_acf_changed":false},"product_brand":[2550],"product_cat":[963],"product_tag":[],"class_list":{"0":"post-73944","1":"product","2":"type-product","3":"status-publish","4":"has-post-thumbnail","6":"product_brand-smallrig-es","7":"product_cat-para-speedlites-es","9":"first","10":"instock","11":"taxable","12":"shipping-taxable","13":"purchasable","14":"product-type-simple"},"bundled_by":[],"bundle_stock_status":"instock","bundle_stock_quantity":1,"bundle_virtual":false,"bundle_layout":"","bundle_add_to_cart_form_location":"","bundle_editable_in_cart":false,"bundle_sold_individually_context":"","bundle_item_grouping":"","bundle_min_size":"","bundle_max_size":"","bundle_price":[],"bundled_items":[],"bundle_sell_ids":[],"acf":[],"_links":{"self":[{"href":"https:\/\/hi-techwonder.com\/es\/wp-json\/wp\/v2\/product\/73944","targetHints":{"allow":["GET"]}}],"collection":[{"href":"https:\/\/hi-techwonder.com\/es\/wp-json\/wp\/v2\/product"}],"about":[{"href":"https:\/\/hi-techwonder.com\/es\/wp-json\/wp\/v2\/types\/product"}],"replies":[{"embeddable":true,"href":"https:\/\/hi-techwonder.com\/es\/wp-json\/wp\/v2\/comments?post=73944"}],"wp:featuredmedia":[{"embeddable":true,"href":"https:\/\/hi-techwonder.com\/es\/wp-json\/wp\/v2\/media\/26117"}],"wp:attachment":[{"href":"https:\/\/hi-techwonder.com\/es\/wp-json\/wp\/v2\/media?parent=73944"}],"wp:term":[{"taxonomy":"product_brand","embeddable":true,"href":"https:\/\/hi-techwonder.com\/es\/wp-json\/wp\/v2\/product_brand?post=73944"},{"taxonomy":"product_cat","embeddable":true,"href":"https:\/\/hi-techwonder.com\/es\/wp-json\/wp\/v2\/product_cat?post=73944"},{"taxonomy":"product_tag","embeddable":true,"href":"https:\/\/hi-techwonder.com\/es\/wp-json\/wp\/v2\/product_tag?post=73944"}],"curies":[{"name":"wp","href":"https:\/\/api.w.org\/{rel}","templated":true}]}}