{"id":73945,"date":"2025-07-29T10:51:45","date_gmt":"2025-07-29T10:51:45","guid":{"rendered":"https:\/\/fv6qoy3ls0.wpdns.site\/product\/smallrig-1053-tubos-2pcs-30cm\/"},"modified":"2025-12-30T18:11:37","modified_gmt":"2025-12-30T18:11:37","slug":"smallrig-1053-tubos-2pcs-30cm","status":"publish","type":"product","link":"https:\/\/hi-techwonder.com\/es\/producto\/smallrig-1053-tubos-2pcs-30cm\/","title":{"rendered":"SMALLRIG 1053 Tubos &#8211; (2pcs) 30cm"},"content":{"rendered":"<p>2pcs Varilla de aleaci\u00f3n de aluminio negro de 15mm (M12-30cm) HD-CL-1053 se puede utilizar para montar varios accesorios compatibles de 15mm en el equipo de la c\u00e1mara con rosca interna M12 en los extremos.<br \/>  Las varillas est\u00e1n hechas de aleaci\u00f3n de aluminio y tienen buena abrasabilidad y anticausticidad, pero mucho m\u00e1s brillantes y resistentes que las varillas est\u00e1ndar originales de la industria.<br \/> <strong><br \/>El paquete incluye:<\/strong><\/p>\n<ul>\n<li>  2 x Varillas (M12-30cm)<\/li>\n<\/ul>\n<p><strong>Peso neto:<\/strong> 79g<br \/><strong>Material(es):<\/strong> Aleaci\u00f3n de aluminio<\/p>\n","protected":false},"excerpt":{"rendered":"<p>2pcs Varilla de aleaci\u00f3n de aluminio negro de 15mm (M12-30cm) HD-CL-1053 se puede utilizar para montar varios accesorios compatibles de<\/p>\n","protected":false},"featured_media":68562,"comment_status":"closed","ping_status":"open","template":"","meta":{"_acf_changed":false},"product_brand":[2550],"product_cat":[1101],"product_tag":[],"class_list":{"0":"post-73945","1":"product","2":"type-product","3":"status-publish","4":"has-post-thumbnail","6":"product_brand-smallrig-es","7":"product_cat-tubos-rieles","9":"first","10":"instock","11":"taxable","12":"shipping-taxable","13":"purchasable","14":"product-type-simple"},"bundled_by":[],"bundle_stock_status":"instock","bundle_stock_quantity":1,"bundle_virtual":false,"bundle_layout":"","bundle_add_to_cart_form_location":"","bundle_editable_in_cart":false,"bundle_sold_individually_context":"","bundle_item_grouping":"","bundle_min_size":"","bundle_max_size":"","bundle_price":[],"bundled_items":[],"bundle_sell_ids":[],"acf":[],"_links":{"self":[{"href":"https:\/\/hi-techwonder.com\/es\/wp-json\/wp\/v2\/product\/73945","targetHints":{"allow":["GET"]}}],"collection":[{"href":"https:\/\/hi-techwonder.com\/es\/wp-json\/wp\/v2\/product"}],"about":[{"href":"https:\/\/hi-techwonder.com\/es\/wp-json\/wp\/v2\/types\/product"}],"replies":[{"embeddable":true,"href":"https:\/\/hi-techwonder.com\/es\/wp-json\/wp\/v2\/comments?post=73945"}],"wp:featuredmedia":[{"embeddable":true,"href":"https:\/\/hi-techwonder.com\/es\/wp-json\/wp\/v2\/media\/68562"}],"wp:attachment":[{"href":"https:\/\/hi-techwonder.com\/es\/wp-json\/wp\/v2\/media?parent=73945"}],"wp:term":[{"taxonomy":"product_brand","embeddable":true,"href":"https:\/\/hi-techwonder.com\/es\/wp-json\/wp\/v2\/product_brand?post=73945"},{"taxonomy":"product_cat","embeddable":true,"href":"https:\/\/hi-techwonder.com\/es\/wp-json\/wp\/v2\/product_cat?post=73945"},{"taxonomy":"product_tag","embeddable":true,"href":"https:\/\/hi-techwonder.com\/es\/wp-json\/wp\/v2\/product_tag?post=73945"}],"curies":[{"name":"wp","href":"https:\/\/api.w.org\/{rel}","templated":true}]}}