{"id":73950,"date":"2025-07-29T10:46:12","date_gmt":"2025-07-29T10:46:12","guid":{"rendered":"https:\/\/fv6qoy3ls0.wpdns.site\/product\/jaula-smallrig-2999-para-sony-alpha-7s-iii\/"},"modified":"2026-01-31T01:27:35","modified_gmt":"2026-01-31T01:27:35","slug":"smallrig-jaula-smallrig-2999-para-sony-alpha-7s-iii","status":"publish","type":"product","link":"https:\/\/hi-techwonder.com\/es\/producto\/smallrig-jaula-smallrig-2999-para-sony-alpha-7s-iii\/","title":{"rendered":"Jaula SMALLRIG 2999 para SONY Alpha 7S III"},"content":{"rendered":"<p><strong>Jaula para la c\u00e1mara SONY A7S III con m\u00faltiples roscas de 1\/4&#8243; y 3\/8&#8243;, montura ARRI, riel Nato, salida de zapata para accesorios y todo el acceso a movimientos y movimientos de LCD sin obstrucciones.<\/strong><\/p>\n<p> <strong>Caracter\u00edsticas principales:<\/strong><\/p>\n<ul>\n<li>  Jaula completa a presi\u00f3n.<\/li>\n<li>  Se fija de forma segura a la c\u00e1mara mediante un tornillo de 1\/4&#8243;-20 y un tornillo M2.5.<\/li>\n<li>  Roscas y montajes estilo ARRI de 1\/4&#8243;-20 y 3\/8&#8243;-16.<\/li>\n<li>  Montaje integrado de ra\u00edles y zapatas fr\u00edas NATO.<\/li>\n<li>  Destornillador integrado en la parte inferior.  <\/li>\n<\/ul>\n<p><iframe loading=\"lazy\" src=\"https:\/\/www.youtube.com\/embed\/9A8R1sotVcE\" width=\"560\" height=\"314\" allowfullscreen=\"allowfullscreen\"><\/iframe><\/p>\n<p>  La jaula de c\u00e1mara SmallRig para Sony Alpha 7S III A7S III A7S3 2999 mantiene el acceso a los controles de la c\u00e1mara y cuenta con una variedad de opciones de montaje. Adem\u00e1s de un soporte de zapata fr\u00eda y m\u00faltiples orificios roscados de 1\/4&#8243;-20 y 3\/8&#8243;-16, esta jaula de aluminio a presi\u00f3n cuenta con m\u00faltiples soportes estilo ARRI para evitar que los accesorios se tuerzan cuando se montan en la jaula. El armaz\u00f3n tambi\u00e9n incorpora un dise\u00f1o antitorsi\u00f3n con un tornillo M2.5 unido al orificio del mango, adem\u00e1s del tornillo de montaje de la c\u00e1mara de 1\/4&#8243;-20 para que su c\u00e1mara no pueda moverse en el armaz\u00f3n. Puedes acoplar el mango superior SmallRig 1984 o el mango lateral de madera SmallRig 2093 para disparar sin tr\u00edpode y la brida para cables SmallRig 3000 para asegurar el cable y el puerto HDMI. Se proporcionan soportes estilo ARRI en la parte superior y lateral para sujetar el mango de localizaci\u00f3n ARRI 2165 SmallRig o el brazo m\u00e1gico de cabeza esf\u00e9rica SmallRig 2115. Tambi\u00e9n viene con un riel NATO integrado en el lado izquierdo de la jaula. Los orificios de montaje en la parte frontal permiten el montaje de un adaptador de lente 2219 o 1764 disponible por separado. Se incluyen orificios para la correa para agregar una correa disponible por separado PAC2456, PSW2398 o PSC2428 correa para el cuello a su equipo. Adem\u00e1s, se incorpora un destornillador en la parte inferior del armaz\u00f3n para apretar los tornillos de la c\u00e1mara.       <\/p>\n<p> <em>Dise\u00f1ador: Tracy Joy<\/em><\/p>\n<p> <strong>Compatibilidad:<\/strong><\/p>\n<ul>\n<li>  Sony A7SIII<\/li>\n<\/ul>\n<p> <strong>El paquete incluye:<\/strong><\/p>\n<ul>\n<li>  1 x jaula<\/li>\n<\/ul>\n<ul>\n<li>  Dimensiones del producto: 145,5 x 106,5 x 64 mm<\/li>\n<li>  Peso neto: 220 g \u00b1 5 g<\/li>\n<li>  Material(es): Aleaci\u00f3n de aluminio  <\/li>\n<\/ul>\n","protected":false},"excerpt":{"rendered":"<p>Jaula para la c\u00e1mara SONY A7S III con m\u00faltiples roscas de 1\/4&#8243; y 3\/8&#8243;, montura ARRI, riel Nato, salida de<\/p>\n","protected":false},"featured_media":67256,"comment_status":"closed","ping_status":"open","template":"","meta":{"_acf_changed":false},"product_brand":[2550],"product_cat":[1105],"product_tag":[],"class_list":{"0":"post-73950","1":"product","2":"type-product","3":"status-publish","4":"has-post-thumbnail","6":"product_brand-smallrig-es","7":"product_cat-cages-cages-es","9":"first","10":"onbackorder","11":"taxable","12":"shipping-taxable","13":"purchasable","14":"product-type-simple"},"bundled_by":[],"bundle_stock_status":"onbackorder","bundle_stock_quantity":0,"bundle_virtual":false,"bundle_layout":"","bundle_add_to_cart_form_location":"","bundle_editable_in_cart":false,"bundle_sold_individually_context":"","bundle_item_grouping":"","bundle_min_size":"","bundle_max_size":"","bundle_price":[],"bundled_items":[],"bundle_sell_ids":[],"acf":[],"_links":{"self":[{"href":"https:\/\/hi-techwonder.com\/es\/wp-json\/wp\/v2\/product\/73950","targetHints":{"allow":["GET"]}}],"collection":[{"href":"https:\/\/hi-techwonder.com\/es\/wp-json\/wp\/v2\/product"}],"about":[{"href":"https:\/\/hi-techwonder.com\/es\/wp-json\/wp\/v2\/types\/product"}],"replies":[{"embeddable":true,"href":"https:\/\/hi-techwonder.com\/es\/wp-json\/wp\/v2\/comments?post=73950"}],"wp:featuredmedia":[{"embeddable":true,"href":"https:\/\/hi-techwonder.com\/es\/wp-json\/wp\/v2\/media\/67256"}],"wp:attachment":[{"href":"https:\/\/hi-techwonder.com\/es\/wp-json\/wp\/v2\/media?parent=73950"}],"wp:term":[{"taxonomy":"product_brand","embeddable":true,"href":"https:\/\/hi-techwonder.com\/es\/wp-json\/wp\/v2\/product_brand?post=73950"},{"taxonomy":"product_cat","embeddable":true,"href":"https:\/\/hi-techwonder.com\/es\/wp-json\/wp\/v2\/product_cat?post=73950"},{"taxonomy":"product_tag","embeddable":true,"href":"https:\/\/hi-techwonder.com\/es\/wp-json\/wp\/v2\/product_tag?post=73950"}],"curies":[{"name":"wp","href":"https:\/\/api.w.org\/{rel}","templated":true}]}}