{"id":73951,"date":"2025-07-29T10:57:36","date_gmt":"2025-07-29T10:57:36","guid":{"rendered":"https:\/\/fv6qoy3ls0.wpdns.site\/product\/abrazadera-smallrig-3025-nato-para-dji-rs2-rs3-rs3-rs4-pro\/"},"modified":"2026-01-31T01:20:32","modified_gmt":"2026-01-31T01:20:32","slug":"smallrig-abrazadera-smallrig-3025-nato-para-dji-rs2-rs3-rs3-rs4-pro","status":"publish","type":"product","link":"https:\/\/hi-techwonder.com\/es\/producto\/smallrig-abrazadera-smallrig-3025-nato-para-dji-rs2-rs3-rs3-rs4-pro\/","title":{"rendered":"Abrazadera SMALLRIG 3025 NATO para DJI RS2 \/ RS3 \/ RS3 \/ RS4 Pro"},"content":{"rendered":"<p>A\u00f1ade un accesorio al lateral de tu card\u00e1n DJI RS y RS Pro con este soporte de fijaci\u00f3n con clip NATO de SmallRig. El soporte se conecta al adaptador de estilo OTAN a ambos lados del card\u00e1n RS 2 o RSC 2 y se asegura con una palanca de bloqueo. <\/p>\n<p>El duradero accesorio de aluminio cuenta con un soporte de accesorios antitorsi\u00f3n estilo ARRI de 1\/4&#8243;-20, uno de 3\/8&#8243;-16 y un soporte de zapata para una variedad de opciones de montaje de accesorios. Un pasador de seguridad antideslizante en el accesorio NATO garantiza que el soporte no se deslice. <\/p>\n<p>Compatibilidad<\/p>\n<p>Estabilizadores de card\u00e1n DJI RS y RS Pro<\/p>\n","protected":false},"excerpt":{"rendered":"<p>A\u00f1ade un accesorio al lateral de tu card\u00e1n DJI RS y RS Pro con este soporte de fijaci\u00f3n con clip<\/p>\n","protected":false},"featured_media":70018,"comment_status":"closed","ping_status":"open","template":"","meta":{"_acf_changed":false},"product_brand":[2550],"product_cat":[1113],"product_tag":[],"class_list":{"0":"post-73951","1":"product","2":"type-product","3":"status-publish","4":"has-post-thumbnail","6":"product_brand-smallrig-es","7":"product_cat-accesorios-gimbals-video","9":"first","10":"instock","11":"taxable","12":"shipping-taxable","13":"purchasable","14":"product-type-simple"},"bundled_by":[],"bundle_stock_status":"instock","bundle_stock_quantity":1,"bundle_virtual":false,"bundle_layout":"","bundle_add_to_cart_form_location":"","bundle_editable_in_cart":false,"bundle_sold_individually_context":"","bundle_item_grouping":"","bundle_min_size":"","bundle_max_size":"","bundle_price":[],"bundled_items":[],"bundle_sell_ids":[],"acf":[],"_links":{"self":[{"href":"https:\/\/hi-techwonder.com\/es\/wp-json\/wp\/v2\/product\/73951","targetHints":{"allow":["GET"]}}],"collection":[{"href":"https:\/\/hi-techwonder.com\/es\/wp-json\/wp\/v2\/product"}],"about":[{"href":"https:\/\/hi-techwonder.com\/es\/wp-json\/wp\/v2\/types\/product"}],"replies":[{"embeddable":true,"href":"https:\/\/hi-techwonder.com\/es\/wp-json\/wp\/v2\/comments?post=73951"}],"wp:featuredmedia":[{"embeddable":true,"href":"https:\/\/hi-techwonder.com\/es\/wp-json\/wp\/v2\/media\/70018"}],"wp:attachment":[{"href":"https:\/\/hi-techwonder.com\/es\/wp-json\/wp\/v2\/media?parent=73951"}],"wp:term":[{"taxonomy":"product_brand","embeddable":true,"href":"https:\/\/hi-techwonder.com\/es\/wp-json\/wp\/v2\/product_brand?post=73951"},{"taxonomy":"product_cat","embeddable":true,"href":"https:\/\/hi-techwonder.com\/es\/wp-json\/wp\/v2\/product_cat?post=73951"},{"taxonomy":"product_tag","embeddable":true,"href":"https:\/\/hi-techwonder.com\/es\/wp-json\/wp\/v2\/product_tag?post=73951"}],"curies":[{"name":"wp","href":"https:\/\/api.w.org\/{rel}","templated":true}]}}