{"id":73952,"date":"2025-07-29T10:50:09","date_gmt":"2025-07-29T10:50:09","guid":{"rendered":"https:\/\/fv6qoy3ls0.wpdns.site\/product\/smallrig-3021-cable-adaptador-hdmi-ultra-delgado-4k-d-a-a\/"},"modified":"2026-03-31T15:33:53","modified_gmt":"2026-03-31T14:33:53","slug":"smallrig-3021-cable-adaptador-hdmi-ultra-delgado-4k-d-a-a","status":"publish","type":"product","link":"https:\/\/hi-techwonder.com\/es\/producto\/smallrig-3021-cable-adaptador-hdmi-ultra-delgado-4k-d-a-a\/","title":{"rendered":"SMALLRIG 3021 Cable adaptador HDMI ultra delgado 4K D a A"},"content":{"rendered":"<p><strong>SMALLRIG 3021 Cable adaptador HDMI 4K ultradelgado SmallRig (D a A)<\/strong><\/p>\n<p><strong>Caracter\u00edsticas principales:<\/strong><\/p>\n<p>1. Cable adaptador HDMI de alta calidad (Micro HDMI macho a HDMI completo hembra) para la configuraci\u00f3n de su c\u00e1mara.<\/p>\n<p>2. HDMI 2.0 y admite una resoluci\u00f3n de hasta 4K@60HZ.<\/p>\n<p>3. Tiene dos tornillos de 1\/4-20&#8243; para fijar firmemente la parte hembra en el lateral de la jaula de la c\u00e1mara o el soporte L para proteger el puerto HDMI de la c\u00e1mara y garantizar una conexi\u00f3n m\u00e1s estable.<\/p>\n<p>4. Un cable adaptador perfecto que se utiliza para cambiar el puerto HDMI de la c\u00e1mara a una direcci\u00f3n m\u00e1s deseada seg\u00fan sea necesario.<\/p>\n<p>SmallRig Ultra Slim 4K HDMI Adapter Cable (D to A) 3021 es un cable adaptador HDMI de alta calidad (Micro HDMI Macho a Full HDMI Hembra) para la configuraci\u00f3n de tu c\u00e1mara. Es la versi\u00f3n HDMI 2.0 y admite hasta 4K@60HZ resoluci\u00f3n y ser\u00e1 compatible con versiones anteriores. Tiene dos tornillos de 1\/4-20&#8243; para fijar firmemente la parte hembra en el lateral del armaz\u00f3n de la c\u00e1mara o soporte en L para asegurar el puerto HDMI de la c\u00e1mara y garantizar una conexi\u00f3n m\u00e1s estable. El dise\u00f1o ultradelgado con un di\u00e1metro exterior de 3,6 mm lo hace m\u00e1s delgado y suave que un cable HDMI normal. Es un cable adaptador perfecto que se utiliza para cambiar el puerto HDMI de la c\u00e1mara a una direcci\u00f3n m\u00e1s deseada seg\u00fan sea necesario.    <\/p>\n<p><strong>Observaci\u00f3n:<\/strong><\/p>\n<p>Aseg\u00farese de que el puerto HDMI de su c\u00e1mara sea de tipo Micro HDMI.<\/p>\n<p><strong>Compatibilidad:<\/strong><\/p>\n<p>C\u00e1maras con puertos Micro HDMI, como Sony A7R IV, A7RIII, A7III, A7II, A7RII, Fujifilm X-T2, X-T3, etc.<\/p>\n<p>Jaulas de c\u00e1mara o soportes en L con no menos de dos orificios de rosca de 1\/4-20&#8243; (distancia de centro a centro de 9 mm) en el lado izquierdo, como CCS2416, 2238, 2228, 2229, etc.<\/p>\n<p><strong>El paquete incluye:<\/strong><\/p>\n<p>1 x Cable adaptador HDMI<\/p>\n<p>2 x 1\/4-20 Tornillo<\/p>\n<p>1 x Llave Allen<\/p>\n<p>Dimensiones del producto: 141,1 x 33,2 x 11,8 mm<\/p>\n<p>Dimensiones del paquete: 106 x 98 x 33 mm<\/p>\n<p>Peso neto: 31 g \u00b1 5 g<\/p>\n<p>Peso del paquete: 60 g \u00b1 5 g<\/p>\n<p>Material(es): PVC<\/p>\n","protected":false},"excerpt":{"rendered":"<p>SMALLRIG 3021 Cable adaptador HDMI 4K ultradelgado SmallRig (D a A) Caracter\u00edsticas principales: 1. Cable adaptador HDMI de alta calidad<\/p>\n","protected":false},"featured_media":68180,"comment_status":"closed","ping_status":"open","template":"","meta":{"_acf_changed":false},"product_brand":[2550],"product_cat":[1104],"product_tag":[],"class_list":{"0":"post-73952","1":"product","2":"type-product","3":"status-publish","4":"has-post-thumbnail","6":"product_brand-smallrig-es","7":"product_cat-accesorios-cages","9":"first","10":"instock","11":"taxable","12":"shipping-taxable","13":"purchasable","14":"product-type-simple"},"bundled_by":[],"bundle_stock_status":"instock","bundle_stock_quantity":1,"bundle_virtual":false,"bundle_layout":"","bundle_add_to_cart_form_location":"","bundle_editable_in_cart":false,"bundle_sold_individually_context":"","bundle_item_grouping":"","bundle_min_size":"","bundle_max_size":"","bundle_price":[],"bundled_items":[],"bundle_sell_ids":[],"acf":[],"_links":{"self":[{"href":"https:\/\/hi-techwonder.com\/es\/wp-json\/wp\/v2\/product\/73952","targetHints":{"allow":["GET"]}}],"collection":[{"href":"https:\/\/hi-techwonder.com\/es\/wp-json\/wp\/v2\/product"}],"about":[{"href":"https:\/\/hi-techwonder.com\/es\/wp-json\/wp\/v2\/types\/product"}],"replies":[{"embeddable":true,"href":"https:\/\/hi-techwonder.com\/es\/wp-json\/wp\/v2\/comments?post=73952"}],"wp:featuredmedia":[{"embeddable":true,"href":"https:\/\/hi-techwonder.com\/es\/wp-json\/wp\/v2\/media\/68180"}],"wp:attachment":[{"href":"https:\/\/hi-techwonder.com\/es\/wp-json\/wp\/v2\/media?parent=73952"}],"wp:term":[{"taxonomy":"product_brand","embeddable":true,"href":"https:\/\/hi-techwonder.com\/es\/wp-json\/wp\/v2\/product_brand?post=73952"},{"taxonomy":"product_cat","embeddable":true,"href":"https:\/\/hi-techwonder.com\/es\/wp-json\/wp\/v2\/product_cat?post=73952"},{"taxonomy":"product_tag","embeddable":true,"href":"https:\/\/hi-techwonder.com\/es\/wp-json\/wp\/v2\/product_tag?post=73952"}],"curies":[{"name":"wp","href":"https:\/\/api.w.org\/{rel}","templated":true}]}}