{"id":73954,"date":"2025-07-29T10:49:59","date_gmt":"2025-07-29T10:49:59","guid":{"rendered":"https:\/\/fv6qoy3ls0.wpdns.site\/product\/placa-adaptadora-de-bateria-smallrig-3018-lite-np-f\/"},"modified":"2026-01-31T01:25:05","modified_gmt":"2026-01-31T01:25:05","slug":"smallrig-placa-adaptadora-de-bateria-smallrig-3018-lite-np-f","status":"publish","type":"product","link":"https:\/\/hi-techwonder.com\/es\/producto\/smallrig-placa-adaptadora-de-bateria-smallrig-3018-lite-np-f\/","title":{"rendered":"Placa adaptadora de bater\u00eda SMALLRIG 3018 Lite NP-F"},"content":{"rendered":"<p><strong>Placa adaptadora de bater\u00eda SMALLRIG 3018 Lite NP-F<\/strong><\/p>\n<p> <strong>Caracter\u00edsticas principales:<\/strong><\/p>\n<ul>\n<li>  La placa se ajusta a las bater\u00edas de tipo NP-F de Sony para proporcionar una mayor duraci\u00f3n de la bater\u00eda para el equipo de la c\u00e1mara<\/li>\n<li>  Proporciona diferentes puertos de salida, incluido un puerto de salida de 12 V CC y un puerto de salida de 7,4 V CC<\/li>\n<li>  Indicador LED para advertencia de bater\u00eda baja<\/li>\n<li>  Almohadillas de goma en la parte inferior para una instalaci\u00f3n m\u00e1s estable<\/li>\n<\/ul>\n<p> <strong>En la caja:<\/strong><\/p>\n<ul>\n<li>  1 x Placa adaptadora de bater\u00eda NP-F<\/li>\n<li>  2 x 1\/4&#8243;-20 Tornillo de montaje<\/li>\n<li>  1 x Llave Allen<\/li>\n<\/ul>\n<p>  La placa adaptadora de bater\u00eda SmallRig NP-F Lite 3018 est\u00e1 dise\u00f1ada para proporcionar una mayor duraci\u00f3n de la bater\u00eda para el equipo de la c\u00e1mara a trav\u00e9s de una bater\u00eda Sony NP-F. Proporciona diferentes puertos de salida, incluido un puerto de salida de 12 V CC (5,5 \/ 2,5 mm) y un puerto de salida de 7,4 V CC (5,5 \/ 2,1 mm). Tiene un indicador LED que se volver\u00e1 rojo cuando el nivel de la bater\u00eda sea inferior al 30%. Cuando el indicador parpadea, significa que el nivel de la bater\u00eda es inferior al 10% y necesita reemplazar la bater\u00eda. La placa tiene una almohadilla de goma en la parte inferior para una instalaci\u00f3n m\u00e1s estable.    <\/p>\n<p>  Dise\u00f1ador: Peiwen He, Bear<\/p>\n<p> <strong>Compatibilidad:<\/strong><\/p>\n<ul>\n<li>  Bater\u00eda Sony NP-F<\/li>\n<\/ul>\n<p> <strong>Caracter\u00edsticas t\u00e9cnicas:<\/strong> <\/p>\n<table class=\"table_o418fscimQZEg1oshu4aX\" style=\"width: 981px;font-family: OpenSans, 'Segoe UI', Helvetica, Roboto, Arial, sans-serif;font-size: 16px;background-color: #ffffff;height: 110px\" data-selenium=\"specsItemGroupTable\">\n<tbody>\n<tr class=\"pair_3u9fnESIQrtuEu6ye_zM4k\" style=\"border-bottom: 0.0625rem solid #e7e7e7;height: 22px\" data-selenium=\"specsItemGroupTableRow\">\n<td class=\"label_3bLwbW8ibvYc5tUwpKVQsL firstSpecWhenNoGroupName_2L9ob5rxYHNpmiwoNrY0FE\" style=\"width: 372px;padding: 0px 0px 1.25rem;border-top: none;vertical-align: baseline;line-height: 1.375rem;height: 22px\" data-selenium=\"specsItemGroupTableColumnLabel\"> <span style=\"color: #666666\">Dimensiones del producto<\/span> <\/td>\n<td class=\"value_11Av1yGkVYn9TX48mQeu9v firstSpecWhenNoGroupName_2L9ob5rxYHNpmiwoNrY0FE\" style=\"vertical-align: baseline;font-size: 1.125rem;color: #666666;line-height: 1.375rem;padding: 0px 0px 1.25rem 2.5rem;height: 22px\" data-selenium=\"specsItemGroupTableColumnValue\"> 94 x 18,7 x 45,9 mm <\/td>\n<\/tr>\n<tr class=\"pair_3u9fnESIQrtuEu6ye_zM4k\" style=\"border-bottom: 0.0625rem solid #e7e7e7;height: 22px\" data-selenium=\"specsItemGroupTableRow\">\n<td class=\"label_3bLwbW8ibvYc5tUwpKVQsL\" style=\"width: 372px;padding: 1.25rem 0px;border-top: none;vertical-align: baseline;line-height: 1.375rem;height: 22px\" data-selenium=\"specsItemGroupTableColumnLabel\"><span style=\"color: #666666\">Dimensiones del paquete<\/span> <\/td>\n<td class=\"value_11Av1yGkVYn9TX48mQeu9v\" style=\"vertical-align: baseline;line-height: 1.375rem;padding: 1.25rem 0px 1.25rem 2.5rem;height: 22px\" data-selenium=\"specsItemGroupTableColumnValue\"> <span style=\"color: #666666\">106 x 98,5 x 34 mm<\/span> <\/td>\n<\/tr>\n<tr class=\"pair_3u9fnESIQrtuEu6ye_zM4k\" style=\"border-bottom: 0.0625rem solid #e7e7e7;height: 22px\" data-selenium=\"specsItemGroupTableRow\">\n<td class=\"label_3bLwbW8ibvYc5tUwpKVQsL\" style=\"width: 372px;padding: 1.25rem 0px;border-top: none;vertical-align: baseline;line-height: 1.375rem;height: 22px\" data-selenium=\"specsItemGroupTableColumnLabel\"><span style=\"color: #666666\">Peso neto<\/span> <\/td>\n<td class=\"value_11Av1yGkVYn9TX48mQeu9v\" style=\"vertical-align: baseline;line-height: 1.375rem;padding: 1.25rem 0px 1.25rem 2.5rem;height: 22px\" data-selenium=\"specsItemGroupTableColumnValue\"> <span style=\"color: #666666\">48,5 g \u00b1 5 g<\/span> <\/td>\n<\/tr>\n<tr class=\"pair_3u9fnESIQrtuEu6ye_zM4k\" style=\"border-bottom: 0.0625rem solid #e7e7e7;height: 22px\" data-selenium=\"specsItemGroupTableRow\">\n<td class=\"label_3bLwbW8ibvYc5tUwpKVQsL\" style=\"width: 372px;padding: 1.25rem 0px;border-top: none;vertical-align: baseline;line-height: 1.375rem;height: 22px\" data-selenium=\"specsItemGroupTableColumnLabel\"><span style=\"color: #666666\">Peso del paquete<\/span> <\/td>\n<td class=\"value_11Av1yGkVYn9TX48mQeu9v\" style=\"vertical-align: baseline;line-height: 1.375rem;padding: 1.25rem 0px 1.25rem 2.5rem;height: 22px\" data-selenium=\"specsItemGroupTableColumnValue\"> <span style=\"color: #666666\">98,5 g \u00b1 5 g<\/span> <\/td>\n<\/tr>\n<tr class=\"pair_3u9fnESIQrtuEu6ye_zM4k\" style=\"border-bottom: 0.0625rem solid #e7e7e7;height: 22px\" data-selenium=\"specsItemGroupTableRow\">\n<td class=\"label_3bLwbW8ibvYc5tUwpKVQsL\" style=\"width: 372px;padding: 1.25rem 0px;border-top: none;vertical-align: baseline;line-height: 1.375rem;height: 22px\" data-selenium=\"specsItemGroupTableColumnLabel\"> <span style=\"color: #666666\">Materiales ABS<\/span> <\/td>\n<td class=\"value_11Av1yGkVYn9TX48mQeu9v\" style=\"vertical-align: baseline;font-size: 1.125rem;color: #666666;line-height: 1.375rem;padding: 1.25rem 0px 1.25rem 2.5rem;height: 22px\" data-selenium=\"specsItemGroupTableColumnValue\"> + PC<\/td>\n<\/tr>\n<\/tbody>\n<\/table>\n","protected":false},"excerpt":{"rendered":"<p>Placa adaptadora de bater\u00eda SMALLRIG 3018 Lite NP-F Caracter\u00edsticas principales: La placa se ajusta a las bater\u00edas de tipo NP-F<\/p>\n","protected":false},"featured_media":68162,"comment_status":"closed","ping_status":"open","template":"","meta":{"_acf_changed":false},"product_brand":[2550],"product_cat":[1104],"product_tag":[],"class_list":{"0":"post-73954","1":"product","2":"type-product","3":"status-publish","4":"has-post-thumbnail","6":"product_brand-smallrig-es","7":"product_cat-accesorios-cages","9":"first","10":"onbackorder","11":"taxable","12":"shipping-taxable","13":"purchasable","14":"product-type-simple"},"bundled_by":[],"bundle_stock_status":"onbackorder","bundle_stock_quantity":null,"bundle_virtual":false,"bundle_layout":"","bundle_add_to_cart_form_location":"","bundle_editable_in_cart":false,"bundle_sold_individually_context":"","bundle_item_grouping":"","bundle_min_size":"","bundle_max_size":"","bundle_price":[],"bundled_items":[],"bundle_sell_ids":[],"acf":[],"_links":{"self":[{"href":"https:\/\/hi-techwonder.com\/es\/wp-json\/wp\/v2\/product\/73954","targetHints":{"allow":["GET"]}}],"collection":[{"href":"https:\/\/hi-techwonder.com\/es\/wp-json\/wp\/v2\/product"}],"about":[{"href":"https:\/\/hi-techwonder.com\/es\/wp-json\/wp\/v2\/types\/product"}],"replies":[{"embeddable":true,"href":"https:\/\/hi-techwonder.com\/es\/wp-json\/wp\/v2\/comments?post=73954"}],"wp:featuredmedia":[{"embeddable":true,"href":"https:\/\/hi-techwonder.com\/es\/wp-json\/wp\/v2\/media\/68162"}],"wp:attachment":[{"href":"https:\/\/hi-techwonder.com\/es\/wp-json\/wp\/v2\/media?parent=73954"}],"wp:term":[{"taxonomy":"product_brand","embeddable":true,"href":"https:\/\/hi-techwonder.com\/es\/wp-json\/wp\/v2\/product_brand?post=73954"},{"taxonomy":"product_cat","embeddable":true,"href":"https:\/\/hi-techwonder.com\/es\/wp-json\/wp\/v2\/product_cat?post=73954"},{"taxonomy":"product_tag","embeddable":true,"href":"https:\/\/hi-techwonder.com\/es\/wp-json\/wp\/v2\/product_tag?post=73954"}],"curies":[{"name":"wp","href":"https:\/\/api.w.org\/{rel}","templated":true}]}}