{"id":73955,"date":"2025-07-28T23:33:50","date_gmt":"2025-07-28T23:33:50","guid":{"rendered":"https:\/\/fv6qoy3ls0.wpdns.site\/product\/placa-de-bateria-de-montaje-mini-v-smallrig-2987\/"},"modified":"2026-01-31T03:47:33","modified_gmt":"2026-01-31T03:47:33","slug":"smallrig-placa-de-bateria-de-montaje-mini-v-smallrig-2987","status":"publish","type":"product","link":"https:\/\/hi-techwonder.com\/es\/producto\/smallrig-placa-de-bateria-de-montaje-mini-v-smallrig-2987\/","title":{"rendered":"Placa de bater\u00eda de montaje Mini V SMALLRIG 2987"},"content":{"rendered":"<div class=\"title_OMS5rN7R1Z\" style=\"margin-bottom: 0.75rem;background-color: #ffffff\">\n<div class=\"text_TAw0W35QK_ comfy_TAw0W35QK_ sizeTitle4_TAw0W35QK_ weightBold_TAw0W35QK_ primary_i3MsQsqoe0\" style=\"margin: 0px;line-height: 1.5rem\" data-selenium=\"sellingPointsTitle\"><span style=\"font-family: OpenSans, Segoe UI, Helvetica, Roboto, Arial, sans-serif\"><strong>Placa Smallrig 2987 para bater\u00eda de ensamblaje Mini V<\/strong><\/span><\/div>\n<div class=\"text_TAw0W35QK_ comfy_TAw0W35QK_ sizeTitle4_TAw0W35QK_ weightBold_TAw0W35QK_ primary_i3MsQsqoe0\" style=\"margin: 0px;line-height: 1.5rem\" data-selenium=\"sellingPointsTitle\">&nbsp;<\/div>\n<div class=\"text_TAw0W35QK_ comfy_TAw0W35QK_ sizeTitle4_TAw0W35QK_ weightBold_TAw0W35QK_ primary_i3MsQsqoe0\" style=\"margin: 0px;line-height: 1.5rem\" data-selenium=\"sellingPointsTitle\"><span style=\"font-family: OpenSans, Segoe UI, Helvetica, Roboto, Arial, sans-serif\"><strong>Caracter\u00edsticas principales:<\/strong><\/span><\/div>\n<ul>\n<li class=\"text_TAw0W35QK_ comfy_TAw0W35QK_ sizeTitle4_TAw0W35QK_ weightBold_TAw0W35QK_ primary_i3MsQsqoe0\" style=\"font-family: OpenSans, 'Segoe UI', Helvetica, Roboto, Arial, sans-serif;font-size: 1rem;font-weight: 600;line-height: 1.5rem\" data-selenium=\"sellingPointsTitle\">Placa ligera con montura en V<\/li>\n<li class=\"text_TAw0W35QK_ comfy_TAw0W35QK_ sizeTitle4_TAw0W35QK_ weightBold_TAw0W35QK_ primary_i3MsQsqoe0\" style=\"font-family: OpenSans, 'Segoe UI', Helvetica, Roboto, Arial, sans-serif;font-size: 1rem;font-weight: 600;line-height: 1.5rem\" data-selenium=\"sellingPointsTitle\">Roscas de montaje de 1\/4&#8243;-20 y M4<\/li>\n<li class=\"text_TAw0W35QK_ comfy_TAw0W35QK_ sizeTitle4_TAw0W35QK_ weightBold_TAw0W35QK_ primary_i3MsQsqoe0\" style=\"font-family: OpenSans, 'Segoe UI', Helvetica, Roboto, Arial, sans-serif;font-size: 1rem;font-weight: 600;line-height: 1.5rem\" data-selenium=\"sellingPointsTitle\">Construcci\u00f3n de aluminio duradero<\/li>\n<\/ul>\n<\/div>\n<p>Con esta placa de bater\u00eda Mini V-Lock de SmallRig, puede montar una bater\u00eda V-Mount en su equipo.<\/p>\n<p>Cuenta con un soporte V-lock con una palanca de liberaci\u00f3n r\u00e1pida que se adapta a la mayor\u00eda de las bater\u00edas V-mount.<\/p>\n<p>No hay componentes electr\u00f3nicos en el soporte, ya que est\u00e1 dise\u00f1ado para montar una bater\u00eda que tiene sus propias tomas de corriente para alimentar su equipo.<\/p>\n<p>El soporte cuenta con dos orificios avellanados de 1\/4&#8243;-20, dos roscas de 1\/4&#8243;-20 y cuatro roscas M4 para montar una variedad de equipos como abrazaderas, portaca\u00f1as, brazos de extensi\u00f3n u otros accesorios y equipos de montaje. Est\u00e1 construido de aluminio duradero y pesa solo 63 g.  Se incluyen dos tornillos de 1\/4&#8243;-20 y una llave Allen para facilitar el montaje.<\/p>\n<p><strong>Compatibilidad:<\/strong><\/p>\n<p>Esta placa es compatible con la mayor\u00eda de las bater\u00edas V-mount excepto las bater\u00edas V-mount de la serie PAGlink y la bater\u00eda Patona Premium para BP-190WS).<\/p>\n<p><strong>Nota:<\/strong><\/p>\n<p>Esta es una placa V-lock sin componentes electr\u00f3nicos y se utiliza para montar una bater\u00eda V-mount con tomas de corriente en un equipo; No hay puertos de alimentaci\u00f3n en la placa.<\/p>\n<p><strong>Contenido del paquete:<\/strong><\/p>\n<p>1 x Placa de bater\u00eda de montaje Mini V<\/p>\n<p>1 x Llave Allen<\/p>\n<p>2 x 1\/4&#8243;-20 Tornillo<\/p>\n<p><strong>Dimensiones:<\/strong><\/p>\n<p>72 x 59,8 x 19,6 mm<\/p>\n","protected":false},"excerpt":{"rendered":"<p>Placa Smallrig 2987 para bater\u00eda de ensamblaje Mini V &nbsp; Caracter\u00edsticas principales: Placa ligera con montura en V Roscas de<\/p>\n","protected":false},"featured_media":23988,"comment_status":"closed","ping_status":"open","template":"","meta":{"_acf_changed":false},"product_brand":[2550],"product_cat":[876],"product_tag":[],"class_list":{"0":"post-73955","1":"product","2":"type-product","3":"status-publish","4":"has-post-thumbnail","6":"product_brand-smallrig-es","7":"product_cat-cables-adaptadores","9":"first","10":"onbackorder","11":"taxable","12":"shipping-taxable","13":"purchasable","14":"product-type-simple"},"bundled_by":[],"bundle_stock_status":"onbackorder","bundle_stock_quantity":null,"bundle_virtual":false,"bundle_layout":"","bundle_add_to_cart_form_location":"","bundle_editable_in_cart":false,"bundle_sold_individually_context":"","bundle_item_grouping":"","bundle_min_size":"","bundle_max_size":"","bundle_price":[],"bundled_items":[],"bundle_sell_ids":[],"acf":[],"_links":{"self":[{"href":"https:\/\/hi-techwonder.com\/es\/wp-json\/wp\/v2\/product\/73955","targetHints":{"allow":["GET"]}}],"collection":[{"href":"https:\/\/hi-techwonder.com\/es\/wp-json\/wp\/v2\/product"}],"about":[{"href":"https:\/\/hi-techwonder.com\/es\/wp-json\/wp\/v2\/types\/product"}],"replies":[{"embeddable":true,"href":"https:\/\/hi-techwonder.com\/es\/wp-json\/wp\/v2\/comments?post=73955"}],"wp:featuredmedia":[{"embeddable":true,"href":"https:\/\/hi-techwonder.com\/es\/wp-json\/wp\/v2\/media\/23988"}],"wp:attachment":[{"href":"https:\/\/hi-techwonder.com\/es\/wp-json\/wp\/v2\/media?parent=73955"}],"wp:term":[{"taxonomy":"product_brand","embeddable":true,"href":"https:\/\/hi-techwonder.com\/es\/wp-json\/wp\/v2\/product_brand?post=73955"},{"taxonomy":"product_cat","embeddable":true,"href":"https:\/\/hi-techwonder.com\/es\/wp-json\/wp\/v2\/product_cat?post=73955"},{"taxonomy":"product_tag","embeddable":true,"href":"https:\/\/hi-techwonder.com\/es\/wp-json\/wp\/v2\/product_tag?post=73955"}],"curies":[{"name":"wp","href":"https:\/\/api.w.org\/{rel}","templated":true}]}}