{"id":73959,"date":"2025-07-29T10:53:48","date_gmt":"2025-07-29T10:53:48","guid":{"rendered":"https:\/\/fv6qoy3ls0.wpdns.site\/product\/smallrig-3010c-mini-follow-focus-f40\/"},"modified":"2026-01-28T12:48:28","modified_gmt":"2026-01-28T12:48:28","slug":"smallrig-3010c-mini-follow-focus-f40","status":"publish","type":"product","link":"https:\/\/hi-techwonder.com\/es\/producto\/smallrig-3010c-mini-follow-focus-f40\/","title":{"rendered":"SMALLRIG 3010C Mini Follow Focus F40"},"content":{"rendered":"<p><strong>SMALLRIG 3010 Mini Follow Focus<\/strong><\/p>\n<p><strong>Caracter\u00edsticas principales:<\/strong><\/p>\n<ul>\n<li>Port\u00e1til, compacto.<\/li>\n<li>Seguimiento preciso del enfoque y control del zoom y sensaci\u00f3n de amortiguaci\u00f3n c\u00f3moda.<\/li>\n<li>Dise\u00f1o ergon\u00f3mico, con m\u00f3dulos independientes.<\/li>\n<li>El \u00e1ngulo de instalaci\u00f3n se puede ajustar para satisfacer las necesidades de las escenas de disparo sin tr\u00edpode y sin tr\u00edpode.<\/li>\n<li>Marcas AB ajustables para cambiar f\u00e1cilmente entre la distancia focal AB y la distancia focal completa.<\/li>\n<li>M\u00faltiples engranajes intercambiables (est\u00e1ndar 0.8 MOD), compatible con varios tama\u00f1os de lentes<\/li>\n<li>Bot\u00f3n de enfoque antideslizante y antisudor (imitando buje de coche deportivo).<\/li>\n<\/ul>\n<p><strong>En la caja:<\/strong><\/p>\n<ul>\n<li>1 x Mini Sigue el enfoque<\/li>\n<li>1 x engranaje M0.8-43T<\/li>\n<li>1 varilla de F15 mm<\/li>\n<li>1 x abrazadera de varilla (con riel OTAN)<\/li>\n<li>1 x anillo de engranaje de enfoque estilo de corbata<\/li>\n<li>1 x Destornillador<\/li>\n<\/ul>\n<p><strong>Compatibilidad:<\/strong><\/p>\n<ul>\n<li>Varilla est\u00e1ndar F15mm<\/li>\n<li>Accesorios ferroviarios de la OTAN<\/li>\n<li>Lente MOD est\u00e1ndar de 0.8 y anillos y engranajes de enfoque M0.8-65T \/ 43T \/ 38T reemplazables<\/li>\n<\/ul>\n<ol>\n<li>F62.5-F64.5 Anillo de engranaje de enfoque sin costuras 3291;<\/li>\n<li>F66-F68 Anillo de engranaje de enfoque sin costuras 3292;<\/li>\n<li>F72-F74 Anillo de engranaje de enfoque sin costuras 3293;<\/li>\n<li>F75-F77 Anillo de engranaje de enfoque sin costuras 3294;<\/li>\n<li>F78-F80 Anillo de engranaje de enfoque sin costuras 3295;<\/li>\n<li>F81-F83 Anillo de engranaje de enfoque sin costuras 3296;<\/li>\n<\/ol>\n<ul>\n<li>El anillo de engranaje de enfoque estilo tie admite un di\u00e1metro de lente de hasta F114 mm<\/li>\n<li>Joystick est\u00e1ndar y arn\u00e9s de enfoque<\/li>\n<\/ul>\n<p>El SmallRig Mini Follow Focus 3010 est\u00e1 dise\u00f1ado para un control de enfoque r\u00e1pido y f\u00e1cil en la grabaci\u00f3n de video. Se fija al lado izquierdo del objetivo a trav\u00e9s de la varilla F15mm 1050 y la abrazadera de varilla 3011 (con riel OTAN). El anillo Quick Release Tie Style Focus Gear 3284 se adapta a lentes de varios di\u00e1metros y conduce las lentes a trav\u00e9s de engranajes est\u00e1ndar de 0.8 MOD con diferentes n\u00fameros de dientes, viene con engranaje M0.8-43T 3201. Modelo de engranaje opcional: engranaje M0.8-65T 3200, engranaje M0.8-38T 3285; La abrazadera de varilla (con riel OTAN) 3011 admite una interfaz de liberaci\u00f3n r\u00e1pida. El anillo de marcado se puede quitar y reemplazar f\u00e1cilmente. Las marcas AB son ajustables para cambiar f\u00e1cilmente entre la distancia focal AB y la distancia focal completa. Ligero y port\u00e1til, el follow focus cuenta con enfoque de sudor y bot\u00f3n antideslizante (que imita el buje del autom\u00f3vil deportivo), lo que proporciona un control de amortiguaci\u00f3n c\u00f3modo y preciso. Se puede montar en diferentes \u00e1ngulos, lo que proporciona un ajuste preciso y una experiencia de disparo conveniente tanto en escenarios de mano como de tr\u00edpode.       <\/p>\n<p>Dise\u00f1ador: Kylin Wu y Peiwen He<\/p>\n<p>Nota: Viene con un engranaje M0.8-43T; El engranaje M0.8-65T\/38T est\u00e1 disponible por separado. Viene con un anillo de engranaje de enfoque estilo corbata. <\/p>\n<p><strong>Caracter\u00edsticas t\u00e9cnicas:<\/strong><\/p>\n<ul>\n<li>Dimensiones del producto: 120,5 x 60 x 87 mm<\/li>\n<li>Dimensiones del paquete: 178 x 132 x 74 mm<\/li>\n<li>Peso neto: 195 g \u00b1 5 g<\/li>\n<li>Peso del paquete: 498 g \u00b1 5 g<\/li>\n<li>Material: AL6061 + ABS + PC + POM9044<\/li>\n<\/ul>\n","protected":false},"excerpt":{"rendered":"<p>SMALLRIG 3010 Mini Follow Focus Caracter\u00edsticas principales: Port\u00e1til, compacto. Seguimiento preciso del enfoque y control del zoom y sensaci\u00f3n de<\/p>\n","protected":false},"featured_media":69027,"comment_status":"closed","ping_status":"open","template":"","meta":{"_acf_changed":false},"product_brand":[2550],"product_cat":[1111],"product_tag":[],"class_list":{"0":"post-73959","1":"product","2":"type-product","3":"status-publish","4":"has-post-thumbnail","6":"product_brand-smallrig-es","7":"product_cat-follow-focus-es","9":"first","10":"instock","11":"taxable","12":"shipping-taxable","13":"purchasable","14":"product-type-simple"},"bundled_by":[],"bundle_stock_status":"instock","bundle_stock_quantity":1,"bundle_virtual":false,"bundle_layout":"","bundle_add_to_cart_form_location":"","bundle_editable_in_cart":false,"bundle_sold_individually_context":"","bundle_item_grouping":"","bundle_min_size":"","bundle_max_size":"","bundle_price":[],"bundled_items":[],"bundle_sell_ids":[],"acf":[],"_links":{"self":[{"href":"https:\/\/hi-techwonder.com\/es\/wp-json\/wp\/v2\/product\/73959","targetHints":{"allow":["GET"]}}],"collection":[{"href":"https:\/\/hi-techwonder.com\/es\/wp-json\/wp\/v2\/product"}],"about":[{"href":"https:\/\/hi-techwonder.com\/es\/wp-json\/wp\/v2\/types\/product"}],"replies":[{"embeddable":true,"href":"https:\/\/hi-techwonder.com\/es\/wp-json\/wp\/v2\/comments?post=73959"}],"wp:featuredmedia":[{"embeddable":true,"href":"https:\/\/hi-techwonder.com\/es\/wp-json\/wp\/v2\/media\/69027"}],"wp:attachment":[{"href":"https:\/\/hi-techwonder.com\/es\/wp-json\/wp\/v2\/media?parent=73959"}],"wp:term":[{"taxonomy":"product_brand","embeddable":true,"href":"https:\/\/hi-techwonder.com\/es\/wp-json\/wp\/v2\/product_brand?post=73959"},{"taxonomy":"product_cat","embeddable":true,"href":"https:\/\/hi-techwonder.com\/es\/wp-json\/wp\/v2\/product_cat?post=73959"},{"taxonomy":"product_tag","embeddable":true,"href":"https:\/\/hi-techwonder.com\/es\/wp-json\/wp\/v2\/product_tag?post=73959"}],"curies":[{"name":"wp","href":"https:\/\/api.w.org\/{rel}","templated":true}]}}