{"id":73961,"date":"2025-07-29T10:45:15","date_gmt":"2025-07-29T10:45:15","guid":{"rendered":"https:\/\/fv6qoy3ls0.wpdns.site\/product\/smallrig-2957-cable-hdmi-a-hdmi-4k-ultradelgado-de-55-cm\/"},"modified":"2026-04-15T15:02:41","modified_gmt":"2026-04-15T14:02:41","slug":"smallrig-2957-cable-hdmi-a-hdmi-4k-ultradelgado-de-55-cm","status":"publish","type":"product","link":"https:\/\/hi-techwonder.com\/es\/producto\/smallrig-2957-cable-hdmi-a-hdmi-4k-ultradelgado-de-55-cm\/","title":{"rendered":"SMALLRIG 2957 Cable HDMI a HDMI 4K ultradelgado de 55 cm"},"content":{"rendered":"<p>Cable HDMI que admite una resoluci\u00f3n de hasta 4K UHD a 60 Hz de dise\u00f1o ultradelgado y 55 cm.<\/p>\n<p><strong>Caracter\u00edsticas principales:<\/strong><\/p>\n<p>1. Cable HDMI de alta calidad para DSLR, monitor y transmisor y receptor de video inal\u00e1mbrico, etc. com puertos HDMI de tama\u00f1o completo.<\/p>\n<p>2. HDMI 2.0 y admite una resoluci\u00f3n de hasta 4K@60HZ.<\/p>\n<p>3. El dise\u00f1o ultradelgado con un di\u00e1metro exterior de 3,6 mm lo hace m\u00e1s delgado y suave que un cable HDMI normal.<\/p>\n<p>4. Longitud del cable de 55 cm, perfecto para una plataforma de c\u00e1mara.<\/p>\n<p>5. Viene con una abrazadera de gesti\u00f3n de cables para mantener su equipo organizado.<\/p>\n<p>El cable HDMI SmallRig Ultra Slim 4K 55cm 2957 es un cable HDMI de alta calidad especialmente dise\u00f1ado para tu equipo fotogr\u00e1fico. Es compatible con DSLR, monitor de video inal\u00e1mbrico, transmisor y receptor, y otros dispositivos con puertos HDMI de tama\u00f1o completo. Es la versi\u00f3n HDMI 2.0 y admite hasta 4K@60HZ resoluci\u00f3n y ser\u00e1 compatible con versiones anteriores. El dise\u00f1o ultradelgado con un di\u00e1metro exterior de 3,6 mm lo hace m\u00e1s delgado y suave que un cable HDMI normal. Los conectores de bajo perfil no bloquear\u00e1n los puertos adyacentes. Es un cable HDMI perfecto para tu equipo fotogr\u00e1fico con una longitud de cable de 55 cm. La brida para cables incluida para la gesti\u00f3n de cables ayudar\u00e1 a mantener su equipo organizado.      <\/p>\n<p>Nota: El cable solo ser\u00e1 compatible con dispositivos con puertos HDMI de tama\u00f1o completo.<\/p>\n<p><strong>Compatibilidad:<\/strong><\/p>\n<p>C\u00e1maras, monitores, transmisores y receptores de video inal\u00e1mbricos y otros dispositivos con puerto HDMI de tama\u00f1o completo, como BMPCC 4K y 6K, Panasonic S1H \/ GH5 \/ GH5S, Z-cam E2, Atomos Ninja V, Hollyland Mars 400, etc.<\/p>\n<p><strong>El paquete incluye:<\/strong><\/p>\n<p>1 x Cable HDMI<\/p>\n<p>1 x abrazadera de cable<\/p>\n<p><strong>Dimensiones del producto:<\/strong> 550 x 17 x 7 mm<\/p>\n<p><strong>Peso neto:<\/strong> 18 g \u00b1 5 g<\/p>\n<p><strong>Material(es):<\/strong> PVC<\/p>\n","protected":false},"excerpt":{"rendered":"<p>Cable HDMI que admite una resoluci\u00f3n de hasta 4K UHD a 60 Hz de dise\u00f1o ultradelgado y 55 cm. Caracter\u00edsticas<\/p>\n","protected":false},"featured_media":67002,"comment_status":"closed","ping_status":"open","template":"","meta":{"_acf_changed":false},"product_brand":[2550],"product_cat":[1102],"product_tag":[],"class_list":{"0":"post-73961","1":"product","2":"type-product","3":"status-publish","4":"has-post-thumbnail","6":"product_brand-smallrig-es","7":"product_cat-cables-y-conversores","9":"first","10":"instock","11":"taxable","12":"shipping-taxable","13":"purchasable","14":"product-type-simple"},"bundled_by":[],"bundle_stock_status":"instock","bundle_stock_quantity":4,"bundle_virtual":false,"bundle_layout":"","bundle_add_to_cart_form_location":"","bundle_editable_in_cart":false,"bundle_sold_individually_context":"","bundle_item_grouping":"","bundle_min_size":"","bundle_max_size":"","bundle_price":[],"bundled_items":[],"bundle_sell_ids":[],"acf":[],"_links":{"self":[{"href":"https:\/\/hi-techwonder.com\/es\/wp-json\/wp\/v2\/product\/73961","targetHints":{"allow":["GET"]}}],"collection":[{"href":"https:\/\/hi-techwonder.com\/es\/wp-json\/wp\/v2\/product"}],"about":[{"href":"https:\/\/hi-techwonder.com\/es\/wp-json\/wp\/v2\/types\/product"}],"replies":[{"embeddable":true,"href":"https:\/\/hi-techwonder.com\/es\/wp-json\/wp\/v2\/comments?post=73961"}],"wp:featuredmedia":[{"embeddable":true,"href":"https:\/\/hi-techwonder.com\/es\/wp-json\/wp\/v2\/media\/67002"}],"wp:attachment":[{"href":"https:\/\/hi-techwonder.com\/es\/wp-json\/wp\/v2\/media?parent=73961"}],"wp:term":[{"taxonomy":"product_brand","embeddable":true,"href":"https:\/\/hi-techwonder.com\/es\/wp-json\/wp\/v2\/product_brand?post=73961"},{"taxonomy":"product_cat","embeddable":true,"href":"https:\/\/hi-techwonder.com\/es\/wp-json\/wp\/v2\/product_cat?post=73961"},{"taxonomy":"product_tag","embeddable":true,"href":"https:\/\/hi-techwonder.com\/es\/wp-json\/wp\/v2\/product_tag?post=73961"}],"curies":[{"name":"wp","href":"https:\/\/api.w.org\/{rel}","templated":true}]}}