{"id":73962,"date":"2025-07-29T10:59:33","date_gmt":"2025-07-29T10:59:33","guid":{"rendered":"https:\/\/fv6qoy3ls0.wpdns.site\/product\/smallrig-2905b-soporte-de-monitor-ajustable-con-accesorio-de-zapata-caliente\/"},"modified":"2026-04-16T11:56:17","modified_gmt":"2026-04-16T10:56:17","slug":"smallrig-2905b-soporte-de-monitor-ajustable-con-accesorio-de-zapata-caliente","status":"publish","type":"product","link":"https:\/\/hi-techwonder.com\/es\/producto\/smallrig-2905b-soporte-de-monitor-ajustable-con-accesorio-de-zapata-caliente\/","title":{"rendered":"SMALLRIG 2905B Soporte de monitor ajustable con accesorio de zapata caliente"},"content":{"rendered":"<p>El soporte de monitor giratorio e inclinable ajustable SmallRig con soporte de zapata 2905 est\u00e1 dise\u00f1ado para sostener su monitor para un f\u00e1cil monitoreo. Se suministra con una zapata inferior para la zapata de la c\u00e1mara, el armaz\u00f3n o el mango y un tornillo superior de 1\/4&#8243;-20 para el monitor, el micr\u00f3fono, la luz, etc. El soporte puede inclinarse 180\u00b0 y girar 360\u00b0. Su eje de inclinaci\u00f3n se aprieta r\u00e1pidamente a trav\u00e9s de una perilla para adaptarse a diferentes pesos y caracter\u00edsticas de durabilidad probada, con la capacidad de carga de inclinaci\u00f3n disminuyendo en no m\u00e1s del 20% despu\u00e9s de 10,000 inclinaciones, mientras que su eje de rotaci\u00f3n es ajustable en 360 \u00b0 a trav\u00e9s de una llave Allen. Los pasadores de ubicaci\u00f3n hinchables en la parte superior ayudan a asegurar el Ninja V \/ V +; y los orificios roscados de 1\/4&#8243;-20 en la parte inferior le permiten colocar el Magic Arm 2070, etc. Ambos tornillos tienen orificios para una llave Allen para facilitar el montaje y desmontaje.  <\/p>\n<p>Dise\u00f1ador: Tracy Joy<\/p>\n<p>Nota:<\/p>\n<p>Capacidad de carga de 90\u00b0: &lt;4,2 kg; Capacidad de carga de inclinaci\u00f3n de 45\u00b0: &lt;2,5 kg; Capacidad de carga de 30\u00b0 de inclinaci\u00f3n: &lt;2,3kg.<\/p>\n<p>Compatibilidades:&nbsp; &nbsp; &nbsp; &nbsp; &nbsp; &nbsp; &nbsp; &nbsp; &nbsp; &nbsp; &nbsp; &nbsp; &nbsp; &nbsp; &nbsp; &nbsp; &nbsp; &nbsp;<\/p>\n<p>Monitor de 5&#8243; y 7&#8243;<\/p>\n<p>En la caja:&nbsp; &nbsp; &nbsp; &nbsp; &nbsp; &nbsp; &nbsp; &nbsp; &nbsp; &nbsp; &nbsp; &nbsp; &nbsp; &nbsp; &nbsp; &nbsp; &nbsp; &nbsp; &nbsp;<\/p>\n<p>1 x Soporte para monitor<\/p>\n<p>1 x Llave Allen<\/p>\n<p>Dimensiones del producto: 45 x 52,6 x 30 mm<\/p>\n<p>Dimensiones del paquete: 78 x 67 x 42 mm<\/p>\n<p>Peso neto: 78 g \u00b1 5 g<\/p>\n<p>Peso del paquete: 98 g \u00b1 5 g<\/p>\n<p>Material(es): Aleaci\u00f3n de aluminio, acero inoxidable<\/p>\n","protected":false},"excerpt":{"rendered":"<p>El soporte de monitor giratorio e inclinable ajustable SmallRig con soporte de zapata 2905 est\u00e1 dise\u00f1ado para sostener su monitor<\/p>\n","protected":false},"featured_media":70527,"comment_status":"closed","ping_status":"open","template":"","meta":{"_acf_changed":false},"product_brand":[2550],"product_cat":[1117],"product_tag":[],"class_list":{"0":"post-73962","1":"product","2":"type-product","3":"status-publish","4":"has-post-thumbnail","6":"product_brand-smallrig-es","7":"product_cat-monitores-grabadores","9":"first","10":"pre-order","11":"taxable","12":"shipping-taxable","13":"purchasable","14":"product-type-simple"},"bundled_by":[],"bundle_stock_status":"pre-order","bundle_stock_quantity":null,"bundle_virtual":false,"bundle_layout":"","bundle_add_to_cart_form_location":"","bundle_editable_in_cart":false,"bundle_sold_individually_context":"","bundle_item_grouping":"","bundle_min_size":"","bundle_max_size":"","bundle_price":[],"bundled_items":[],"bundle_sell_ids":[],"acf":[],"_links":{"self":[{"href":"https:\/\/hi-techwonder.com\/es\/wp-json\/wp\/v2\/product\/73962","targetHints":{"allow":["GET"]}}],"collection":[{"href":"https:\/\/hi-techwonder.com\/es\/wp-json\/wp\/v2\/product"}],"about":[{"href":"https:\/\/hi-techwonder.com\/es\/wp-json\/wp\/v2\/types\/product"}],"replies":[{"embeddable":true,"href":"https:\/\/hi-techwonder.com\/es\/wp-json\/wp\/v2\/comments?post=73962"}],"wp:featuredmedia":[{"embeddable":true,"href":"https:\/\/hi-techwonder.com\/es\/wp-json\/wp\/v2\/media\/70527"}],"wp:attachment":[{"href":"https:\/\/hi-techwonder.com\/es\/wp-json\/wp\/v2\/media?parent=73962"}],"wp:term":[{"taxonomy":"product_brand","embeddable":true,"href":"https:\/\/hi-techwonder.com\/es\/wp-json\/wp\/v2\/product_brand?post=73962"},{"taxonomy":"product_cat","embeddable":true,"href":"https:\/\/hi-techwonder.com\/es\/wp-json\/wp\/v2\/product_cat?post=73962"},{"taxonomy":"product_tag","embeddable":true,"href":"https:\/\/hi-techwonder.com\/es\/wp-json\/wp\/v2\/product_tag?post=73962"}],"curies":[{"name":"wp","href":"https:\/\/api.w.org\/{rel}","templated":true}]}}