{"id":73964,"date":"2025-07-29T10:59:33","date_gmt":"2025-07-29T10:59:33","guid":{"rendered":"https:\/\/fv6qoy3ls0.wpdns.site\/product\/smallrig-2904b-soporte-de-monitor-ajustable-giratorio-e-inclinable\/"},"modified":"2025-12-30T18:12:40","modified_gmt":"2025-12-30T18:12:40","slug":"smallrig-2904b-soporte-de-monitor-ajustable-giratorio-e-inclinable","status":"publish","type":"product","link":"https:\/\/hi-techwonder.com\/es\/producto\/smallrig-2904b-soporte-de-monitor-ajustable-giratorio-e-inclinable\/","title":{"rendered":"SMALLRIG 2904B Soporte de monitor ajustable giratorio e inclinable"},"content":{"rendered":"<p><strong>Descripci\u00f3n general de SmallRig 2904B<\/strong><\/p>\n<p>El soporte giratorio de inclinaci\u00f3n ajustable para monitor SmallRig se conecta al armaz\u00f3n de la c\u00e1mara o al equipo mediante dos tornillos de 1\/4&#8243;-20. Compatible con un monitor integrado que pesa hasta 3.3 lb, este soporte gira 360\u00b0 y se inclina 170\u00b0, lo que le permite colocar su monitor en el mejor \u00e1ngulo de visi\u00f3n. <\/p>\n<p>Construido de aluminio duradero, el soporte cuenta con acolchado de goma protector en la parte superior e incluye dos llaves Allen para apretar el soporte.<\/p>\n<p><strong>Compatibilidad<\/strong><\/p>\n<ul>\n<li>Serie SmallHD FOCUS<\/li>\n<li>Serie SmallHD FOCUS OLED<\/li>\n<li>Serie SmallHD UltraBright<\/li>\n<li>SmallHD Series 500 y 700<\/li>\n<li>Serie Atomos Ninja<\/li>\n<li>Llama de Shogun de Atoms<\/li>\n<li>Blackmagic Video Assist 5&#8243;<\/li>\n<li>Blackmagic Video Assist 4K 7&#8243;<\/li>\n<li>Otros monitores y accesorios con rosca de 1\/4&#8243;-20 que pesen menos de 1,5 Kg<\/li>\n<\/ul>\n<p><strong>Especificaciones de SmallRig 2904B<\/strong><\/p>\n<p><strong>Generalmente<\/strong><\/p>\n<p>Tama\u00f1o del monitor compatible con monitores de 5 y 7&#8243;<\/p>\n<p>Rango de inclinaci\u00f3n 170\u00b0<\/p>\n<p>Rango de giro 360\u00b0<\/p>\n<p><strong>F\u00edsico<\/strong><\/p>\n<p>Montaje de 2 tornillos de 1\/4&#8243;-20<\/p>\n<p>Capacidad de carga 3.3 lb \/ 1.5 kg<\/p>\n<p>Material de construcci\u00f3n Aluminio, acero inoxidable<\/p>\n<p>Dimensiones 1,7 x 1,6 x 1,2&#8243; \/ 42 x 39,8 x 30 mm<\/p>\n<p>Peso 2.4 oz \/ 69 g<\/p>\n","protected":false},"excerpt":{"rendered":"<p>Descripci\u00f3n general de SmallRig 2904B El soporte giratorio de inclinaci\u00f3n ajustable para monitor SmallRig se conecta al armaz\u00f3n de la<\/p>\n","protected":false},"featured_media":70510,"comment_status":"closed","ping_status":"open","template":"","meta":{"_acf_changed":false},"product_brand":[2550],"product_cat":[1117],"product_tag":[],"class_list":{"0":"post-73964","1":"product","2":"type-product","3":"status-publish","4":"has-post-thumbnail","6":"product_brand-smallrig-es","7":"product_cat-monitores-grabadores","9":"first","10":"instock","11":"taxable","12":"shipping-taxable","13":"purchasable","14":"product-type-simple"},"bundled_by":[],"bundle_stock_status":"instock","bundle_stock_quantity":1,"bundle_virtual":false,"bundle_layout":"","bundle_add_to_cart_form_location":"","bundle_editable_in_cart":false,"bundle_sold_individually_context":"","bundle_item_grouping":"","bundle_min_size":"","bundle_max_size":"","bundle_price":[],"bundled_items":[],"bundle_sell_ids":[],"acf":[],"_links":{"self":[{"href":"https:\/\/hi-techwonder.com\/es\/wp-json\/wp\/v2\/product\/73964","targetHints":{"allow":["GET"]}}],"collection":[{"href":"https:\/\/hi-techwonder.com\/es\/wp-json\/wp\/v2\/product"}],"about":[{"href":"https:\/\/hi-techwonder.com\/es\/wp-json\/wp\/v2\/types\/product"}],"replies":[{"embeddable":true,"href":"https:\/\/hi-techwonder.com\/es\/wp-json\/wp\/v2\/comments?post=73964"}],"wp:featuredmedia":[{"embeddable":true,"href":"https:\/\/hi-techwonder.com\/es\/wp-json\/wp\/v2\/media\/70510"}],"wp:attachment":[{"href":"https:\/\/hi-techwonder.com\/es\/wp-json\/wp\/v2\/media?parent=73964"}],"wp:term":[{"taxonomy":"product_brand","embeddable":true,"href":"https:\/\/hi-techwonder.com\/es\/wp-json\/wp\/v2\/product_brand?post=73964"},{"taxonomy":"product_cat","embeddable":true,"href":"https:\/\/hi-techwonder.com\/es\/wp-json\/wp\/v2\/product_cat?post=73964"},{"taxonomy":"product_tag","embeddable":true,"href":"https:\/\/hi-techwonder.com\/es\/wp-json\/wp\/v2\/product_tag?post=73964"}],"curies":[{"name":"wp","href":"https:\/\/api.w.org\/{rel}","templated":true}]}}