{"id":73965,"date":"2025-07-29T10:22:53","date_gmt":"2025-07-29T10:22:53","guid":{"rendered":"https:\/\/fv6qoy3ls0.wpdns.site\/product\/smallrig-2948-rotulas-para-zapata-de-flash-pack-2\/"},"modified":"2026-02-04T10:50:51","modified_gmt":"2026-02-04T10:50:51","slug":"smallrig-2948-rotulas-para-zapata-de-flash-pack-2","status":"publish","type":"product","link":"https:\/\/hi-techwonder.com\/es\/producto\/smallrig-2948-rotulas-para-zapata-de-flash-pack-2\/","title":{"rendered":"SMALLRIG 2948 R\u00f3tulas para zapata de flash (Pack 2)"},"content":{"rendered":"<p><strong>Cabeza de bola SmallRig con soporte de zapata extra\u00edble para flash (dos unidades) 2948<\/strong><\/p>\n<p><strong>Descripci\u00f3n:<\/strong><\/p>\n<p>La r\u00f3tula esf\u00e9rica con soporte extra\u00edble para montaje en zapata fr\u00eda (dos piezas) 2948 fue dise\u00f1ada para conectar accesorios de video a la c\u00e1mara, como micr\u00f3fonos, luces LED, monitores, c\u00e1maras de acci\u00f3n, etc.<\/p>\n<p>Se puede montar en la zapata de la c\u00e1mara o en la zapata fr\u00eda del armaz\u00f3n o manija a trav\u00e9s de la zapata fr\u00eda inferior, con un tornillo de 1\/4&#8243;-20 en la parte superior para sujetar los accesorios, y luego bloquearse con un bot\u00f3n. Gracias a la r\u00f3tula esf\u00e9rica, la panor\u00e1mica es de 360\u00b0 y la inclinaci\u00f3n es de 135\u00b0; Tiene una capacidad de carga de 1,5 kg. &nbsp;<\/p>\n<p>La placa de bloqueo inferior tiene ranuras incorporadas que le permiten asegurar con una llave Allen para garantizar la seguridad. La r\u00f3tula esf\u00e9rica tiene una rosca hembra de 1\/4&#8243;-20 en la parte inferior que permite colocar un mini tr\u00edpode despu\u00e9s de quitar el adaptador de zapata fr\u00eda. <\/p>\n<p>La r\u00f3tula esf\u00e9rica es compacta, ligera y f\u00e1cil de transportar.<\/p>\n<p><strong>Especificaciones t\u00e9cnicas:<\/strong><\/p>\n<p>Dimensiones del producto: 49 x 33 x 25 mm<\/p>\n<p>&nbsp;Dimensiones del paquete: 105 x 95 x 30 mm<\/p>\n<p>&nbsp;Peso neto: 90g<\/p>\n<p>&nbsp;Peso del paquete: 118g<\/p>\n<p>&nbsp;Material: aleaci\u00f3n de aluminio<\/p>\n<p><strong>El paquete incluye:<\/strong><\/p>\n<p><span style=\"font-size: 14px; background-color: #ffffff;\">2 x R\u00f3tula esf\u00e9rica<\/span><\/p>\n","protected":false},"excerpt":{"rendered":"<p>Cabeza de bola SmallRig con soporte de zapata extra\u00edble para flash (dos unidades) 2948 Descripci\u00f3n: La r\u00f3tula esf\u00e9rica con soporte<\/p>\n","protected":false},"featured_media":62447,"comment_status":"closed","ping_status":"open","template":"","meta":{"_acf_changed":false},"product_brand":[2550],"product_cat":[1075],"product_tag":[],"class_list":{"0":"post-73965","1":"product","2":"type-product","3":"status-publish","4":"has-post-thumbnail","6":"product_brand-smallrig-es","7":"product_cat-bola","9":"first","10":"onbackorder","11":"taxable","12":"shipping-taxable","13":"purchasable","14":"product-type-simple"},"bundled_by":[],"bundle_stock_status":"onbackorder","bundle_stock_quantity":null,"bundle_virtual":false,"bundle_layout":"","bundle_add_to_cart_form_location":"","bundle_editable_in_cart":false,"bundle_sold_individually_context":"","bundle_item_grouping":"","bundle_min_size":"","bundle_max_size":"","bundle_price":[],"bundled_items":[],"bundle_sell_ids":[],"acf":[],"_links":{"self":[{"href":"https:\/\/hi-techwonder.com\/es\/wp-json\/wp\/v2\/product\/73965","targetHints":{"allow":["GET"]}}],"collection":[{"href":"https:\/\/hi-techwonder.com\/es\/wp-json\/wp\/v2\/product"}],"about":[{"href":"https:\/\/hi-techwonder.com\/es\/wp-json\/wp\/v2\/types\/product"}],"replies":[{"embeddable":true,"href":"https:\/\/hi-techwonder.com\/es\/wp-json\/wp\/v2\/comments?post=73965"}],"wp:featuredmedia":[{"embeddable":true,"href":"https:\/\/hi-techwonder.com\/es\/wp-json\/wp\/v2\/media\/62447"}],"wp:attachment":[{"href":"https:\/\/hi-techwonder.com\/es\/wp-json\/wp\/v2\/media?parent=73965"}],"wp:term":[{"taxonomy":"product_brand","embeddable":true,"href":"https:\/\/hi-techwonder.com\/es\/wp-json\/wp\/v2\/product_brand?post=73965"},{"taxonomy":"product_cat","embeddable":true,"href":"https:\/\/hi-techwonder.com\/es\/wp-json\/wp\/v2\/product_cat?post=73965"},{"taxonomy":"product_tag","embeddable":true,"href":"https:\/\/hi-techwonder.com\/es\/wp-json\/wp\/v2\/product_tag?post=73965"}],"curies":[{"name":"wp","href":"https:\/\/api.w.org\/{rel}","templated":true}]}}