{"id":73966,"date":"2025-07-29T10:50:38","date_gmt":"2025-07-29T10:50:38","guid":{"rendered":"https:\/\/fv6qoy3ls0.wpdns.site\/product\/smallrig-2837b-hombrera-pro\/"},"modified":"2025-07-29T10:50:38","modified_gmt":"2025-07-29T10:50:38","slug":"smallrig-2837b-hombrera-pro","status":"publish","type":"product","link":"https:\/\/hi-techwonder.com\/es\/producto\/smallrig-2837b-hombrera-pro\/","title":{"rendered":"SMALLRIG 2837B Hombrera Pro"},"content":{"rendered":"<p><strong>SMALLRIG 2837B Hombrera Pro &#8211; Soporte Profesional para Hombros<\/strong><\/p>\n<p>Usa la almohadilla para hombros Pro de SmallRig para cambiar r\u00e1pidamente entre sostener tu c\u00e1mara de cine y montarla en una placa adaptadora de tr\u00edpode VCT-14 disponible por separado. El Shoulder Pad Pro cuenta con una placa base de aluminio duradera y una c\u00f3moda almohadilla de silicona integrada que le permite sostener su c\u00e1mara durante per\u00edodos prolongados. <\/p>\n<p>Las caracter\u00edsticas de la placa base incluyen portaca\u00f1as LWS delantero y trasero de 15 mm, rosetas estilo ARRI en ambos lados y m\u00faltiples roscas de accesorios de 1\/4&#8243;-20. La parte inferior de la placa cuenta con una cu\u00f1a estilo V-lock VCT-14 para montar en una placa VCT opcional. <\/p>\n<p>La placa Manfrotto 501 incluida presenta marcas de medici\u00f3n y se desliza hacia adelante y hacia atr\u00e1s en una banda de 8 cm para equilibrar su c\u00e1mara en su hombro o equipo. La abrazadera de varilla frontal de 15 mm se puede ajustar verticalmente 2 cm para garantizar la altura de varilla de 15 mm adecuada para ciertas c\u00e1maras de cine. La placa Manfrotto tiene tornillos de montaje de c\u00e1mara de 1\/4&#8243;-20 y 3\/8&#8243;-16, y una llave plana que se encuentra debajo de la placa base sostiene los tornillos de la c\u00e1mara.  <\/p>\n<h2 class=\"western\" style=\"font-style: normal; font-weight: normal;\"><strong><span style=\"font-family: OpenSans, Segoe UI, Helvetica, Roboto, Arial, sans-serif;\"><span style=\"font-size: medium;\">Especificaciones de SmallRig 2837<\/span><\/span><\/strong><\/h2>\n<table border=\"0\" width=\"642\" cellspacing=\"0\" cellpadding=\"2\">\n<colgroup>\n<col width=\"105\">\n<col width=\"529\"> <\/colgroup>\n<tbody>\n<tr>\n<td width=\"105\">\n<p style=\"border: none; padding: 0cm; font-weight: normal;\" align=\"LEFT\">Tipo de soporte<\/p>\n<\/td>\n<td width=\"529\">\n<p style=\"border: none; padding: 0cm; font-weight: normal;\">Placa base, sistema de soporte de varilla, soporte para hombros<\/p>\n<\/td>\n<\/tr>\n<tr>\n<td width=\"105\">\n<p style=\"border: none; padding: 0cm; font-weight: normal;\" align=\"LEFT\">Tipo de agarre<\/p>\n<\/td>\n<td width=\"529\">\n<p style=\"border: none; padding: 0cm; font-weight: normal;\"><em>Ninguno<\/em><\/p>\n<\/td>\n<\/tr>\n<tr>\n<td width=\"105\">\n<p style=\"border: none; padding: 0cm; font-weight: normal;\" align=\"LEFT\">Compatibilidad de la c\u00e1mara<\/p>\n<\/td>\n<td width=\"529\">\n<p style=\"border: none; padding: 0cm; font-weight: normal;\">Blackmagic Pocket Cinema Camera 4K, Blackmagic Pocket Cinema Camera 6K, Blackmagic URSA Mini, Canon EOS C100, Canon EOS C200, Canon EOS C300 \/ C500, Panasonic AU-EVA1, RED KOMODO, Sony PXW-FS5, Sony PXW-FS7, Sony PXW-FS7 Mark II, Sony PXW-FX9, Universal<\/p>\n<\/td>\n<\/tr>\n<\/tbody>\n<\/table>\n<p style=\"margin-bottom: 0cm; border-top: none; border-bottom: 1.00pt solid #cdcdcd; border-left: none; border-right: none; font-style: normal; font-weight: normal; line-height: 200%; widows: 2; orphans: 2; padding: 0cm 0cm 0.05cm 0cm;\"><strong> <span style=\"font-family: OpenSans, Segoe UI, Helvetica, Roboto, Arial, sans-serif;\"><span style=\"font-size: medium;\">Montura<\/span><\/span><\/strong><\/p>\n<table border=\"0\" width=\"501\" cellspacing=\"0\" cellpadding=\"2\">\n<colgroup>\n<col width=\"136\">\n<col width=\"357\"> <\/colgroup>\n<tbody>\n<tr>\n<td width=\"136\">\n<p style=\"border: none; padding: 0cm; font-weight: normal;\" align=\"LEFT\">Est\u00e1ndar de varilla<\/p>\n<\/td>\n<td width=\"357\">\n<p style=\"border: none; padding: 0cm; font-weight: normal;\">15 mm LWS \/ 60 mm Espaciado<\/p>\n<\/td>\n<\/tr>\n<tr>\n<td width=\"136\">\n<p style=\"border: none; padding: 0cm; font-weight: normal;\" align=\"LEFT\">Tipo de placa de bater\u00eda<\/p>\n<\/td>\n<td width=\"357\">\n<p style=\"border: none; padding: 0cm; font-weight: normal;\"><em>Ninguno<\/em><\/p>\n<\/td>\n<\/tr>\n<tr>\n<td width=\"136\">\n<p style=\"border: none; padding: 0cm; font-weight: normal;\" align=\"LEFT\">Montaje de accesorios<\/p>\n<\/td>\n<td width=\"357\">\n<p style=\"border: none; padding: 0cm; font-weight: normal;\"><strong>Placa base: <\/strong>M\u00faltiple x 1\/4&#8243;-20 Rosca<\/p>\n<\/td>\n<\/tr>\n<tr>\n<td width=\"136\">\n<p style=\"border: none; padding: 0cm; font-weight: normal;\" align=\"LEFT\">Montaje de c\u00e1mara<\/p>\n<\/td>\n<td width=\"357\">\n<p style=\"border: none; padding: 0cm; font-weight: normal;\">Manfrotto 501 Placa con tornillo de 1\/4&#8243;-20, tornillo de 3\/8&#8243;-16<\/p>\n<\/td>\n<\/tr>\n<tr>\n<td width=\"136\">\n<p style=\"border: none; padding: 0cm; font-weight: normal;\" align=\"LEFT\">Montaje en tr\u00edpode<\/p>\n<\/td>\n<td width=\"357\">\n<p style=\"border: none; padding: 0cm; font-weight: normal;\"><strong>Placa base: <\/strong>V-Lock, VCT-14<\/p>\n<\/td>\n<\/tr>\n<tr>\n<td width=\"136\">\n<p style=\"border: none; padding: 0cm; font-weight: normal;\" align=\"LEFT\">Puertos de varilla<\/p>\n<\/td>\n<td width=\"357\">\n<p style=\"border: none; padding: 0cm; font-weight: normal;\"><strong>Placa base, delantera: <\/strong>2 x 15 mm Puerto de varilla<br \/><strong>Placa base, trasera: <\/strong>2 x 15 mm Puerto de varilla<\/p>\n<\/td>\n<\/tr>\n<tr>\n<td width=\"136\">\n<p style=\"border: none; padding: 0cm; font-weight: normal;\" align=\"LEFT\">Montaje de zapatas<\/p>\n<\/td>\n<td width=\"357\">\n<p style=\"border: none; padding: 0cm; font-weight: normal;\"><em>Ninguno<\/em><\/p>\n<\/td>\n<\/tr>\n<tr>\n<td width=\"136\">\n<p style=\"border: none; padding: 0cm; font-weight: normal;\" align=\"LEFT\">Rosetones<\/p>\n<\/td>\n<td width=\"357\">\n<p style=\"border: none; padding: 0cm; font-weight: normal;\">2 x Roseta ARRI con rosca M6<\/p>\n<\/td>\n<\/tr>\n<\/tbody>\n<\/table>\n<p style=\"margin-bottom: 0cm; border-top: none; border-bottom: 1.00pt solid #cdcdcd; border-left: none; border-right: none; font-style: normal; font-weight: normal; line-height: 200%; widows: 2; orphans: 2; padding: 0cm 0cm 0.05cm 0cm;\"><strong> <span style=\"font-family: OpenSans, Segoe UI, Helvetica, Roboto, Arial, sans-serif;\"><span style=\"font-size: medium;\">General<\/span><\/span><\/strong><\/p>\n<table border=\"0\" width=\"316\" cellspacing=\"0\" cellpadding=\"2\">\n<colgroup>\n<col width=\"86\">\n<col width=\"222\"> <\/colgroup>\n<tbody>\n<tr>\n<td width=\"86\">\n<p style=\"border: none; padding: 0cm; font-weight: normal;\" align=\"LEFT\">Construcci\u00f3n<\/p>\n<\/td>\n<td width=\"222\">\n<p style=\"border: none; padding: 0cm; font-weight: normal;\">Aluminio, Silicona<\/p>\n<\/td>\n<\/tr>\n<tr>\n<td width=\"86\">\n<p style=\"border: none; padding: 0cm; font-weight: normal;\" align=\"LEFT\">Dimensiones<\/p>\n<\/td>\n<td width=\"222\">\n<p style=\"border: none; padding: 0cm; font-weight: normal;\">9,9 x 3,9 x 2&#8243; \/ 25,1 x 9,8 x 5,1 cm<\/p>\n<\/td>\n<\/tr>\n<tr>\n<td width=\"86\">\n<p style=\"border: none; padding: 0cm; font-weight: normal;\" align=\"LEFT\">Peso<\/p>\n<\/td>\n<td width=\"222\">\n<p style=\"border: none; padding: 0cm; font-weight: normal;\">1,6 libras \/ 740 g<\/p>\n<\/td>\n<\/tr>\n<\/tbody>\n<\/table>\n","protected":false},"excerpt":{"rendered":"<p>SMALLRIG 2837B Hombrera Pro &#8211; Soporte Profesional para Hombros Usa la almohadilla para hombros Pro de SmallRig para cambiar r\u00e1pidamente<\/p>\n","protected":false},"featured_media":68316,"comment_status":"closed","ping_status":"open","template":"","meta":{"_acf_changed":false},"product_brand":[2550],"product_cat":[1100],"product_tag":[],"class_list":{"0":"post-73966","1":"product","2":"type-product","3":"status-publish","4":"has-post-thumbnail","6":"product_brand-smallrig-es","7":"product_cat-soportes-de-hombro","9":"first","10":"onbackorder","11":"taxable","12":"shipping-taxable","13":"purchasable","14":"product-type-simple"},"bundled_by":[],"bundle_stock_status":"onbackorder","bundle_stock_quantity":0,"bundle_virtual":false,"bundle_layout":"","bundle_add_to_cart_form_location":"","bundle_editable_in_cart":false,"bundle_sold_individually_context":"","bundle_item_grouping":"","bundle_min_size":"","bundle_max_size":"","bundle_price":[],"bundled_items":[],"bundle_sell_ids":[],"acf":[],"_links":{"self":[{"href":"https:\/\/hi-techwonder.com\/es\/wp-json\/wp\/v2\/product\/73966","targetHints":{"allow":["GET"]}}],"collection":[{"href":"https:\/\/hi-techwonder.com\/es\/wp-json\/wp\/v2\/product"}],"about":[{"href":"https:\/\/hi-techwonder.com\/es\/wp-json\/wp\/v2\/types\/product"}],"replies":[{"embeddable":true,"href":"https:\/\/hi-techwonder.com\/es\/wp-json\/wp\/v2\/comments?post=73966"}],"wp:featuredmedia":[{"embeddable":true,"href":"https:\/\/hi-techwonder.com\/es\/wp-json\/wp\/v2\/media\/68316"}],"wp:attachment":[{"href":"https:\/\/hi-techwonder.com\/es\/wp-json\/wp\/v2\/media?parent=73966"}],"wp:term":[{"taxonomy":"product_brand","embeddable":true,"href":"https:\/\/hi-techwonder.com\/es\/wp-json\/wp\/v2\/product_brand?post=73966"},{"taxonomy":"product_cat","embeddable":true,"href":"https:\/\/hi-techwonder.com\/es\/wp-json\/wp\/v2\/product_cat?post=73966"},{"taxonomy":"product_tag","embeddable":true,"href":"https:\/\/hi-techwonder.com\/es\/wp-json\/wp\/v2\/product_tag?post=73966"}],"curies":[{"name":"wp","href":"https:\/\/api.w.org\/{rel}","templated":true}]}}