{"id":73967,"date":"2025-07-28T23:33:05","date_gmt":"2025-07-28T23:33:05","guid":{"rendered":"https:\/\/fv6qoy3ls0.wpdns.site\/product\/smallrig-2921-dc5521-np-fw50-cable-de-carga-de-bateria-ficticia\/"},"modified":"2026-03-24T00:33:10","modified_gmt":"2026-03-24T00:33:10","slug":"smallrig-2921-dc5521-np-fw50-cable-de-carga-de-bateria-ficticia","status":"publish","type":"product","link":"https:\/\/hi-techwonder.com\/es\/producto\/smallrig-2921-dc5521-np-fw50-cable-de-carga-de-bateria-ficticia\/","title":{"rendered":"SMALLRIG 2921 DC5521 NP-FW50 Cable de carga de bater\u00eda ficticia"},"content":{"rendered":"<p>Alimenta tu c\u00e1mara o dispositivo que utiliza una bater\u00eda NP-FW50 con este cable de alimentaci\u00f3n de 2.1mm DC Barrel a SmallRig NP-FW50 Dummy Battery.<\/p>\n<p><strong>Caracter\u00edsticas principales:<\/strong><\/p>\n<p>1. Se conecta a la placa de bater\u00eda SmallRig NP-F<\/p>\n<p>2. Conector macho de alimentaci\u00f3n de CC de 5,5 \/ 2,1 mm para bater\u00eda ficticia FW50<\/p>\n<p>3. Para determinadas c\u00e1maras sin espejo de las series Sony A5\/A6\/A7<\/p>\n<p>4. Cable de 60 cm de largo<\/p>\n<p>El cable de carga de bater\u00eda ficticia SmallRig DC5521 a NP-FW50 2921 es compatible con ciertas c\u00e1maras de la serie Sony A5\/A6\/A7 dise\u00f1adas para su uso con la placa de bater\u00eda SmallRig NP-F EB2504. Se conecta a la c\u00e1mara alimentada por bater\u00eda FW50 en un extremo y se conecta a la placa de la bater\u00eda a trav\u00e9s del conector macho de CC de 5,5\/2,1 mm. La longitud total es de 60 cm.  <\/p>\n<p>NOTA: Conecte el cable a la salida de 7,4 V de la placa de la bater\u00eda.<\/p>\n<p><strong>Compatibilidad:<\/strong><\/p>\n<ul>\n<li>Placa de bater\u00eda SmallRig NP-F 2504<\/li>\n<li>C\u00e1maras NP-FW50 alimentadas por bater\u00eda, como las c\u00e1maras de la serie Sony A5 \/ A6 \/ A7<\/li>\n<\/ul>\n<p><strong>Dimensiones del producto:<\/strong> 600 x 32 x 18,5 mm<\/p>\n<p><strong>Peso neto:<\/strong> 29 g \u00b1 5 g<\/p>\n<p><strong>Material(es):<\/strong> ABS<\/p>\n","protected":false},"excerpt":{"rendered":"<p>Alimenta tu c\u00e1mara o dispositivo que utiliza una bater\u00eda NP-FW50 con este cable de alimentaci\u00f3n de 2.1mm DC Barrel a<\/p>\n","protected":false},"featured_media":23710,"comment_status":"closed","ping_status":"open","template":"","meta":{"_acf_changed":false},"product_brand":[2550],"product_cat":[874],"product_tag":[],"class_list":{"0":"post-73967","1":"product","2":"type-product","3":"status-publish","4":"has-post-thumbnail","6":"product_brand-smallrig-es","7":"product_cat-sony-cargadores","9":"first","10":"instock","11":"taxable","12":"shipping-taxable","13":"purchasable","14":"product-type-simple"},"bundled_by":[],"bundle_stock_status":"instock","bundle_stock_quantity":1,"bundle_virtual":false,"bundle_layout":"","bundle_add_to_cart_form_location":"","bundle_editable_in_cart":false,"bundle_sold_individually_context":"","bundle_item_grouping":"","bundle_min_size":"","bundle_max_size":"","bundle_price":[],"bundled_items":[],"bundle_sell_ids":[],"acf":[],"_links":{"self":[{"href":"https:\/\/hi-techwonder.com\/es\/wp-json\/wp\/v2\/product\/73967","targetHints":{"allow":["GET"]}}],"collection":[{"href":"https:\/\/hi-techwonder.com\/es\/wp-json\/wp\/v2\/product"}],"about":[{"href":"https:\/\/hi-techwonder.com\/es\/wp-json\/wp\/v2\/types\/product"}],"replies":[{"embeddable":true,"href":"https:\/\/hi-techwonder.com\/es\/wp-json\/wp\/v2\/comments?post=73967"}],"wp:featuredmedia":[{"embeddable":true,"href":"https:\/\/hi-techwonder.com\/es\/wp-json\/wp\/v2\/media\/23710"}],"wp:attachment":[{"href":"https:\/\/hi-techwonder.com\/es\/wp-json\/wp\/v2\/media?parent=73967"}],"wp:term":[{"taxonomy":"product_brand","embeddable":true,"href":"https:\/\/hi-techwonder.com\/es\/wp-json\/wp\/v2\/product_brand?post=73967"},{"taxonomy":"product_cat","embeddable":true,"href":"https:\/\/hi-techwonder.com\/es\/wp-json\/wp\/v2\/product_cat?post=73967"},{"taxonomy":"product_tag","embeddable":true,"href":"https:\/\/hi-techwonder.com\/es\/wp-json\/wp\/v2\/product_tag?post=73967"}],"curies":[{"name":"wp","href":"https:\/\/api.w.org\/{rel}","templated":true}]}}