{"id":73969,"date":"2025-07-28T23:32:14","date_gmt":"2025-07-28T23:32:14","guid":{"rendered":"https:\/\/fv6qoy3ls0.wpdns.site\/product\/smallrig-2920-dc5525-a-cable-de-carga-de-2-pines-con-bmpcc-4k-6k\/"},"modified":"2025-12-30T18:12:49","modified_gmt":"2025-12-30T18:12:49","slug":"smallrig-2920-dc5525-a-cable-de-carga-de-2-pines-con-bmpcc-4k-6k","status":"publish","type":"product","link":"https:\/\/hi-techwonder.com\/es\/producto\/smallrig-2920-dc5525-a-cable-de-carga-de-2-pines-con-bmpcc-4k-6k\/","title":{"rendered":"SMALLRIG 2920 DC5525 a cable de carga de 2 pines con BMPCC 4K\/6K"},"content":{"rendered":"<p><strong>Caracter\u00edsticas principales:<\/strong><\/p>\n<p>1. Para Blackmagic Design Pocket Cinema Camera 4K \/ 6K.<\/p>\n<p>2. Se conecta a la placa de bater\u00eda SmallRig NP-F.<\/p>\n<p>3. Conector DC5525 a LEMO de 2 pines.<\/p>\n<p>4. Cable de 40 cm de largo.<\/p>\n<p>El cable de carga SmallRig DC5525 a 2 pines para BMPCC 4K\/6K 2920 est\u00e1 dise\u00f1ado para su uso con la placa de bater\u00eda SmallRig NP-F EB2504. Se conecta a la BMPCC 4K\/6K en un extremo y se conecta a la placa de la bater\u00eda a trav\u00e9s del conector macho de CC de 5,5\/2,5 mm. La longitud total es de 40 cm.<\/p>\n<p><em>NOTA: Conecte el cable a la salida de 12 V en la placa de la bater\u00eda.<\/em><\/p>\n<p><strong>Compatibilidad:<\/strong><\/p>\n<p>Placa de bater\u00eda SmallRig NP-F 2504<\/p>\n<p>BMPCC 4K\/6K<\/p>\n<p><strong>El paquete incluye:<\/strong><\/p>\n<p>1 x cable de CC a 2 pines<\/p>\n<p><strong>Dimensiones del producto:<\/strong> 400 x 55 x 25 mm<\/p>\n<p><strong>Dimensiones del paquete:<\/strong> 106 x 99 x 34 mm<\/p>\n<p><strong>Peso neto:<\/strong> 17 g \u00b1 5 g<\/p>\n<p><strong>Peso del paquete:<\/strong> 45 g \u00b1 5 g<\/p>\n<p><strong>Material(es):<\/strong> ABS<\/p>\n","protected":false},"excerpt":{"rendered":"<p>Caracter\u00edsticas principales: 1. Para Blackmagic Design Pocket Cinema Camera 4K \/ 6K. 2. Se conecta a la placa de bater\u00eda<\/p>\n","protected":false},"featured_media":23502,"comment_status":"closed","ping_status":"closed","template":"","meta":{"_acf_changed":false},"product_brand":[2550],"product_cat":[876],"product_tag":[],"class_list":{"0":"post-73969","1":"product","2":"type-product","3":"status-publish","4":"has-post-thumbnail","6":"product_brand-smallrig-es","7":"product_cat-cables-adaptadores","9":"first","10":"instock","11":"taxable","12":"shipping-taxable","13":"purchasable","14":"product-type-simple"},"bundled_by":[],"bundle_stock_status":"instock","bundle_stock_quantity":1,"bundle_virtual":false,"bundle_layout":"","bundle_add_to_cart_form_location":"","bundle_editable_in_cart":false,"bundle_sold_individually_context":"","bundle_item_grouping":"","bundle_min_size":"","bundle_max_size":"","bundle_price":[],"bundled_items":[],"bundle_sell_ids":[],"acf":[],"_links":{"self":[{"href":"https:\/\/hi-techwonder.com\/es\/wp-json\/wp\/v2\/product\/73969","targetHints":{"allow":["GET"]}}],"collection":[{"href":"https:\/\/hi-techwonder.com\/es\/wp-json\/wp\/v2\/product"}],"about":[{"href":"https:\/\/hi-techwonder.com\/es\/wp-json\/wp\/v2\/types\/product"}],"replies":[{"embeddable":true,"href":"https:\/\/hi-techwonder.com\/es\/wp-json\/wp\/v2\/comments?post=73969"}],"wp:featuredmedia":[{"embeddable":true,"href":"https:\/\/hi-techwonder.com\/es\/wp-json\/wp\/v2\/media\/23502"}],"wp:attachment":[{"href":"https:\/\/hi-techwonder.com\/es\/wp-json\/wp\/v2\/media?parent=73969"}],"wp:term":[{"taxonomy":"product_brand","embeddable":true,"href":"https:\/\/hi-techwonder.com\/es\/wp-json\/wp\/v2\/product_brand?post=73969"},{"taxonomy":"product_cat","embeddable":true,"href":"https:\/\/hi-techwonder.com\/es\/wp-json\/wp\/v2\/product_cat?post=73969"},{"taxonomy":"product_tag","embeddable":true,"href":"https:\/\/hi-techwonder.com\/es\/wp-json\/wp\/v2\/product_tag?post=73969"}],"curies":[{"name":"wp","href":"https:\/\/api.w.org\/{rel}","templated":true}]}}