{"id":73971,"date":"2025-07-28T23:59:43","date_gmt":"2025-07-28T23:59:43","guid":{"rendered":"https:\/\/fv6qoy3ls0.wpdns.site\/product\/correa-para-el-hombro-de-la-camara-smallrig-psc2428-negro\/"},"modified":"2026-01-31T03:18:12","modified_gmt":"2026-01-31T03:18:12","slug":"smallrig-correa-para-el-hombro-de-la-camara-smallrig-psc2428-negro","status":"publish","type":"product","link":"https:\/\/hi-techwonder.com\/es\/producto\/smallrig-correa-para-el-hombro-de-la-camara-smallrig-psc2428-negro\/","title":{"rendered":"Correa para el hombro de la c\u00e1mara SMALLRIG PSC2428 (negro)"},"content":{"rendered":"<p><strong>PSC2428 Correa para el hombro de la c\u00e1mara SmallRig (negra)<\/strong><\/p>\n<p>Correa de hombro perfecta para c\u00e1maras DSLR, tambi\u00e9n se puede usar alrededor del cuello o cruzada.&nbsp;<\/p>\n<p>Longitud ajustable (m\u00e1ximo 160 cm, m\u00ednimo 110 cm).&nbsp;<\/p>\n<p>Una correa de nailon de doble capa y la espuma viscoel\u00e1stica dentro de la correa alivian la presi\u00f3n y hacen que el transporte sea m\u00e1s c\u00f3modo.<\/p>\n<p>Tiene conectores de conexi\u00f3n r\u00e1pida que le permiten colocar \/ quitar la correa de la c\u00e1mara r\u00e1pidamente.&nbsp;<\/p>\n<p>Una placa QR lo hace compatible con el tr\u00edpode Arca-Swiss y el tr\u00edpode Manfrotto\u00ae RC2.<\/p>\n<p><strong>Contenido del paquete:<\/strong><\/p>\n<p>1 x Correa de c\u00e1mara<\/p>\n<p>1 x Plato QR<\/p>\n<p>2 x Anillo dividido de correa de c\u00e1mara<\/p>\n<p>4 x conector Rapid Link<\/p>\n<p>1 x Llave hexagonal<\/p>\n","protected":false},"excerpt":{"rendered":"<p>PSC2428 Correa para el hombro de la c\u00e1mara SmallRig (negra) Correa de hombro perfecta para c\u00e1maras DSLR, tambi\u00e9n se puede<\/p>\n","protected":false},"featured_media":31300,"comment_status":"closed","ping_status":"closed","template":"","meta":{"_acf_changed":false},"product_brand":[2550],"product_cat":[903],"product_tag":[],"class_list":{"0":"post-73971","1":"product","2":"type-product","3":"status-publish","4":"has-post-thumbnail","6":"product_brand-smallrig-es","7":"product_cat-correas-y-tirantes","8":"pa_cor-negro","10":"first","11":"onbackorder","12":"taxable","13":"shipping-taxable","14":"purchasable","15":"product-type-simple"},"bundled_by":[],"bundle_stock_status":"onbackorder","bundle_stock_quantity":null,"bundle_virtual":false,"bundle_layout":"","bundle_add_to_cart_form_location":"","bundle_editable_in_cart":false,"bundle_sold_individually_context":"","bundle_item_grouping":"","bundle_min_size":"","bundle_max_size":"","bundle_price":[],"bundled_items":[],"bundle_sell_ids":[],"acf":[],"_links":{"self":[{"href":"https:\/\/hi-techwonder.com\/es\/wp-json\/wp\/v2\/product\/73971","targetHints":{"allow":["GET"]}}],"collection":[{"href":"https:\/\/hi-techwonder.com\/es\/wp-json\/wp\/v2\/product"}],"about":[{"href":"https:\/\/hi-techwonder.com\/es\/wp-json\/wp\/v2\/types\/product"}],"replies":[{"embeddable":true,"href":"https:\/\/hi-techwonder.com\/es\/wp-json\/wp\/v2\/comments?post=73971"}],"wp:featuredmedia":[{"embeddable":true,"href":"https:\/\/hi-techwonder.com\/es\/wp-json\/wp\/v2\/media\/31300"}],"wp:attachment":[{"href":"https:\/\/hi-techwonder.com\/es\/wp-json\/wp\/v2\/media?parent=73971"}],"wp:term":[{"taxonomy":"product_brand","embeddable":true,"href":"https:\/\/hi-techwonder.com\/es\/wp-json\/wp\/v2\/product_brand?post=73971"},{"taxonomy":"product_cat","embeddable":true,"href":"https:\/\/hi-techwonder.com\/es\/wp-json\/wp\/v2\/product_cat?post=73971"},{"taxonomy":"product_tag","embeddable":true,"href":"https:\/\/hi-techwonder.com\/es\/wp-json\/wp\/v2\/product_tag?post=73971"}],"curies":[{"name":"wp","href":"https:\/\/api.w.org\/{rel}","templated":true}]}}